{"id":981,"date":"2017-06-16T03:24:33","date_gmt":"2017-06-16T08:24:33","guid":{"rendered":"http:\/\/cecitech.com\/?post_type=product&#038;p=981"},"modified":"2023-05-09T08:51:12","modified_gmt":"2023-05-09T13:51:12","slug":"981","status":"publish","type":"product","link":"https:\/\/cecitech.com\/?product=981","title":{"rendered":"Thermom\u00e8tre M\u00e9dical Parlant"},"content":{"rendered":"<h1 class=\"mttl\">Aper\u00e7u<\/h1>\r\nThermom\u00e8tre m\u00e9dical en plastique muni d&rsquo;un \u00e9cran digital et d&rsquo;une synth\u00e8se vocale annon\u00e7ant la temp\u00e9rature (voix f\u00e9minine).\r\n<ul>\r\n \t<li>2 touches :\u00a0L&rsquo;une pour la mise en marche et l&rsquo;arr\u00eat, l&rsquo;autre pour la r\u00e9p\u00e9tition vocale de la temp\u00e9rature<\/li>\r\n \t<li>Sonde flexible permettant\u00a0une lecture plus commode et s\u00fbre<\/li>\r\n \t<li>Mise hors tension automatique apr\u00e8s 3 minutes<\/li>\r\n \t<li>M\u00e9moire de la derni\u00e8re temp\u00e9rature mesur\u00e9e<\/li>\r\n \t<li>Indicateur de pile faible<\/li>\r\n<\/ul>\r\n<h1 class=\"mttl\">Caract\u00e9ristiques et sp\u00e9cifications<\/h1>\r\n<ul>\r\n \t<li>Alimentation : 2 piles bouton type LR44 (ou AG13) fournies (non garanties)<\/li>\r\n \t<li>Taille en cm (HxLxP) : 3,5 x 12,5 x 1,5<\/li>\r\n<\/ul>","protected":false},"excerpt":{"rendered":"<h1>Thermom\u00e8tre m\u00e9dical parlant avec \u00e9cran digital.<\/h1>","protected":false},"featured_media":982,"comment_status":"open","ping_status":"closed","template":"","meta":[],"product_brand":[],"product_cat":[52],"product_tag":[],"class_list":{"0":"post-981","1":"product","2":"type-product","3":"status-publish","4":"has-post-thumbnail","6":"product_cat-vie-quotidienne","8":"first","9":"instock","10":"taxable","11":"shipping-taxable","12":"product-type-simple"},"_links":{"self":[{"href":"https:\/\/cecitech.com\/index.php?rest_route=\/wp\/v2\/product\/981","targetHints":{"allow":["GET"]}}],"collection":[{"href":"https:\/\/cecitech.com\/index.php?rest_route=\/wp\/v2\/product"}],"about":[{"href":"https:\/\/cecitech.com\/index.php?rest_route=\/wp\/v2\/types\/product"}],"replies":[{"embeddable":true,"href":"https:\/\/cecitech.com\/index.php?rest_route=%2Fwp%2Fv2%2Fcomments&post=981"}],"wp:featuredmedia":[{"embeddable":true,"href":"https:\/\/cecitech.com\/index.php?rest_route=\/wp\/v2\/media\/982"}],"wp:attachment":[{"href":"https:\/\/cecitech.com\/index.php?rest_route=%2Fwp%2Fv2%2Fmedia&parent=981"}],"wp:term":[{"taxonomy":"product_brand","embeddable":true,"href":"https:\/\/cecitech.com\/index.php?rest_route=%2Fwp%2Fv2%2Fproduct_brand&post=981"},{"taxonomy":"product_cat","embeddable":true,"href":"https:\/\/cecitech.com\/index.php?rest_route=%2Fwp%2Fv2%2Fproduct_cat&post=981"},{"taxonomy":"product_tag","embeddable":true,"href":"https:\/\/cecitech.com\/index.php?rest_route=%2Fwp%2Fv2%2Fproduct_tag&post=981"}],"curies":[{"name":"wp","href":"https:\/\/api.w.org\/{rel}","templated":true}]}}