{"id":958,"date":"2017-02-21T12:24:23","date_gmt":"2017-02-21T17:24:23","guid":{"rendered":"http:\/\/cecitech.com\/?post_type=product&#038;p=958"},"modified":"2023-04-01T07:10:26","modified_gmt":"2023-04-01T12:10:26","slug":"prodigi-connect-12-agrandisseur-numerique","status":"publish","type":"product","link":"https:\/\/cecitech.com\/?product=prodigi-connect-12-agrandisseur-numerique","title":{"rendered":"Prodigi Connect 12 agrandisseur num\u00e9rique"},"content":{"rendered":"<h3 class=\"mttl\">Aper\u00e7u<\/h3>\r\n<p class=\"ssttl\">MIEUX VOIR. FAIRE PLUS.<\/p>\r\n&nbsp;\r\n<p class=\"ssttl\">Un agrandisseur num\u00e9rique int\u00e9gr\u00e9 pour les classes branch\u00e9es!<\/p>\r\nProdigi Connect 12 est bien plus qu\u2019un puissant agrandisseur num\u00e9rique avec syst\u00e8me de visionnement \u00e0 distance. En \u00e9tant ouvert sur l\u2019univers d\u2019Android et son acc\u00e8s gratuit et libre \u00e0 plus d\u2019un million d\u2019applications, Connect est la solution id\u00e9ale pour les \u00e9tudiants de tous \u00e2ges.\r\n<p class=\"ssttl\">PORTRAIT G\u00c9N\u00c9RAL<\/p>\r\n<p class=\"ssttl\">du nouveau venu de la famille Prodigi<\/p>\r\nMieux branch\u00e9 et plus intelligent que tous les autres produits basse vision, le nouveau Prodigi Connect 12 marque l\u2019\u00e9volution de la ligne d\u2019agrandisseurs num\u00e9riques la plus avanc\u00e9e qui soit. Il est la solution id\u00e9ale pour les utilisateurs \u00e0 basse vision qui souhaitent grossir la taille de texte et d\u2019images tout en restant branch\u00e9s sur leur salle de cours.\r\n<p class=\"ssttl\">PRODIGI ET SON ABONDANCE DE FONCTIONNALIT\u00c9S<\/p>\r\n<p class=\"ssttl\">Intelligence et commodit\u00e9 en un outil puissant<\/p>\r\nOutre les avantages reconnus des autres appareils Prodigi, Connect apporte de nouvelles fonctionnalit\u00e9s qui en font un outil puissant pour les utilisateurs \u00e0 basse vision qu\u2019ils soient \u00e0 l\u2019\u00e9cole, au travail, sur la route ou \u00e0 la maison.\r\n<ul class=\"lst_product\">\r\n \t<li>Lisez en haute d\u00e9finition n\u2019importe quel texte \u00e0 partir du presse-papier gr\u00e2ce \u00e0 la technologie Diamond Edge<\/li>\r\n \t<li>Sauvegardez dans la Galerie des photos prises avec la cam\u00e9ra \u00e0 distance<\/li>\r\n \t<li>Nouvelle banni\u00e8re de boutons pour une utilisation plus facile et rapide<\/li>\r\n \t<li>Appuyez sur le bouton Accueil pour passer \u00e0 Android<\/li>\r\n \t<li>Notifications push automatiques pour vous aviser de nouvelles mises \u00e0 jour<\/li>\r\n \t<li>Agrandissement en temps r\u00e9el de 1x \u00e0 24x en format demi-page<\/li>\r\n \t<li>Texte haute d\u00e9finition Diamond Edge avec une vitesse extr\u00eame de capture et traitement<\/li>\r\n \t<li>3 modes de lecture efficaces : page, colonne et ligne<\/li>\r\n \t<li>Synth\u00e8se vocale des documents et menus<\/li>\r\n \t<li>Galerie pour documents sauvegard\u00e9s<\/li>\r\n \t<li>16 combinaisons de couleurs disponibles<\/li>\r\n<\/ul>\r\n<p class=\"ssttl\">PR\u00caT POUR CONNECT<\/p>\r\n&nbsp;\r\n<p class=\"ssttl\">Une nouvelle fa\u00e7on de voir le monde<\/p>\r\nProdigi Connect 12 contient tout ce qu\u2019il vous faut pour voir le monde en toute clart\u00e9 :\r\nTablette et support pliable, pr\u00e9assembl\u00e9s et install\u00e9s\r\nApplis pr\u00eats \u00e0 \u00eatre utilis\u00e9s : Dropbox, suite Google et bien plus!\r\nC\u00e2ble USB et chargeur international\r\nCompatible avec les claviers Bluetooth\r\n\u00c9tui de transport de type \u00ab ordinateur portable \u00bb avec plusieurs poches et une bandouli\u00e8re\r\n<p class=\"ssttl\">Dimensions g\u00e9n\u00e9rales (support et tablette)<\/p>\r\n\r\n<ul class=\"tbl_2col_wrap clearfix\">\r\n \t<li>Hauteur :<\/li>\r\n \t<li>8,0 po (203,9 mm)<\/li>\r\n \t<li>Largeur :<\/li>\r\n \t<li>11,6 po (295,6 mm)<\/li>\r\n \t<li>Profondeur :<\/li>\r\n \t<li>0,3 po (7,95 mm)<\/li>\r\n \t<li>Poids :<\/li>\r\n \t<li>1,7 lb (750 g)<\/li>\r\n<\/ul>\r\n<p class=\"ssttl\">Sp\u00e9cifications de la tablette<\/p>\r\n\r\n<ul class=\"tbl_2col_wrap clearfix\">\r\n \t<li>Affichage :<\/li>\r\n \t<li>12,2 po WQXGA (2560 x 1600) TFT LCD<\/li>\r\n \t<li>Processeur :<\/li>\r\n \t<li>Quad A15 1,9 GHz + Quad A7 1,3 GHz<\/li>\r\n \t<li>OS :<\/li>\r\n \t<li>Android Lollipop 5.0<\/li>\r\n \t<li>Cam\u00e9ra :<\/li>\r\n \t<li>8MP avec DEL Flash + 2MP (FHD)<\/li>\r\n \t<li>Connectivit\u00e9 :<\/li>\r\n \t<li>Wi-Fi (802.11 a\/b\/g\/n\/ac MIMO, HT80) , BT4.0, IrLED, GPS + GLONASS<\/li>\r\n \t<li>M\u00e9moire :<\/li>\r\n \t<li>32 GB (eMMC) + micro-SD jusqu\u2019\u00e0 64 GB, 3 GB RAM<\/li>\r\n \t<li>Wi-Fi :<\/li>\r\n \t<li>Wi-Fi 802.11 a\/b\/g\/n\/ac, double bande, Wi-Fi Direct, hotspot<\/li>\r\n \t<li>Bluetooth :<\/li>\r\n \t<li>v4.0<\/li>\r\n \t<li>GPS :<\/li>\r\n \t<li>Avec A-GPS, GLONASS<\/li>\r\n \t<li>USB :<\/li>\r\n \t<li>Micro-USB v3.0 (MHL sortie TV), H\u00f4te USB<\/li>\r\n \t<li>Senseurs :<\/li>\r\n \t<li>Acc\u00e9l\u00e9rom\u00e8tre, G\u00e9omagn\u00e9tique, Capteur gyroscopique, Capteur de lumi\u00e8re, Capteur \u00e0 effet Hall<\/li>\r\n \t<li>Prise casque :<\/li>\r\n \t<li>3,5 mm St\u00e9r\u00e9o<\/li>\r\n \t<li>Codec Audio :<\/li>\r\n \t<li>MP3, AAC\/AAC+\/eAAC+, WMA, AMR-NB\/WB, FLAC, Vorbis (OGG), WAV<\/li>\r\n \t<li>Codec Vid\u00e9o :<\/li>\r\n \t<li>H.263, H.264, MPEG4, VC-1, Sorenson Spark, MP43, WMV7\/8, VP8,Enregistrement et lecture : Full HD (1080p)<\/li>\r\n \t<li>Batterie :<\/li>\r\n \t<li>Batterie non-amovible de type Li-Ion 9500 mAh<\/li>\r\n<\/ul>\r\n<p class=\"ssttl\">Sp\u00e9cifications du support<\/p>\r\n\r\n<ul class=\"lst_product\">\r\n \t<li>Pliable, poign\u00e9e int\u00e9gr\u00e9e, hauteur et angle ajustables<\/li>\r\n \t<li>Taille : 41 cm X 31 cm X 6 cm<\/li>\r\n \t<li>Poids : 1.7 kg<\/li>\r\n<\/ul>\r\n<p class=\"ssttl\">Sp\u00e9cifications logicielles<\/p>\r\n\r\n<ul class=\"tbl_2col_wrap clearfix\">\r\n \t<li style=\"list-style-type: none;\">\r\n<ul class=\"tbl_2col_wrap clearfix\">\r\n \t<li>Modes d\u2019affichage :<\/li>\r\n \t<li>Temps r\u00e9el et Lecture<\/li>\r\n \t<li>Modes de lecture :<\/li>\r\n \t<li>Page, Colonne et Ligne<\/li>\r\n \t<li>Options de contrastes am\u00e9lior\u00e9s :<\/li>\r\n \t<li>Couleur, Positif, N\u00e9gatif, et Texte Haute Pr\u00e9cision<\/li>\r\n \t<li>Combinaisons de couleurs :<\/li>\r\n \t<li>Noir sur blanc \/ Blanc sur noir, Bleu sur blanc \/ Blanc sur bleu,Noir sur jaune \/ Jaune sur noir, Bleu sur jaune \/ Jaune sur bleu, Noir sur violet \/ Violet sur noir, Noir sur cyan \/ Cyan sur noir, Noir sur orange \/ Orange sur noir, Noir sur vert \/ Vert sur noir, Noir sur gris \/ Gris sur noir, Noir sur beige \/ Beige sur noir<\/li>\r\n \t<li>Formats d\u2019importation de fichiers :<\/li>\r\n \t<li>JPEG<\/li>\r\n \t<li>Formats d\u2019exportation de fichiers :<\/li>\r\n \t<li>JPEG<\/li>\r\n \t<li>Nombre de voix de synth\u00e8se vocale :<\/li>\r\n \t<li>Deux<\/li>\r\n \t<li>Reconnaissance de la langue par ROC :<\/li>\r\n \t<li>Anglais, fran\u00e7ais, allemand, italien, espagnol, portugais, n\u00e9erlandais, norv\u00e9gien, su\u00e9dois, finlandais, danois, polonais, russe.<\/li>\r\n \t<li>Correction maximum de l\u2019angle pour la ROC :<\/li>\r\n \t<li>15\u00b0 vers le haut \u2013 180\u00b0 vers le bas<\/li>\r\n \t<li>Rotation automatique du texte :<\/li>\r\n \t<li>Oui, pivote le texte plac\u00e9 \u00e0 90\u00b0 et 180\u00b0 sur la surface de capture d\u2019image<\/li>\r\n \t<li>Surface de capture d\u2019image :<\/li>\r\n \t<li>A4 ou 8.5\u201dx11\u201d (Lettre)<\/li>\r\n \t<li>Donne un nom aux images :<\/li>\r\n \t<li>Automatiquement<\/li>\r\n \t<li>Styles de police :<\/li>\r\n \t<li>Gras et normal<\/li>\r\n \t<li>Taille de police :<\/li>\r\n \t<li>Moyenne, Grande, Tr\u00e8s grande, Maximum<\/li>\r\n<\/ul>\r\n<\/li>\r\n<\/ul>\r\n&lt;\/\r\n<p class=\"ssttl\">Contenu de la bo\u00eete<\/p>\r\n\r\n<ul class=\"tbl_2col_wrap clearfix\">\r\n \t<li style=\"list-style-type: none;\">\r\n<ul class=\"tbl_2col_wrap clearfix\">\r\n \t<li>Tablette et chargeur pr\u00e9install\u00e9s et autoris\u00e9s<\/li>\r\n \t<li>Support pliable<\/li>\r\n \t<li>\u00c9tui de transport<\/li>\r\n \t<li>Guide d\u2019utilisation<\/li>\r\n \t<li>Guide de d\u00e9marrage<\/li>\r\n \t<li>Garantie<\/li>\r\n<\/ul>\r\n<\/li>\r\n<\/ul>","protected":false},"excerpt":{"rendered":"<ul class=\"lst_product\">\r\n \t<li>L\u00e9ger et tr\u00e8s portatif<\/li>\r\n \t<li>\u00c9cran tactile de 12,2\u2019\u2019 \u00e0 haute d\u00e9finition avec acc\u00e8s direct aux objets et documents affich\u00e9s<\/li>\r\n \t<li>Cam\u00e9ra sans fil puissante avec grossissement allant jusqu\u2019\u00e0 40x en HD et fonction de capture int\u00e9gr\u00e9e<\/li>\r\n \t<li>Pile \u00e0 longue dur\u00e9e de vie \u2013 jusqu\u2019\u00e0 12 heures d\u2019utilisation!<\/li>\r\n \t<li>Plateforme Android ouverte donnant acc\u00e8s \u00e0 1 500 000 applications et \u00e0 une synchronisation native avec l\u2019univers de Google<\/li>\r\n \t<li>Google Docs, Drive, Gmail, Google+, Hangouts, Chromes \u2013 tous pr\u00e9install\u00e9s<\/li>\r\n \t<li>Connectivit\u00e9 avec tableaux interactifs (Promethean, TeamViewer, VLC)<\/li>\r\n \t<li>Bookshare, BARD, Pyxyma et bien d\u2019autres fournisseurs de contenu<\/li>\r\n \t<li>Disponible dans les langues suivantes: Anglais, Arabe, Tch\u00e8que, Danois, N\u00e9erlandais, Finnois, Allemand, Italien, Japonais, Cor\u00e9en, Chinois, Norv\u00e9gien, Polonais, Portugais, Russe, Espagnol, Su\u00e9dois<\/li>\r\n<\/ul>","protected":false},"featured_media":962,"comment_status":"closed","ping_status":"closed","template":"","meta":[],"product_brand":[],"product_cat":[33,38],"product_tag":[],"class_list":{"0":"post-958","1":"product","2":"type-product","3":"status-publish","4":"has-post-thumbnail","6":"product_cat-basse-vision","7":"product_cat-teleagrandisseurs","9":"first","10":"instock","11":"taxable","12":"shipping-taxable","13":"product-type-simple"},"_links":{"self":[{"href":"https:\/\/cecitech.com\/index.php?rest_route=\/wp\/v2\/product\/958","targetHints":{"allow":["GET"]}}],"collection":[{"href":"https:\/\/cecitech.com\/index.php?rest_route=\/wp\/v2\/product"}],"about":[{"href":"https:\/\/cecitech.com\/index.php?rest_route=\/wp\/v2\/types\/product"}],"replies":[{"embeddable":true,"href":"https:\/\/cecitech.com\/index.php?rest_route=%2Fwp%2Fv2%2Fcomments&post=958"}],"wp:featuredmedia":[{"embeddable":true,"href":"https:\/\/cecitech.com\/index.php?rest_route=\/wp\/v2\/media\/962"}],"wp:attachment":[{"href":"https:\/\/cecitech.com\/index.php?rest_route=%2Fwp%2Fv2%2Fmedia&parent=958"}],"wp:term":[{"taxonomy":"product_brand","embeddable":true,"href":"https:\/\/cecitech.com\/index.php?rest_route=%2Fwp%2Fv2%2Fproduct_brand&post=958"},{"taxonomy":"product_cat","embeddable":true,"href":"https:\/\/cecitech.com\/index.php?rest_route=%2Fwp%2Fv2%2Fproduct_cat&post=958"},{"taxonomy":"product_tag","embeddable":true,"href":"https:\/\/cecitech.com\/index.php?rest_route=%2Fwp%2Fv2%2Fproduct_tag&post=958"}],"curies":[{"name":"wp","href":"https:\/\/api.w.org\/{rel}","templated":true}]}}