{"id":951,"date":"2017-02-21T00:04:13","date_gmt":"2017-02-21T05:04:13","guid":{"rendered":"http:\/\/cecitech.com\/?post_type=product&#038;p=951"},"modified":"2025-12-01T09:21:49","modified_gmt":"2025-12-01T14:21:49","slug":"videoagrandisseur-smartview-360","status":"publish","type":"product","link":"https:\/\/cecitech.com\/?product=videoagrandisseur-smartview-360","title":{"rendered":"Vid\u00e9oagrandisseur SmartView 360"},"content":{"rendered":"<h3 class=\"mttl\">Aper\u00e7u<\/h3>\r\n<p class=\"ssttl\">Profitez d\u2019une vue \u00e0 360o du monde qui vous entoure<\/p>\r\nAvec sa cam\u00e9ra et son moniteur int\u00e9gr\u00e9s, SmartView 360 grossit les images pour vous permettre de tout voir plus clairement. La cam\u00e9ra se place facilement pour permettre de voir \u00e0 l\u2019autre bout d\u2019une pi\u00e8ce, d\u2019agrandir un texte et peut \u00e9galement servir de miroir grossissant.\r\n<p class=\"ssttl\">Mieux voir en un tour de main \u2026 tant pour les \u00e9tudiants que pour les a\u00een\u00e9s!<\/p>\r\nLe travail en classe, l\u2019\u00e9tude et les devoirs sont plus faciles gr\u00e2ce \u00e0 la puissance et la polyvalence de SmartView 360. Au tableau ou dans les livres, les \u00e9tudiants comme les \u00e9l\u00e8ves peuvent facilement d\u00e9placer la cam\u00e9ra pour mieux voir.\r\n\r\nSmartView 360 facilite beaucoup la vie de tous les jours pour les a\u00een\u00e9s. Il suffit d\u2019orienter la cam\u00e9ra pour lire des instructions importantes, un livre ou du courrier et \u00e9galement pour accomplir des t\u00e2ches quotidiennes comme se maquiller et se coiffer.\r\n\r\n\u00ab La cam\u00e9ra m\u2019aide \u00e0 voir ce qu\u2019\u00e9crit mon professeur au tableau. Ensuite, lorsque je veux lire mes notes, il me suffit de faire tourner la cam\u00e9ra vers le bas. C\u2019est vraiment tr\u00e8s simple! \u00bb\r\n<p class=\"ssttl\">Id\u00e9ale dans diff\u00e9rents environnements<\/p>\r\n<p class=\"ssttl\">\u00c0 l\u2019\u00e9cole<\/p>\r\n\r\n<ul class=\"lst_product\">\r\n \t<li>Pour lire au tableau<\/li>\r\n \t<li>Faire un exercice dans un livre<\/li>\r\n \t<li>Consulter des livres de r\u00e9f\u00e9rence<\/li>\r\n<\/ul>\r\n<p class=\"ssttl\">\u00c0 la maison<\/p>\r\n\r\n<ul class=\"lst_product\">\r\n \t<li>Pour se maquiller<\/li>\r\n \t<li>Lire des livres de recettes<\/li>\r\n \t<li>Lire les instructions sur les flacons de m\u00e9dicaments<\/li>\r\n \t<li>Lire le courrier<\/li>\r\n<\/ul>\r\n<p class=\"ssttl\">Au travail<\/p>\r\n\r\n<ul class=\"lst_product\">\r\n \t<li>Lire des documents<\/li>\r\n \t<li>Utiliser de petits outils<\/li>\r\n<\/ul>\r\n<p class=\"ssttl\">Une vue claire dans toutes les directions<\/p>\r\nLa cam\u00e9ra de SmartView 360 est facile \u00e0 tourner, orienter et mettre en position pour voir \u00e0 l\u2019avant du moniteur ou sur le c\u00f4t\u00e9. Lorsque la cam\u00e9ra est d\u00e9plac\u00e9e, les param\u00e8tres de la position sont automatiquement enregistr\u00e9s pour pouvoir \u00eatre rappel\u00e9s rapidement. Consultez le texte d\u2019un livre avec le contraste noir et blanc accentu\u00e9 ou regardez une pr\u00e9sentation au tableau ou sur un \u00e9cran, simplement en faisant tourner la cam\u00e9ra.\r\n<p class=\"ssttl\">Utilisation rapide et facile<\/p>\r\nUtilisez le contr\u00f4le du zoom pr\u00e9cis de la cam\u00e9ra pour r\u00e9gler le grossissement au palier pr\u00e9cis qui convient le mieux \u00e0 vos besoins. Il suffit d\u2019appuyer sur un bouton pour basculer entre le mode de visualisation en couleur au mode avec contraste. Appuyez sur le bouton \u00ab Find \u00bb (rechercher) pour un bref aper\u00e7u de ce que vous apercevez afin de trouver facilement ce que vous voulez agrandir.\r\n<p class=\"ssttl\">Convient \u00e0 tous les espaces de travail<\/p>\r\nSmartView 360 est tr\u00e8s compact et occupe une moins grande surface de bureau que deux feuilles de papier. Que vous placiez un document \u00e0 l\u2019avant du moniteur ou sur le c\u00f4t\u00e9, la cam\u00e9ra peut facilement \u00eatre d\u00e9plac\u00e9e pour visualiser plusieurs documents \u00e9tal\u00e9s sur votre espace de travail.\r\n\r\n\u00ab J\u2019adore SmartView car la cam\u00e9ra est tr\u00e8s maniable. Pour regarder de loin ou tout pr\u00e8s, il suffit de l\u2019orienter et de zoomer. \u00bb\r\n<p class=\"ssttl\">Images \u00e0 haute performance<\/p>\r\nUtilisez l\u2019un des 16 modes de contraste pour lire des livres et des revues. Vous pouvez aussi vous servir du mode couleur pour regarder des photos ou consulter des instructions sur des contenants et des emballages. Se maquiller et se coiffer devient vraiment facile \u00e0 l\u2019aide de l\u2019image agrandie en couleur du mode auto-vue.\r\n\r\n\u00ab Avec la cam\u00e9ra orientable la cuisine c\u2019est du g\u00e2teau ! Lorsque je veux passer de la lecture du livre de recettes \u00e0 la pr\u00e9paration des ingr\u00e9dients, je n\u2019ai qu\u2019\u00e0 faire tourner la cam\u00e9ra. C\u2019est tellement pratique. \u00bb\r\n<p class=\"ssttl\">Facile \u00e0 mettre en marche<\/p>\r\nSortez SmartView 360 de sa bo\u00eete ou de son \u00e9tui facultatif, brancher le cordon d\u2019alimentation et vous \u00eates pr\u00eat \u00e0 l\u2019utiliser.\r\n<h3 class=\"mttl\">Caract\u00e9ristiques et sp\u00e9cifications<\/h3>\r\n<p class=\"ssttl\">Caract\u00e9ristiques principales :<\/p>\r\n\r\n<ul class=\"lst_product\">\r\n \t<li>\u00e9cran LCD 19 po int\u00e9gr\u00e9<\/li>\r\n \t<li>3 modes de visualisation : bureau, \u00e0 distance et auto-vue<\/li>\r\n \t<li>panneau de contr\u00f4le simple pour toutes les fonctions<\/li>\r\n \t<li>cam\u00e9ra avec mise au point automatique et verrouillage de la mise au point<\/li>\r\n \t<li>Fonction de recherche<\/li>\r\n \t<li>Ligne et bandes<\/li>\r\n<\/ul>\r\n<p class=\"ssttl\">Grossissement<\/p>\r\n\r\n<ul class=\"lst_product\">\r\n \t<li>Bureau \u2013 2,6 x \u00e0 57 x<\/li>\r\n \t<li>Distance \u2013 0,6 x \u00e0 27 x<\/li>\r\n \t<li>Auto-vue \u2013 1 x \u00e0 4 x<\/li>\r\n \t<li>Champ de vision (grossissement minimum) : 138 x 85 mm<\/li>\r\n<\/ul>\r\n<p class=\"ssttl\">Alimentation<\/p>\r\n\r\n<ul class=\"lst_product\">\r\n \t<li>110-240 V c.a. 50 \u2013 60 Hz<\/li>\r\n<\/ul>\r\n<p class=\"ssttl\">Caract\u00e9ristiques physiques<\/p>\r\n\r\n<ul class=\"lst_product\">\r\n \t<li>Poids : 8 kg (18 lb)<\/li>\r\n \t<li>Taille : 41 x 25 x 55 cm (16,2 x 9,8 x 21,7 po)<\/li>\r\n<\/ul>\r\n<p class=\"ssttl\">Image<\/p>\r\n\r\n<ul class=\"lst_product\">\r\n \t<li>Mode couleur<\/li>\r\n \t<li>16 modes de r\u00e9glage du contraste<\/li>\r\n \t<li>Combinaisons positives et n\u00e9gatives<\/li>\r\n \t<li>Noir sur blanc<\/li>\r\n \t<li>Bleu sur blanc<\/li>\r\n \t<li>Bleu sur jaune<\/li>\r\n \t<li>Noir sur jaune<\/li>\r\n \t<li>Noir sur violet<\/li>\r\n \t<li>Noir sur bleu<\/li>\r\n \t<li>Noir sur orange<\/li>\r\n \t<li>Noir sur vert<\/li>\r\n \t<li>Ajustement int\u00e9gral pour les conditions d&rsquo;\u00e9clairage ambiant<\/li>\r\n<\/ul>\r\n<p class=\"ssttl\">Commandes<\/p>\r\n\r\n<ul class=\"lst_product\">\r\n \t<li>On\/Off<\/li>\r\n \t<li>Zoom<\/li>\r\n \t<li>Luminosit\u00e9<\/li>\r\n \t<li>Mode couleur<\/li>\r\n \t<li>Mode contraste accentu\u00e9<\/li>\r\n \t<li>Rechercher<\/li>\r\n \t<li>Ligne et bandes<\/li>\r\n \t<li>Verrouillage de la mise au point<\/li>\r\n<\/ul>","protected":false},"excerpt":{"rendered":"<h3>Vid\u00e9oagrandisseur SmartView 360<\/h3>\r\n<h5>Avec sa cam\u00e9ra et son moniteur int\u00e9gr\u00e9s, SmartView 360 grossit les images pour vous permettre de tout voir plus clairement. La cam\u00e9ra se place facilement pour permettre de voir \u00e0 l\u2019autre bout d\u2019une pi\u00e8ce, d\u2019agrandir un texte et peut \u00e9galement servir de miroir grossissant.<\/h5>","protected":false},"featured_media":957,"comment_status":"closed","ping_status":"closed","template":"","meta":[],"product_brand":[],"product_cat":[33,38],"product_tag":[],"class_list":{"0":"post-951","1":"product","2":"type-product","3":"status-publish","4":"has-post-thumbnail","6":"product_cat-basse-vision","7":"product_cat-teleagrandisseurs","9":"first","10":"instock","11":"taxable","12":"shipping-taxable","13":"product-type-simple"},"_links":{"self":[{"href":"https:\/\/cecitech.com\/index.php?rest_route=\/wp\/v2\/product\/951","targetHints":{"allow":["GET"]}}],"collection":[{"href":"https:\/\/cecitech.com\/index.php?rest_route=\/wp\/v2\/product"}],"about":[{"href":"https:\/\/cecitech.com\/index.php?rest_route=\/wp\/v2\/types\/product"}],"replies":[{"embeddable":true,"href":"https:\/\/cecitech.com\/index.php?rest_route=%2Fwp%2Fv2%2Fcomments&post=951"}],"wp:featuredmedia":[{"embeddable":true,"href":"https:\/\/cecitech.com\/index.php?rest_route=\/wp\/v2\/media\/957"}],"wp:attachment":[{"href":"https:\/\/cecitech.com\/index.php?rest_route=%2Fwp%2Fv2%2Fmedia&parent=951"}],"wp:term":[{"taxonomy":"product_brand","embeddable":true,"href":"https:\/\/cecitech.com\/index.php?rest_route=%2Fwp%2Fv2%2Fproduct_brand&post=951"},{"taxonomy":"product_cat","embeddable":true,"href":"https:\/\/cecitech.com\/index.php?rest_route=%2Fwp%2Fv2%2Fproduct_cat&post=951"},{"taxonomy":"product_tag","embeddable":true,"href":"https:\/\/cecitech.com\/index.php?rest_route=%2Fwp%2Fv2%2Fproduct_tag&post=951"}],"curies":[{"name":"wp","href":"https:\/\/api.w.org\/{rel}","templated":true}]}}