{"id":933,"date":"2017-02-20T23:42:50","date_gmt":"2017-02-21T04:42:50","guid":{"rendered":"http:\/\/cecitech.com\/?post_type=product&#038;p=933"},"modified":"2023-05-17T07:43:12","modified_gmt":"2023-05-17T12:43:12","slug":"loupe-electronique-explore-5","status":"publish","type":"product","link":"https:\/\/cecitech.com\/?product=loupe-electronique-explore-5","title":{"rendered":"Loupe \u00e9lectronique explor\u0113 5"},"content":{"rendered":"<h1 class=\"mttl\">Aper\u00e7u<\/h1>\r\n<p class=\"ssttl\">Puissante, portative, et la meilleure qualit\u00e9 d\u2019image<\/p>\r\nSa facilit\u00e9 d\u2019utilisation et son ergonomie sans pareil en font l\u2019appareil de choix pour tous ceux qui recherchent une loupe \u00e9lectronique qu\u2019ils pourront garder sur eux en tout temps. Que ce soit pour lire le menu du restaurant, les petits caract\u00e8res de certains documents, les emballages et bien plus, explore 5 facilite la vie de toute personne vivant avec des probl\u00e8mes de vision.\r\n\r\nexplor\u0113 5 est le choix intelligent pour les personnes actives souffrant de perte de vision l\u00e9g\u00e8re \u00e0 moyenne-\u00e9lev\u00e9e qui souhaitent un grossissement variable avec divers modes d\u2019affichage. Elle est con\u00e7ue pour faciliter votre vie sur la route, \u00e0 l\u2019\u00e9cole, au travail\u2026 o\u00f9 que vous soyez.\r\n\r\nD\u00e8s que vous la tirez de votre poche, votre explor\u0113 5 est pr\u00eate \u00e0 se mettre au travail. Pas besoin de lire de manuels. Les gros boutons visibles sont simples et intuitifs, et ses fonctionnalit\u00e9s ont \u00e9t\u00e9 con\u00e7ues pour vous aider dans toutes les situations.\r\n<h1 class=\"mttl\">Caract\u00e9ristiques et sp\u00e9cifications<\/h1>\r\n<ul class=\"lst_product\">\r\n \t<li>Pile: Pile non retirable Li-polym\u00e8re de 2800 mAh<\/li>\r\n \t<li>Cam\u00e9ra: Capteur d\u2019image Omnivision de 5 m\u00e9gapixels<\/li>\r\n \t<li>Adaptateur: Connecteur Micro USB, 5 V. Courant maximum de 1,5 A<\/li>\r\n \t<li>Temps de recharge: 3,5 heures (appareil \u00e9teint) \/ 4,75 heures (appareil allum\u00e9)<\/li>\r\n \t<li>Compatibilit\u00e9 HDMI: Formats HDMI support\u00e9s :1280x720p 60hz, 50hz \/ 1920x1080p 60hz, 50hz, 24hz \/ 1920x1080i 60hz et 50hz \/ Pas de support pour l\u2019\u00e9mulation DVI.<\/li>\r\n \t<li>Zoom: 2x \u00e0 22x<\/li>\r\n \t<li>Focus: Autofocus<\/li>\r\n \t<li>Langues disponibles: Anglais (\u00c9.-U.)*, anglais (R.-U.), fran\u00e7ais, espagnol, allemand, n\u00e9erlandais, danois, polonais, portugais (Portugal), portugais (Br\u00e9sil), norv\u00e9giens (bokm\u00e5l), italien, su\u00e9dois, finnois, russe, tch\u00e8que, japonais, cor\u00e9en, islandais, estonien, turc, lituanien, hongrois, letton<\/li>\r\n \t<li>Autonomie: 3 heures<\/li>\r\n \t<li>Modes couleur: Noir sur blanc, Blanc sur noir, Noir sur jaune, Jaune sur noir, Noir sur orange, Orange sur noir, Noir sur cyan, Cyan sur noir, Noir sur violet, Violet sur noir, Noir sur vert, Vert sur noir, Bleu sur jaune, Jaune sur bleu, Blanc sur bleu, Bleu sur blanc<\/li>\r\n \t<li>Affichage: 50Hz, 60Hz<\/li>\r\n \t<li>Poids: 228g<\/li>\r\n<\/ul>\r\n<h3 class=\"ssttl\">Contenu de la bo\u00eete :<\/h3>\r\n<ul class=\"lst_product\">\r\n \t<li>Loupe \u00e9lectronique explor\u0113 5<\/li>\r\n \t<li>\u00c9tui<\/li>\r\n \t<li>Bloc d\u2019alimentation<\/li>\r\n \t<li>C\u00e2ble USB<\/li>\r\n \t<li>Dragonne<\/li>\r\n \t<li>Guide d\u2019utilisation<\/li>\r\n \t<li>Garantie<\/li>\r\n \t<li>Lingette de microfibre<\/li>\r\n<\/ul>","protected":false},"excerpt":{"rendered":"<h1>Loupe \u00e9lectronique explor\u0113 5<\/h1>\r\n<ul class=\"lst_product\">\r\n \t<li>Qualit\u00e9 d\u2019image HD : \u00c9cran ACL clair de 5&Prime; et cam\u00e9ra HD avec autofocus<\/li>\r\n \t<li>Grossissement 2X \u00e0 22X : Une image claire et nette d\u00e8s la mise en marche<\/li>\r\n \t<li>Personnalisable : Plus de 18 modes d\u2019affichage<\/li>\r\n \t<li>La plus petite et la plus l\u00e9g\u00e8re des loupes HD de 5&Prime;, con\u00e7ue pour le confort et la commodit\u00e9<\/li>\r\n \t<li>3 modes d\u2019utilisation : Tenez-la tel quel, par la poign\u00e9e ou posez-l\u00e0 sur votre document<\/li>\r\n \t<li>Pile longue dur\u00e9e : + 3,5 heures d\u2019utilisation continue avec une seule charge<\/li>\r\n \t<li>Sortie t\u00e9l\u00e9 : Affichez sur votre t\u00e9l\u00e9viseur une version agrandie de votre image<\/li>\r\n \t<li>Galerie d\u2019images : Possibilit\u00e9 de stocker des milliers d\u2019images accessibles en tout temps<\/li>\r\n \t<li>Durable : Plaque en alliage de magn\u00e9sium pour prot\u00e9ger la cam\u00e9ra en cas d\u2019impact ou de geste brusque<\/li>\r\n<\/ul>","protected":false},"featured_media":937,"comment_status":"closed","ping_status":"closed","template":"","meta":[],"product_brand":[],"product_cat":[33,37],"product_tag":[],"class_list":{"0":"post-933","1":"product","2":"type-product","3":"status-publish","4":"has-post-thumbnail","6":"product_cat-basse-vision","7":"product_cat-video-loupes-de-poche","9":"first","10":"instock","11":"taxable","12":"shipping-taxable","13":"product-type-simple"},"_links":{"self":[{"href":"https:\/\/cecitech.com\/index.php?rest_route=\/wp\/v2\/product\/933","targetHints":{"allow":["GET"]}}],"collection":[{"href":"https:\/\/cecitech.com\/index.php?rest_route=\/wp\/v2\/product"}],"about":[{"href":"https:\/\/cecitech.com\/index.php?rest_route=\/wp\/v2\/types\/product"}],"replies":[{"embeddable":true,"href":"https:\/\/cecitech.com\/index.php?rest_route=%2Fwp%2Fv2%2Fcomments&post=933"}],"wp:featuredmedia":[{"embeddable":true,"href":"https:\/\/cecitech.com\/index.php?rest_route=\/wp\/v2\/media\/937"}],"wp:attachment":[{"href":"https:\/\/cecitech.com\/index.php?rest_route=%2Fwp%2Fv2%2Fmedia&parent=933"}],"wp:term":[{"taxonomy":"product_brand","embeddable":true,"href":"https:\/\/cecitech.com\/index.php?rest_route=%2Fwp%2Fv2%2Fproduct_brand&post=933"},{"taxonomy":"product_cat","embeddable":true,"href":"https:\/\/cecitech.com\/index.php?rest_route=%2Fwp%2Fv2%2Fproduct_cat&post=933"},{"taxonomy":"product_tag","embeddable":true,"href":"https:\/\/cecitech.com\/index.php?rest_route=%2Fwp%2Fv2%2Fproduct_tag&post=933"}],"curies":[{"name":"wp","href":"https:\/\/api.w.org\/{rel}","templated":true}]}}