{"id":905,"date":"2017-02-20T22:31:21","date_gmt":"2017-02-21T03:31:21","guid":{"rendered":"http:\/\/cecitech.com\/?post_type=product&#038;p=905"},"modified":"2023-05-17T08:30:01","modified_gmt":"2023-05-17T13:30:01","slug":"braillenote-touch-32","status":"publish","type":"product","link":"https:\/\/cecitech.com\/?product=braillenote-touch-32","title":{"rendered":"BrailleNote Touch 32"},"content":{"rendered":"<h3 class=\"mttl\">Aper\u00e7u<\/h3>\r\n<p class=\"ssttl\">Voici le BrailleNote Touch : le preneur de notes de l\u2019avenir<\/p>\r\nLes \u00e9tudiants et professionnels non voyants ont plus que jamais besoin d\u2019un appareil combinant la simplicit\u00e9 et l\u2019accessibilit\u00e9 d\u2019un preneur de notes \u00e0 la puissance et l\u2019efficacit\u00e9 d\u2019une tablette ou d\u2019un t\u00e9l\u00e9phone intelligent. Notre derni\u00e8re cr\u00e9ation : le r\u00e9volutionnaire BrailleNote Touch, la premi\u00e8re tablette braille Android offrant un acc\u00e8s \u00e0 Play Store.\r\n<p class=\"ssttl\">\u00c9lever la barre du monde num\u00e9rique<\/p>\r\nFacile \u00e0 apprendre tant pour les \u00e9tudiants que les enseignants, l\u2019interface du BrailleNote Touch combine les avantages de KeySoft et du braille des preneurs de notes classiques \u00e0 l\u2019efficacit\u00e9 et \u00e0 la puissance d\u2019une tablette moderne.\r\n<ul class=\"lst_product\">\r\n \t<li>Une puissante combinaison d\u2019accessibilit\u00e9 et d\u2019efficacit\u00e9<\/li>\r\n \t<li>L\u2019exp\u00e9rience utilisateur de KeySoft combin\u00e9e \u00e0 la puissance d\u2019Android<\/li>\r\n \t<li>La familiarit\u00e9 de BrailleNote et des applications KeySoft pour une productivit\u00e9 maximale<\/li>\r\n \t<li>Interface et menu lin\u00e9aire et convivial<\/li>\r\n \t<li>Int\u00e9gration parfaite du braille abr\u00e9g\u00e9 et non abr\u00e9g\u00e9, de UEB et de nombreuses langues<\/li>\r\n \t<li>la premi\u00e8re tablette braille Android offrant un acc\u00e8s \u00e0 Play Store<\/li>\r\n \t<li>Acc\u00e8s \u00e0 Play Store et \u00e0 des applications tierces accessibles<\/li>\r\n<\/ul>\r\n<p class=\"ssttl\">B\u00e2ti sur KeySoft et con\u00e7u pour l\u2019utilisateur d\u2019aujourd\u2019hui<\/p>\r\nKeySoft est le moteur du BrailleNote Touch, enti\u00e8rement redessin\u00e9 de fa\u00e7on \u00e0 maximiser l\u2019exp\u00e9rience des utilisateurs d\u2019aujourd\u2019hui.\r\n<ul class=\"lst_product\">\r\n \t<li>Optimis\u00e9 pour la technologie actuelle<\/li>\r\n \t<li>Mises \u00e0 jour automatiques fr\u00e9quentes<\/li>\r\n \t<li>Interface simple bas\u00e9e un syst\u00e8me de menus<\/li>\r\n \t<li>Navigation par premi\u00e8re lettre pour \u00eatre efficace o\u00f9 que vous soyez<\/li>\r\n \t<li>Des raccourcis clavier auxquels vous \u00eates habitu\u00e9 pour faciliter vos t\u00e2ches<\/li>\r\n \t<li>Aide \u00e0 la navigation, synth\u00e8se vocale et affichage braille dans toutes les applications tierces<\/li>\r\n \t<li>Offre l\u2019efficacit\u00e9 d\u2019un preneur de notes dans les applications tierces<\/li>\r\n \t<li>De l\u2019aide contextuelle pour une assistance en tout temps<\/li>\r\n<\/ul>\r\n<p class=\"ssttl\">La fa\u00e7on naturelle d\u2019\u00e9crire en braille sur un \u00e9cran tactile<\/p>\r\nNotre algorithme TouchBraille offre le niveau de contr\u00f4le d\u2019un preneur de notes sur une plateforme moderne et conviviale.\r\n\r\nNaviguez et \u00e9crivez en braille\r\nCalibration instantan\u00e9e; \u00e9crivez presque aussi rapidement qu\u2019avec un clavier physique\r\nLes touches virtuelles d\u00e9tectent vos doigts pendant que vous \u00e9crivez\r\nForce et mouvements de doigts minimes pour \u00e9crire; seuls de l\u00e9gers mouvements sont n\u00e9cessaires\r\n\u00c9criture silencieuse, utilisable en tous lieux\r\n<p class=\"ssttl\">En classe<\/p>\r\nLes enseignants veulent une fa\u00e7on simple et interactive d\u2019aider leurs \u00e9tudiants \u00e0 apprendre le braille, tandis que les \u00e9tudiants requi\u00e8rent les outils les plus efficaces pour r\u00e9aliser leurs t\u00e2ches quotidiennes comme r\u00e9diger des documents, envoyer des courriels ou t\u00e9l\u00e9charger et lire des livres.\r\n\r\nLe BrailleNote Touch a \u00e9t\u00e9 con\u00e7u pour r\u00e9pondre \u00e0 tous ces besoins, et m\u00eame davantage. Les \u00e9tudiants pourront d\u00e9sormais faire leurs devoirs plus rapidement et plus efficacement que jamais.\r\n<p class=\"ssttl\">Un preneur de notes du 21e si\u00e8cle pour la classe du 21e si\u00e8cle<\/p>\r\n\r\n<ul class=\"lst_product\">\r\n \t<li>Le clavier intelligent permet une introduction parfaite du braille aux jeunes enfants<\/li>\r\n \t<li>Les \u00e9tudiants peuvent passer au mode TouchBraille au fur et \u00e0 mesure que leurs habilet\u00e9s motrices se d\u00e9veloppent<\/li>\r\n \t<li>Les enseignants ont un feedback visuel instantan\u00e9 facile \u00e0 comprendre<\/li>\r\n \t<li>Enseignants et personnel TI peuvent rapidement d\u00e9sactiver KeySoft en appuyant rapidement trois fois sur le bouton Accueil et utiliser le BrailleNote Touch comme une tablette traditionnelle.<\/li>\r\n \t<li>Utilisez les applications KeySoft que vous connaissez d\u00e9j\u00e0<\/li>\r\n \t<li>KeyWord pour cr\u00e9er et modifier des documents<\/li>\r\n \t<li>Victor Reader pour lire des livres<\/li>\r\n \t<li>KeyMail pour envoyer et recevoirdes courriels en classeKeyWeb pour d\u00e9couvrir les sites Webles plus r\u00e9cents<\/li>\r\n \t<li>Utilisez les applications les plus populaires et stockez vos fichiers dans le nuage avec Google Docs, DropBox et YouTube.<\/li>\r\n \t<li>Utilisez les applications les plus populaires et stockez vos fichiers dans le nuage avec Google Docs, DropBox et YouTube.<\/li>\r\n<\/ul>\r\n<p class=\"ssttl\">Au travail<\/p>\r\nLe BrailleNote Touch a \u00e9t\u00e9 con\u00e7u pour simplifier autant que possible les t\u00e2ches bureautiques des utilisateurs non-voyants, de la cr\u00e9ation de documents et courriels aux recherches sur le Web.\r\n<p class=\"ssttl\">Du braille o\u00f9 que vous soyez, dans toutes les applications<\/p>\r\n\r\n<ul class=\"lst_product\">\r\n \t<li>Cr\u00e9ez des documents professionnels avec KeyWord<\/li>\r\n \t<li>Faites des mises en page professionnelles incluant des en-t\u00eates, des puces et des num\u00e9ros<\/li>\r\n \t<li>Cr\u00e9ez des fichiers .doc ou .docx (aucune exportation requise)<\/li>\r\n \t<li>Utilisez KeyMail avec un serveur Exchange pour synchroniser vos courriels, contacts et calendriers<\/li>\r\n \t<li>Faites des recherches sur le Web avec le fureteur de votre choix<\/li>\r\n \t<li>Collaborez et partagez des documents gr\u00e2ce \u00e0 Google Docs et d\u2019autres services \u00ab cloud \u00bb<\/li>\r\n \t<li>Communiquez avec vos coll\u00e8gues partout dans le monde \u00e0 l\u2019aide des applications de communications les plus populaires (Google Hangouts)<\/li>\r\n \t<li>Utilisez les applications tierces de votre choix gr\u00e2ce \u00e0 KeySoft et \u00e0 TouchBraille<\/li>\r\n<\/ul>\r\n<h3 class=\"mttl\">Caract\u00e9ristiques\/Sp\u00e9cifications<\/h3>\r\n<p class=\"ssttl\">Personnalisable pour r\u00e9pondre \u00e0 vos besoins et objectifs individuels<\/p>\r\n\r\n<ul class=\"lst_product\">\r\n \t<li>Configuration personnalis\u00e9e quel que soit l\u2019appareil utilis\u00e9<\/li>\r\n \t<li>Syst\u00e8me de stockage interne amovible et r\u00e9volutionnaire<\/li>\r\n \t<li>Transf\u00e9rez vos donn\u00e9es et r\u00e9glages personnels vers un autre Touch<\/li>\r\n \t<li>Utilisez tous les BrailleNote Touch comme s\u2019il s\u2019agissait du v\u00f4tre<\/li>\r\n<\/ul>\r\n<p class=\"ssttl\">\u00c9tui-clavier au design intelligent et avant-gardiste<\/p>\r\nLe clavier du BrailleNote Touch a \u00e9t\u00e9 con\u00e7u pour les personnes n\u2019ayant pas encore la dext\u00e9rit\u00e9 requise pour \u00e9crire avec TouchBraille et ceux qui comptent \u00e9crire de longs documents. Enti\u00e8rement d\u00e9tachable, il se place directement sur l\u2019\u00e9cran tactile pour offrir une exp\u00e9rience utilisateur intuitive et sans courbe d\u2019apprentissage.\r\n<ul class=\"lst_product\">\r\n \t<li>Une configuration de clavier qui vous est famili\u00e8re, presque identique au BrailleNote Apex<\/li>\r\n \t<li>Une exp\u00e9rience rappelant l\u2019utilisation de preneurs de notes traditionnels<\/li>\r\n \t<li>Aucune courbe d\u2019apprentissage, id\u00e9al pour les jeunes \u00e9tudiants<\/li>\r\n \t<li>Parfait pour de longues s\u00e9ances d\u2019\u00e9criture<\/li>\r\n \t<li>Peut \u00eatre enti\u00e8rement retir\u00e9<\/li>\r\n \t<li>Int\u00e9gr\u00e9 \u00e0 un \u00e9tui robuste pour une protection maximale<\/li>\r\n<\/ul>\r\n<p class=\"ssttl\">Mat\u00e9riel<\/p>\r\n\r\n<ul class=\"lst_product\">\r\n \t<li>18 ou 32 cellules braille avec curseurs \u00e9clair<\/li>\r\n \t<li>Vitesse d\u2019une tablette moderne<\/li>\r\n \t<li>2 GO de m\u00e9moire vive pour du multit\u00e2che rapide et fluide<\/li>\r\n \t<li>32 GO d\u2019espace de stockage, plus qu\u2019il n\u2019en faut pour conserver vos documents<\/li>\r\n \t<li>Haut-parleurs st\u00e9r\u00e9o<\/li>\r\n \t<li>Micro interne<\/li>\r\n \t<li>Connexion moderne \u2013 Wifi, Bluetooth et GPS interne<\/li>\r\n \t<li>\u00c9cran et surface tactiles<\/li>\r\n<\/ul>","protected":false},"excerpt":{"rendered":"<h1>BrailleNote Touch 32<\/h1>\r\n<ul class=\"lst_product\">\r\n \t<li>Combine les avantages de KeySoft et du braille des preneurs de notes classiques \u00e0 l\u2019efficacit\u00e9 et \u00e0 la puissance d\u2019une tablette moderne<\/li>\r\n \t<li>B\u00e2ti sur KeySoft, enti\u00e8rement redessin\u00e9 de fa\u00e7on \u00e0 maximiser l\u2019exp\u00e9rience des utilisateurs d\u2019aujourd\u2019hui<\/li>\r\n \t<li>TouchBraille \u2013 La fa\u00e7on naturelle d\u2019\u00e9crire en braille sur un \u00e9cran tactile; \u00e9crivez aussi rapidement qu\u2019avec un clavier physique<\/li>\r\n \t<li>Le clavier intelligent permet une introduction parfaite du braille aux jeunes enfants<\/li>\r\n \t<li>Les enseignants ont un feedback visuel instantan\u00e9 facile \u00e0 comprendre<\/li>\r\n \t<li>Disponible dans les langues suivantes: Anglais, Fran\u00e7ais, Norv\u00e9gien, Su\u00e9dois, Arabe<\/li>\r\n<\/ul>","protected":false},"featured_media":910,"comment_status":"closed","ping_status":"closed","template":"","meta":[],"product_brand":[],"product_cat":[35,30],"product_tag":[],"class_list":{"0":"post-905","1":"product","2":"type-product","3":"status-publish","4":"has-post-thumbnail","6":"product_cat-bloc-note-braille","7":"product_cat-cecite","9":"first","10":"instock","11":"taxable","12":"shipping-taxable","13":"product-type-simple"},"_links":{"self":[{"href":"https:\/\/cecitech.com\/index.php?rest_route=\/wp\/v2\/product\/905","targetHints":{"allow":["GET"]}}],"collection":[{"href":"https:\/\/cecitech.com\/index.php?rest_route=\/wp\/v2\/product"}],"about":[{"href":"https:\/\/cecitech.com\/index.php?rest_route=\/wp\/v2\/types\/product"}],"replies":[{"embeddable":true,"href":"https:\/\/cecitech.com\/index.php?rest_route=%2Fwp%2Fv2%2Fcomments&post=905"}],"wp:featuredmedia":[{"embeddable":true,"href":"https:\/\/cecitech.com\/index.php?rest_route=\/wp\/v2\/media\/910"}],"wp:attachment":[{"href":"https:\/\/cecitech.com\/index.php?rest_route=%2Fwp%2Fv2%2Fmedia&parent=905"}],"wp:term":[{"taxonomy":"product_brand","embeddable":true,"href":"https:\/\/cecitech.com\/index.php?rest_route=%2Fwp%2Fv2%2Fproduct_brand&post=905"},{"taxonomy":"product_cat","embeddable":true,"href":"https:\/\/cecitech.com\/index.php?rest_route=%2Fwp%2Fv2%2Fproduct_cat&post=905"},{"taxonomy":"product_tag","embeddable":true,"href":"https:\/\/cecitech.com\/index.php?rest_route=%2Fwp%2Fv2%2Fproduct_tag&post=905"}],"curies":[{"name":"wp","href":"https:\/\/api.w.org\/{rel}","templated":true}]}}