{"id":891,"date":"2017-02-20T20:33:16","date_gmt":"2017-02-21T01:33:16","guid":{"rendered":"http:\/\/cecitech.com\/?post_type=product&#038;p=891"},"modified":"2023-04-27T07:58:36","modified_gmt":"2023-04-27T12:58:36","slug":"ruby-teleagrandisseur-de-poche","status":"publish","type":"product","link":"https:\/\/cecitech.com\/?product=ruby-teleagrandisseur-de-poche","title":{"rendered":"RUBY\u00ae T\u00e9l\u00e9agrandisseur de poche"},"content":{"rendered":"<h1 class=\"mttl\">Vue d&rsquo;ensemble<\/h1>\r\nLe t\u00e9l\u00e9agrandisseur de poche RUBY est suffisamment petit et l\u00e9ger pour \u00eatre transport\u00e9 dans votre poche ou votre sac \u00e0 main tout en offrant la puissance de grossissement n\u00e9cessaire pour vous permettre de lire et de voir les plus petits d\u00e9tails, \u00e0 la maison comme \u00e0 l\u2019ext\u00e9rieur. L\u2019\u00e9cran pleine couleur de 4,3 pouces est parfait pour lire les factures, lettres, ch\u00e8ques et re\u00e7us. Le RUBY est facile d\u2019utilisation et ses boutons de grande dimension sont simples d\u2019utilisation en plus d\u2019\u00eatre faciles \u00e0 voir et \u00e0 rep\u00e9rer au toucher.\r\n\r\nCe petit t\u00e9l\u00e9agrandisseur de poche \u00e0 batterie rechargeable procure un grossissement puissant et un \u00e9cran de 4 pouces \u00e0 forte luminosit\u00e9. Son format en fait un outil pratique facile \u00e0 glisser dans sa poche ou son sac \u00e0 main pour faire les courses, aller au march\u00e9, \u00e0 la banque, \u00e0 la pharmacie, \u00e0 la biblioth\u00e8que, \u00e0 la librairie, au restaurant ou ailleurs.\r\n\r\nSa poign\u00e9e permet de le tenir \u00e0 la mani\u00e8re d\u2019une loupe ou peut \u00eatre pli\u00e9e pour ensuite d\u00e9poser le RUBY sur un document.\r\n<h1 class=\"mttl\">Fonctionnalit\u00e9s<\/h1>\r\n<ul class=\"lst_product\">\r\n \t<li>\u00c9cran compact de 4,3 pouces pour voir texte et images<\/li>\r\n \t<li>\u00c9clairage DEL int\u00e9gr\u00e9<\/li>\r\n \t<li>Grossissement de 2x\u201314x avec la poign\u00e9e ouverte<\/li>\r\n \t<li>Grossissement de 5x-10x lorsque d\u00e9pos\u00e9 directement sur un document<\/li>\r\n \t<li>Poids l\u00e9ger, seulement 7,7 onces<\/li>\r\n \t<li>Fonctionne avec des batteries AAA rechargeables ou jetables<\/li>\r\n \t<li>Vous suit partout avec 2 heures d\u2019utilisation continue<\/li>\r\n \t<li>Image claire sans flou pour lecture rapide<\/li>\r\n \t<li>Poign\u00e9e pliable pratique<\/li>\r\n \t<li>Fonction Freeze Frame avec grossissement ajustable<\/li>\r\n \t<li>5 modes de couleurs \u00e0 contraste \u00e9lev\u00e9<\/li>\r\n \t<li>M\u00e9moire interne permettant de conserver jusqu\u2019\u00e0 15 images<\/li>\r\n \t<li>Simple d\u2019op\u00e9ration. Se met en marche \u00e0 la pression d\u2019un bouton, agrandit ou rapetisse l\u2019image avec un seul bouton.<\/li>\r\n \t<li>Aucune exp\u00e9rience technique requise.<\/li>\r\n \t<li>N\u00e9cessite 4 batteries rechargeables AAA \u2013 temps de charge de 2 heures (fonctionne aussi avec les batteries jetables)\r\nInclut : batteries, chargeur, dragonne et \u00e9tui<\/li>\r\n \t<li>Support optionnel<\/li>\r\n<\/ul>\r\n<h1 class=\"mttl\">T\u00e9l\u00e9chargements<\/h1>\r\n<h3>T\u00e9l\u00e9chargement disponible:<\/h3>\r\n<ul class=\"lst_product\">\r\n \t<li>\r\n<h4><span style=\"color: #3366ff;\"><a style=\"color: #3366ff;\" href=\"http:\/\/www.freedomscientific.com\/content\/Documents\/Manuals\/RUBY\/RUBY-Users-Guide.pdf\">RUBY\u00ae XL HD Manuel d&rsquo;utilisation<\/a><\/span><\/h4>\r\n<\/li>\r\n<\/ul>","protected":false},"excerpt":{"rendered":"<h1>RUBY\u00ae T\u00e9l\u00e9agrandisseur de poche<\/h1>\r\n<h3>RUBY est un t\u00e9l\u00e9agrandisseur de poche offrant une image claire et vivide sans distorsion.<\/h3>","protected":false},"featured_media":892,"comment_status":"closed","ping_status":"closed","template":"","meta":[],"product_brand":[],"product_cat":[33,38],"product_tag":[],"class_list":{"0":"post-891","1":"product","2":"type-product","3":"status-publish","4":"has-post-thumbnail","6":"product_cat-basse-vision","7":"product_cat-teleagrandisseurs","9":"first","10":"instock","11":"taxable","12":"shipping-taxable","13":"product-type-simple"},"_links":{"self":[{"href":"https:\/\/cecitech.com\/index.php?rest_route=\/wp\/v2\/product\/891","targetHints":{"allow":["GET"]}}],"collection":[{"href":"https:\/\/cecitech.com\/index.php?rest_route=\/wp\/v2\/product"}],"about":[{"href":"https:\/\/cecitech.com\/index.php?rest_route=\/wp\/v2\/types\/product"}],"replies":[{"embeddable":true,"href":"https:\/\/cecitech.com\/index.php?rest_route=%2Fwp%2Fv2%2Fcomments&post=891"}],"wp:featuredmedia":[{"embeddable":true,"href":"https:\/\/cecitech.com\/index.php?rest_route=\/wp\/v2\/media\/892"}],"wp:attachment":[{"href":"https:\/\/cecitech.com\/index.php?rest_route=%2Fwp%2Fv2%2Fmedia&parent=891"}],"wp:term":[{"taxonomy":"product_brand","embeddable":true,"href":"https:\/\/cecitech.com\/index.php?rest_route=%2Fwp%2Fv2%2Fproduct_brand&post=891"},{"taxonomy":"product_cat","embeddable":true,"href":"https:\/\/cecitech.com\/index.php?rest_route=%2Fwp%2Fv2%2Fproduct_cat&post=891"},{"taxonomy":"product_tag","embeddable":true,"href":"https:\/\/cecitech.com\/index.php?rest_route=%2Fwp%2Fv2%2Fproduct_tag&post=891"}],"curies":[{"name":"wp","href":"https:\/\/api.w.org\/{rel}","templated":true}]}}