{"id":889,"date":"2017-02-20T20:27:47","date_gmt":"2017-02-21T01:27:47","guid":{"rendered":"http:\/\/cecitech.com\/?post_type=product&#038;p=889"},"modified":"2023-04-27T08:06:41","modified_gmt":"2023-04-27T13:06:41","slug":"ruby-xl-hd-teleagrandisseur-de-poche","status":"publish","type":"product","link":"https:\/\/cecitech.com\/?product=ruby-xl-hd-teleagrandisseur-de-poche","title":{"rendered":"RUBY\u00ae XL HD T\u00e9l\u00e9agrandisseur de poche"},"content":{"rendered":"<h1 class=\"mttl\">Vue d&rsquo;ensemble<\/h1>\r\nAvec le RUBY XL HD vous avez une image claire et en haute d\u00e9finition \u00e0 port\u00e9e de main. Son petit format permet de le transporter partout o\u00f9 vous allez et son \u00e9cran de cinq pouces vous permet de voir enfin m\u00eame les plus petits d\u00e9tails. Vous pouvez grossir les images jusqu\u2019\u00e0 14 fois \u2013 livres, photographies, journaux, \u00e9tiquettes, etc.\r\n\r\nLe RUBY XL HD est simple d\u2019apprentissage et d\u2019utilisation, il peut \u00eatre utilis\u00e9 \u00e0 la maison, au bureau, ou \u00e0 l\u2019ext\u00e9rieur. Il s\u2019ouvre facilement pour tenir l\u2019\u00e9cran \u00e0 un angle naturel optimal et glisse sans effort sur le mat\u00e9riel de lecture. Les boutons de couleur rendent l\u2019ajustement facile pour changer le niveau de grossissement, s\u00e9lectionner le mode de couleur ou ajouter une ligne de lecture ou une cache. La poign\u00e9e pratique a deux positions permettant de tenir l\u2019appareil fermement lors de la lecture d\u2019\u00e9tiquette, d\u2019emballage ou de contenants de prescription.\r\n\r\nCe t\u00e9l\u00e9agrandisseur portable est \u00e9quip\u00e9 d\u2019une cam\u00e9ra \u00e0 mise au point automatique de 5 m\u00e9gapixels procurant une image de haute d\u00e9finition facile \u00e0 voir sur l\u2019\u00e9cran LCD pleine couleur de 5 pouces. L\u2019\u00e9cran est inclinable pour faciliter la lecture et procure un grossissement continu de 2x \u00e0 14x.\r\n<h1 class=\"mttl\">Fonctionnalit\u00e9s<\/h1>\r\n<ul class=\"lst_product\">\r\n \t<li>\u00c9cran LCD de 5 pouces pour en voir plus<\/li>\r\n \t<li>Grossissement continu de 2x\u201314x<\/li>\r\n \t<li>Tr\u00e8s l\u00e9ger \u00e0 10.5 onces<\/li>\r\n \t<li>Lecture rapide, image sans flou<\/li>\r\n \t<li>Support debout int\u00e9gr\u00e9<\/li>\r\n \t<li>Poign\u00e9e pratique \u00e0 deux positions<\/li>\r\n \t<li>3 heures d\u2019utilisation continue<\/li>\r\n \t<li>Fonction Freeze Frame avec grossissement ajustable<\/li>\r\n \t<li>Lignes de lecture et Caches ajustables<\/li>\r\n \t<li>20 modes de visualisation de couleurs \u00e0 contraste \u00e9lev\u00e9 pour ajuster \u00e0 votre pr\u00e9f\u00e9rence<\/li>\r\n \t<li>Sauvegardez jusqu\u2019\u00e0 80 images \u00e0 envoyer \u00e0 votre ordinateur gr\u00e2ce au port USB<\/li>\r\n \t<li>Inclut : batteries, chargeur, dragonne, \u00e9tui, et c\u00e2ble USB<\/li>\r\n \t<li>Mode Diaporama<\/li>\r\n<\/ul>\r\n<h1 class=\"mttl\">T\u00e9l\u00e9chargements<\/h1>\r\n<h3>Ces t\u00e9l\u00e9chargements sont disponibles:<\/h3>\r\n<ul class=\"lst_product\">\r\n \t<li>\r\n<h4><span style=\"color: #3366ff;\"><a style=\"color: #3366ff;\" href=\"http:\/\/www.freedomscientific.com\/content\/Documents\/Manuals\/RUBY\/RUBY-XL-HD-Users-Guide.pdf\">RUBY\u00ae XL HD Manuel d&rsquo;utilisation<\/a><\/span><\/h4>\r\n<\/li>\r\n<\/ul>","protected":false},"excerpt":{"rendered":"<h1>RUBY\u00ae XL HD T\u00e9l\u00e9agrandisseur de poche<\/h1>\r\n<h3>Le petit format du RUBY XL HD permet de l\u2019apporter partout avec vous et son \u00e9cran de 5 pouces vous laisse voir les plus petits d\u00e9tails.<\/h3>","protected":false},"featured_media":890,"comment_status":"closed","ping_status":"closed","template":"","meta":[],"product_brand":[],"product_cat":[33,38],"product_tag":[],"class_list":{"0":"post-889","1":"product","2":"type-product","3":"status-publish","4":"has-post-thumbnail","6":"product_cat-basse-vision","7":"product_cat-teleagrandisseurs","9":"first","10":"instock","11":"taxable","12":"shipping-taxable","13":"product-type-simple"},"_links":{"self":[{"href":"https:\/\/cecitech.com\/index.php?rest_route=\/wp\/v2\/product\/889","targetHints":{"allow":["GET"]}}],"collection":[{"href":"https:\/\/cecitech.com\/index.php?rest_route=\/wp\/v2\/product"}],"about":[{"href":"https:\/\/cecitech.com\/index.php?rest_route=\/wp\/v2\/types\/product"}],"replies":[{"embeddable":true,"href":"https:\/\/cecitech.com\/index.php?rest_route=%2Fwp%2Fv2%2Fcomments&post=889"}],"wp:featuredmedia":[{"embeddable":true,"href":"https:\/\/cecitech.com\/index.php?rest_route=\/wp\/v2\/media\/890"}],"wp:attachment":[{"href":"https:\/\/cecitech.com\/index.php?rest_route=%2Fwp%2Fv2%2Fmedia&parent=889"}],"wp:term":[{"taxonomy":"product_brand","embeddable":true,"href":"https:\/\/cecitech.com\/index.php?rest_route=%2Fwp%2Fv2%2Fproduct_brand&post=889"},{"taxonomy":"product_cat","embeddable":true,"href":"https:\/\/cecitech.com\/index.php?rest_route=%2Fwp%2Fv2%2Fproduct_cat&post=889"},{"taxonomy":"product_tag","embeddable":true,"href":"https:\/\/cecitech.com\/index.php?rest_route=%2Fwp%2Fv2%2Fproduct_tag&post=889"}],"curies":[{"name":"wp","href":"https:\/\/api.w.org\/{rel}","templated":true}]}}