{"id":887,"date":"2017-02-20T20:24:35","date_gmt":"2017-02-21T01:24:35","guid":{"rendered":"http:\/\/cecitech.com\/?post_type=product&#038;p=887"},"modified":"2023-04-27T06:46:02","modified_gmt":"2023-04-27T11:46:02","slug":"compact-7-hd","status":"publish","type":"product","link":"https:\/\/cecitech.com\/?product=compact-7-hd","title":{"rendered":"Compact 7 HD une loupe \u00e9lectronique portable"},"content":{"rendered":"<h1 class=\"mttl\">Vue d&rsquo;ensemble<\/h1>\r\n<p class=\"ssttl\">Pour qui ?<\/p>\r\nLa Compact 7 HD int\u00e8gre l&rsquo;\u00e9cran le plus large de la gamme Compact d&rsquo;Optelec ; mais toujours facile \u00e0 emporter o\u00f9 vous le souhaitez. Cette loupe, tr\u00e8s facile \u00e0 utiliser, convient tout \u00e0 fait aux personnes \u00e2g\u00e9es.\r\n<p class=\"ssttl\">\u00c9cran large et design compact<\/p>\r\nLa Compact 7 HD offre une image tr\u00e8s pr\u00e9cise et de qualit\u00e9 HD (Haute D\u00e9finition) dans l\u2019\u00e9cran le plus large de la gamme Compact d\u2019Optelec, gr\u00e2ce auquel vous voyez plus de mots par ligne. Toutefois, l\u2019appareil est toujours l\u00e9ger et portable. Gr\u00e2ce \u00e0 son agrandissement ajustable \u00e0 partir de 2,5x, les plus petits d\u00e9tails apparaissent sur l\u2019\u00e9cran de 7 pouces.\r\n<p class=\"ssttl\">Facile \u00e0<\/p>\r\nAvec la Compact 7 HD, vous pouvez lire comfortablement votre courrier ou vos livres install\u00e9 dans votre fauteuil. La Compact 7 HD n\u2019est pas trop grande pour que vous puissiez l\u2019emporter o\u00f9 vous le souhaitez.\r\n<p class=\"ssttl\">Lire imm\u00e9diatement<\/p>\r\nEn appuyant sur 1 seule touche de votre Compact 7 HD, vous pouvez lire imm\u00e9diatement. D\u00e9poser la Compact 7 HD sur votre texte, et appuyez sur la touche en-dessous de l\u2019\u00e9cran. L\u2019appareil s\u2019ouvre et agrandit selon vos besoins.\r\n<p class=\"ssttl\">R\u00e9glage individuel<\/p>\r\nTous les param\u00e8tres de la Compact 7 HD peuvent \u00eatre adapt\u00e9s \u00e0 vos besoins et m\u00e9moris\u00e9s via le menu agrandissement.\r\n\r\nGr\u00e2ce \u00e0 ce lien regardez le film qui explique le fonctionnement et l\u2019utilisation de notre Compact 7 HD:\r\n<h1 class=\"mttl\">Fonctionnalit\u00e9s<\/h1>\r\n<ul class=\"lst_product\">\r\n \t<li>Agrandissement progressif : 2,5 x \u2013 30 x<\/li>\r\n \t<li>Cam\u00e9ra Auto-focus Haute D\u00e9finition pour la qualit\u00e9 de l\u2019image<\/li>\r\n \t<li>Auto-focus \u00e0 1 m<\/li>\r\n \t<li>\u00c9cran TFT couleurs de 7 pouces<\/li>\r\n \t<li>R\u00e9solution d\u2019\u00e9cran : 800 x 480 pixels<\/li>\r\n \t<li>Ratio contraste de l\u2019\u00e9cran: 500:1<\/li>\r\n \t<li>Luminosit\u00e9 de l\u2019\u00e9cran : 350 cd\/m2<\/li>\r\n \t<li>R\u00e9glage de lecture ajustable :\r\n<ul class=\"lst_product\">\r\n \t<li>&#8211; En couleurs pour les photos et les textes en couleurs<\/li>\r\n \t<li>&#8211; 4 combinaisons personnalis\u00e9es r\u00e9glables au choix parmi 16 combinaisons disponible<\/li>\r\n<\/ul>\r\n<\/li>\r\n \t<li>Lampe LED brevet\u00e9e pour une lumi\u00e8re homog\u00e8ne<\/li>\r\n \t<li>Position de l\u2019\u00e9cran variable pour une lecture comfortable<\/li>\r\n \t<li>Con\u00e7ue pour glisser avec souplesse sur vos supports de lecture<\/li>\r\n \t<li>Capture de l&rsquo;image<\/li>\r\n \t<li>Indicateur sonore<\/li>\r\n \t<li>Sauvegarde jusqu\u2019\u00e0 75 images<\/li>\r\n \t<li>Ic\u00f4nes larges pour les r\u00e9glages et le menu<\/li>\r\n \t<li>Batterie rechargeable : environ 5 heures d\u2019utilisation<\/li>\r\n \t<li>Dimensions: 190 x 130 x 26.7 mm<\/li>\r\n \t<li>Poids : 640 gr.<\/li>\r\n<\/ul>\r\n<h1 class=\"mttl\">T\u00e9l\u00e9chargements<\/h1>\r\nCes t\u00e9l\u00e9chargements sont disponibles:\r\n<ul class=\"lst_product\">\r\n \t<li><span style=\"color: #3366ff;\"><a style=\"color: #3366ff;\">Compact 7 HD Manuel d\u2019utilisation 1.3 (PDF)<\/a><\/span><\/li>\r\n \t<li><span style=\"color: #3366ff;\"><a style=\"color: #3366ff;\">Compact 7 HD Manuel d\u2019utilisation 1.3 (Word)<\/a><\/span><\/li>\r\n<\/ul>","protected":false},"excerpt":{"rendered":"<h1>Compact 7 HD une loupe \u00e9lectronique portable<\/h1>\r\n<h4><strong>La Compact 7 HD est une loupe \u00e9lectronique portable pourvue d&rsquo;un \u00e9cran de haute d\u00e9finition (18 cm en diagonale). Elle agrandit vos textes et vos photos jusqu&rsquo;\u00e0 30 fois ; son format compact vous permet de l&#8217;emporter o\u00f9 vous le souhaitez.<\/strong><\/h4>","protected":false},"featured_media":872,"comment_status":"closed","ping_status":"closed","template":"","meta":[],"product_brand":[],"product_cat":[33,37],"product_tag":[],"class_list":{"0":"post-887","1":"product","2":"type-product","3":"status-publish","4":"has-post-thumbnail","6":"product_cat-basse-vision","7":"product_cat-video-loupes-de-poche","9":"first","10":"instock","11":"taxable","12":"shipping-taxable","13":"product-type-simple"},"_links":{"self":[{"href":"https:\/\/cecitech.com\/index.php?rest_route=\/wp\/v2\/product\/887","targetHints":{"allow":["GET"]}}],"collection":[{"href":"https:\/\/cecitech.com\/index.php?rest_route=\/wp\/v2\/product"}],"about":[{"href":"https:\/\/cecitech.com\/index.php?rest_route=\/wp\/v2\/types\/product"}],"replies":[{"embeddable":true,"href":"https:\/\/cecitech.com\/index.php?rest_route=%2Fwp%2Fv2%2Fcomments&post=887"}],"wp:featuredmedia":[{"embeddable":true,"href":"https:\/\/cecitech.com\/index.php?rest_route=\/wp\/v2\/media\/872"}],"wp:attachment":[{"href":"https:\/\/cecitech.com\/index.php?rest_route=%2Fwp%2Fv2%2Fmedia&parent=887"}],"wp:term":[{"taxonomy":"product_brand","embeddable":true,"href":"https:\/\/cecitech.com\/index.php?rest_route=%2Fwp%2Fv2%2Fproduct_brand&post=887"},{"taxonomy":"product_cat","embeddable":true,"href":"https:\/\/cecitech.com\/index.php?rest_route=%2Fwp%2Fv2%2Fproduct_cat&post=887"},{"taxonomy":"product_tag","embeddable":true,"href":"https:\/\/cecitech.com\/index.php?rest_route=%2Fwp%2Fv2%2Fproduct_tag&post=887"}],"curies":[{"name":"wp","href":"https:\/\/api.w.org\/{rel}","templated":true}]}}