{"id":885,"date":"2017-02-20T20:20:36","date_gmt":"2017-02-21T01:20:36","guid":{"rendered":"http:\/\/cecitech.com\/?post_type=product&#038;p=885"},"modified":"2023-04-27T08:10:52","modified_gmt":"2023-04-27T13:10:52","slug":"ruby-7-hd-teleagrandisseur-de-poche","status":"publish","type":"product","link":"https:\/\/cecitech.com\/?product=ruby-7-hd-teleagrandisseur-de-poche","title":{"rendered":"RUBY\u00ae 7 HD T\u00e9l\u00e9agrandisseur de poche"},"content":{"rendered":"<h1 class=\"mttl\">Vue d&rsquo;ensemble<\/h1>\r\nLe tout nouveau t\u00e9l\u00e9agrandisseur portable RUBY 7 HD rend la lecture facile. L\u2019\u00e9cran de 7 pouces affiche plus de texte et grossit jusqu\u2019\u00e0 24 fois. Cet appareil tr\u00e8s facile \u00e0 transporter peut \u00eatre apport\u00e9 partout o\u00f9 vous allez.\r\n\r\nLe RUBY 7 HD est simple d\u2019apprentissage et d\u2019utilisation. Le socle inclinable int\u00e9gr\u00e9 facilite la lecture de livres, magazines ou courrier. La cam\u00e9ra unique PivotCam\u2122 offre une large gamme de modes de visualisation, pour la lecture, l\u2019\u00e9criture, l\u2019artisanat, la vue \u00e0 distance ou m\u00eame un miroir en mode autovisionnement. L\u2019aspect pratique et la flexibilit\u00e9 du RUBY 7 HD en font un chef de file de la prochaine g\u00e9n\u00e9ration de t\u00e9l\u00e9agrandisseurs de poche.\r\n<h1>Fonctionnalit\u00e9s<\/h1>\r\n<ul class=\"lst_product\">\r\n \t<li>Zoom continu avec grossissement de 2x\u201324x<\/li>\r\n \t<li>\u00c9cran de 7 pouces aux couleurs \u00e9clatantes<\/li>\r\n \t<li>Poids l\u00e9ger de 18 onces<\/li>\r\n \t<li>Lecture rapide, sans flou<\/li>\r\n \t<li>Cam\u00e9ra rotative unique PivotCam<\/li>\r\n<\/ul>\r\n<h1 class=\"ssttl\">Fonctions Avanc\u00e9es<\/h1>\r\n<ul class=\"lst_product\">\r\n \t<li>Fonction Freeze Frame pour geler l\u2019image, avec grossissement ajustable et vue panoramique<\/li>\r\n \t<li>Lignes de lecture et Caches ajustables pour garder votre position<\/li>\r\n \t<li>20 modes de couleurs \u00e0 contraste \u00e9lev\u00e9 vous permettant d\u2019ajuster le texte selon vos pr\u00e9f\u00e9rences de lecture<\/li>\r\n \t<li>Socle de lecture int\u00e9gr\u00e9<\/li>\r\n \t<li>Port HDMI permettant d\u2019\u00eatre connect\u00e9 au t\u00e9l\u00e9viseur<\/li>\r\n \t<li>Port USB permettant de transf\u00e9rer \u00e0 votre ordinateur les images sauvegard\u00e9es<\/li>\r\n \t<li>3 heures d\u2019utilisation continue<\/li>\r\n \t<li>Inclut chargeur, \u00e9tui de transport et c\u00e2ble USB<\/li>\r\n<\/ul>\r\n<h1 class=\"mttl\">T\u00e9l\u00e9chargements<\/h1>\r\n<h3>Les t\u00e9l\u00e9chargements suivants sont disponibles pour ce produit :<\/h3>\r\n<ul class=\"lst_product\">\r\n \t<li>\r\n<h4><span style=\"color: #3366ff;\"><a style=\"color: #3366ff;\" href=\"https:\/\/ca.optelec.com\/downloads\/CA-EN\/RUBY-7-HD-User-Guide.pdf\">RUBY 7 HD T\u00e9l\u00e9agrandisseur de poche \u2013 Guide d\u2019utilisation<\/a><\/span><\/h4>\r\n<\/li>\r\n<\/ul>","protected":false},"excerpt":{"rendered":"<h1>RUBY\u00ae 7 HD T\u00e9l\u00e9agrandisseur de poche<\/h1>\r\n<h3>Appareil de grossissement portable avec cam\u00e9ra rotative PivotCam\u2122<\/h3>","protected":false},"featured_media":886,"comment_status":"closed","ping_status":"closed","template":"","meta":[],"product_brand":[],"product_cat":[33,37],"product_tag":[],"class_list":{"0":"post-885","1":"product","2":"type-product","3":"status-publish","4":"has-post-thumbnail","6":"product_cat-basse-vision","7":"product_cat-video-loupes-de-poche","9":"first","10":"instock","11":"taxable","12":"shipping-taxable","13":"product-type-simple"},"_links":{"self":[{"href":"https:\/\/cecitech.com\/index.php?rest_route=\/wp\/v2\/product\/885","targetHints":{"allow":["GET"]}}],"collection":[{"href":"https:\/\/cecitech.com\/index.php?rest_route=\/wp\/v2\/product"}],"about":[{"href":"https:\/\/cecitech.com\/index.php?rest_route=\/wp\/v2\/types\/product"}],"replies":[{"embeddable":true,"href":"https:\/\/cecitech.com\/index.php?rest_route=%2Fwp%2Fv2%2Fcomments&post=885"}],"wp:featuredmedia":[{"embeddable":true,"href":"https:\/\/cecitech.com\/index.php?rest_route=\/wp\/v2\/media\/886"}],"wp:attachment":[{"href":"https:\/\/cecitech.com\/index.php?rest_route=%2Fwp%2Fv2%2Fmedia&parent=885"}],"wp:term":[{"taxonomy":"product_brand","embeddable":true,"href":"https:\/\/cecitech.com\/index.php?rest_route=%2Fwp%2Fv2%2Fproduct_brand&post=885"},{"taxonomy":"product_cat","embeddable":true,"href":"https:\/\/cecitech.com\/index.php?rest_route=%2Fwp%2Fv2%2Fproduct_cat&post=885"},{"taxonomy":"product_tag","embeddable":true,"href":"https:\/\/cecitech.com\/index.php?rest_route=%2Fwp%2Fv2%2Fproduct_tag&post=885"}],"curies":[{"name":"wp","href":"https:\/\/api.w.org\/{rel}","templated":true}]}}