{"id":816,"date":"2017-02-20T18:51:50","date_gmt":"2017-02-20T23:51:50","guid":{"rendered":"http:\/\/cecitech.com\/?post_type=product&#038;p=816"},"modified":"2023-05-24T07:52:35","modified_gmt":"2023-05-24T12:52:35","slug":"jaws-professional","status":"publish","type":"product","link":"https:\/\/cecitech.com\/?product=jaws-professional","title":{"rendered":"JAWS Professional"},"content":{"rendered":"<h1 class=\"mttl\">Vue d&rsquo;ensemble<\/h1>\r\nJAWS, (Job Access With Speech), est le lecteur d\u2019\u00e9cran le plus utilis\u00e9 au monde, d\u00e9velopp\u00e9 pour les utilisateurs d\u2019ordinateurs ayant une faible vision les emp\u00eachant de bien voir leur \u00e9cran et de naviguer ais\u00e9ment. JAWS comprend une sortie vocale et braille pour les applications PC les plus populaires.\r\n\r\nJAWS Professional est compatible avec toutes les versions 32-bit ou 64-bit de Windows\u00ae 10, Windows 8, Windows 7, et Windows Vista\u00ae ainsi qu\u2019avec Windows Server 2008 et 2012.\r\n\r\nNote : Les versions ant\u00e9rieures de JAWS peuvent aussi \u00eatre utilis\u00e9es avec Windows XP et Windows Server 2003 au besoin.\r\n\r\nJAWS est aussi disponible avec l\u2019option d\u2019ajouter l\u2019acc\u00e8s \u00e0 distance (Remote Access (RA)). L\u2019acc\u00e8s \u00e0 distance comprend le soutien pour Remote Desktop, Terminal Server, et des logiciels tels que Citrix Program Neighborhood vous permettant d\u2019\u00e9tablir une connexion de votre ordinateur \u00e0 un autre et d\u2019utiliser des programmes comme si vous \u00e9tiez \u00e0 cet ordinateur.\r\n\r\nAvec l\u2019Accord d\u2019entretien de logiciel (Software Maintenance Agreement (SMA)), votre nouvel achat vous permettra automatiquement de recevoir les deux prochaines mises \u00e0 jour payantes \u00e0 un rabais allant jusqu\u2019\u00e0 50% de la valeur au d\u00e9tail.\r\n<h1 class=\"mttl\">Fonctionnalit\u00e9s<\/h1>\r\n<ul class=\"lst_product\">\r\n \t<li>Deux synth\u00e9tiseurs multilingues : Eloquence et Vocalizer Expressive<\/li>\r\n \t<li>Installation vocale<\/li>\r\n \t<li>Lecteur DAISY int\u00e9gr\u00e9 et un ensemble complet de livres de formation en format DAISY<\/li>\r\n \t<li>Compatible avec Microsoft Office, Internet Explorer, Firefox, et plusieurs autres<\/li>\r\n \t<li>Supporte Windows\u00ae 8.1 et Windows 10, incluant les \u00e9crans tactiles et commandes gestuelles<\/li>\r\n \t<li>Support pour le contenu MathML pr\u00e9sent\u00e9 dans Internet Explorer et rendu avec MathJax<\/li>\r\n \t<li>Recherche d\u2019information rapide avec Research It<\/li>\r\n \t<li>Fonction ROC, procurant un acc\u00e8s au texte de documents PDF, m\u00eame ceux contenant des images et rapport\u00e9s comme documents vides par les lecteurs d\u2019\u00e9cran<\/li>\r\n \t<li>Sauver du temps avec Skim Reading<\/li>\r\n \t<li>Le seul lecteur d\u2019\u00e9cran vous procurant une entr\u00e9e Braille abr\u00e9g\u00e9 de votre clavier Braille<\/li>\r\n \t<li>Pleinement compatible avec MAGic, logiciel de grossissement d\u2019\u00e9cran, et OpenBook, programme de num\u00e9risation et lecture<\/li>\r\n<\/ul>\r\n<p class=\"ssttl\">Fonctions Avanc\u00e9es<\/p>\r\n\r\n<ul class=\"lst_product\">\r\n \t<li>JAWS Tandem est disponible gratuitement pour aide, soutien et formation<\/li>\r\n \t<li>Soutien optionnel pour Citrix, Terminal Services, et Remote Desktop<\/li>\r\n \t<li>Puissant langage de script pour personnaliser l\u2019exp\u00e9rience sur n\u2019importe quelle application<\/li>\r\n \t<li>Pilotes inclus pour tous les affichages Braille populaires<\/li>\r\n \t<li>Inclut des voix dans plus de 30 langues<\/li>\r\n \t<li>Distribu\u00e9 \u00e0 travers le monde avec soutien et points de vente dans la majorit\u00e9 des pays<\/li>\r\n<\/ul>\r\n<h1 class=\"mttl\">T\u00e9l\u00e9chargements<\/h1>\r\nCes t\u00e9l\u00e9chargements sont disponibles:\r\n<ul class=\"lst_product\">\r\n \t<li><span style=\"color: #3366ff;\"><a style=\"color: #3366ff;\" href=\"http:\/\/jaws18.vfo.digital\/2324AF559Q\/J18.0.2324frc-x64.exe\">JAWS 18.0.2324 64-bit French Canadian &#8211; January 2017<\/a><\/span><\/li>\r\n \t<li><span style=\"color: #3366ff;\"><a style=\"color: #3366ff;\" href=\"http:\/\/jaws18.vfo.digital\/2324AF559Q\/J18.0.2324frc-x86.exe\">JAWS 18.0.2324 32-bit French Canadian &#8211; January 2017<\/a><\/span><\/li>\r\n<\/ul>","protected":false},"excerpt":{"rendered":"<h3>JAWS offre une sortie vocale et Braille pour les applications les plus populaires sur PC.<\/h3>","protected":false},"featured_media":817,"comment_status":"closed","ping_status":"closed","template":"","meta":[],"product_brand":[],"product_cat":[30,31],"product_tag":[],"class_list":{"0":"post-816","1":"product","2":"type-product","3":"status-publish","4":"has-post-thumbnail","6":"product_cat-cecite","7":"product_cat-logiciels-cecite","9":"first","10":"instock","11":"taxable","12":"shipping-taxable","13":"product-type-simple"},"_links":{"self":[{"href":"https:\/\/cecitech.com\/index.php?rest_route=\/wp\/v2\/product\/816","targetHints":{"allow":["GET"]}}],"collection":[{"href":"https:\/\/cecitech.com\/index.php?rest_route=\/wp\/v2\/product"}],"about":[{"href":"https:\/\/cecitech.com\/index.php?rest_route=\/wp\/v2\/types\/product"}],"replies":[{"embeddable":true,"href":"https:\/\/cecitech.com\/index.php?rest_route=%2Fwp%2Fv2%2Fcomments&post=816"}],"wp:featuredmedia":[{"embeddable":true,"href":"https:\/\/cecitech.com\/index.php?rest_route=\/wp\/v2\/media\/817"}],"wp:attachment":[{"href":"https:\/\/cecitech.com\/index.php?rest_route=%2Fwp%2Fv2%2Fmedia&parent=816"}],"wp:term":[{"taxonomy":"product_brand","embeddable":true,"href":"https:\/\/cecitech.com\/index.php?rest_route=%2Fwp%2Fv2%2Fproduct_brand&post=816"},{"taxonomy":"product_cat","embeddable":true,"href":"https:\/\/cecitech.com\/index.php?rest_route=%2Fwp%2Fv2%2Fproduct_cat&post=816"},{"taxonomy":"product_tag","embeddable":true,"href":"https:\/\/cecitech.com\/index.php?rest_route=%2Fwp%2Fv2%2Fproduct_tag&post=816"}],"curies":[{"name":"wp","href":"https:\/\/api.w.org\/{rel}","templated":true}]}}