{"id":812,"date":"2017-02-20T18:17:16","date_gmt":"2017-02-20T23:17:16","guid":{"rendered":"http:\/\/cecitech.com\/?post_type=product&#038;p=812"},"modified":"2023-04-27T07:48:42","modified_gmt":"2023-04-27T12:48:42","slug":"clearview-colour-22-po-avec-bras-flexible-conventionnel","status":"publish","type":"product","link":"https:\/\/cecitech.com\/?product=clearview-colour-22-po-avec-bras-flexible-conventionnel","title":{"rendered":"ClearView+ Colour 22 po avec bras flexible conventionnel"},"content":{"rendered":"<h1 class=\"mttl\">Vue d&rsquo;ensemble<\/h1>\r\n<p class=\"ssttl\">Confortable et pratique<\/p>\r\nLe plateau de lecture coulissant du ClearView+ vous permet de naviguer ais\u00e9ment \u00e0 travers vos documents. Le ClearView+ est equip\u00e9 d\u2019un repose-poignet ergonomique sur lequel vos mains peuvent reposer durant votre lecture. Le frein \u201cone touch\u201d g\u00e8le instantan\u00e9ment et sans effort la position du document afin que vous ne perdiez jamais le cours de votre lecture.\r\n<p class=\"ssttl\">Une lecture confortable, m\u00eame de pr\u00e8s<\/p>\r\nAfin de rendre votre lecture plus confortable, le moniteur du ClearView+ peut ais\u00e9ment \u00eatre ajust\u00e9 \u00e0 votre position pr\u00e9f\u00e9r\u00e9e. Bougez l\u2019\u00e9cran vers le haut ou vers le bas, vers l\u2019avant ou vers l\u2019arri\u00e8re, ou encore penchez-le jusqu\u2019\u00e0 ce que vous atteigniez la distance id\u00e9ale entre vos yeux et l\u2019image. Le moniteur est muni d\u2019un bras ultra-flexible optionnel pouvant \u00eatre pivot\u00e9 \u00e0 90\u00b0 pour permettre la lecture en colonnes.\r\n<p class=\"ssttl\">Des boutons de contr\u00f4le simples<\/p>\r\nLe ClearView+ est con\u00e7u pour le confort et la simplicit\u00e9, le seul bouton de l\u2019appareil est situ\u00e9 sur le plateau de lecture o\u00f9 vous pouvez ais\u00e9ment reposer vos mains pendant que vous lisez. Vous pouvez ainsi facilement ajuster l\u2019image si n\u00e9cessaire, tout en gardant vos yeux riv\u00e9s sur le texte. Les boutons utilis\u00e9s moins fr\u00e9quemment peuvent \u00eatre cach\u00e9s d\u2019un couvercle.\r\n<p class=\"ssttl\">Qualit\u00e9 d\u2019image exceptionnelle<\/p>\r\nB\u00e9n\u00e9ficiez de nos nombreuses ann\u00e9es d\u2019exp\u00e9rience dans le d\u00e9veloppement de t\u00e9l\u00e9agrandisseurs et voyez les plus fins d\u00e9tails des objets et des caract\u00e8res en contraste \u00e9lev\u00e9. Tous les appareils ClearView+ sont \u00e9quip\u00e9s de la toute derni\u00e8re technologie de traitement de vid\u00e9o, ce qui se traduit en caract\u00e8res aux bords lisses, en couleurs vives et en une repr\u00e9sentation r\u00e9elle des couleurs.\r\n<p class=\"ssttl\">Personnalis\u00e9 selon vos besoins<\/p>\r\nAdaptez le ClearView+ en fonction de vos besoins et de votre budget. Plusieurs mod\u00e8les sont disponibles avec des options de base ou avanc\u00e9es. S\u00e9lectionnez votre mod\u00e8le et personnalisez-le en s\u00e9lectionnant ses fonctions et la taille du moniteur. Tous nos mod\u00e8les ClearView+ offrent une connectivit\u00e9 d\u2019ordinateur standard.\r\n<h1 class=\"mttl\">Fonctionnalit\u00e9s<\/h1>\r\n<ul class=\"lst_product\">\r\n \t<li>Grossissement continu : 3.5X &#8211; 80X<\/li>\r\n \t<li>Cam\u00e9ra \u00e0 mise au point automatique avec zoom 10x<\/li>\r\n \t<li>Fonction pour figer la mise au point<\/li>\r\n \t<li>Traitement de vid\u00e9o sup\u00e9rieur procurant plus de plaisir de lecture<\/li>\r\n \t<li>\u00c9cran panoramique TFT pleine couleur de 22 po<\/li>\r\n \t<li>Modes de visualisation r\u00e9glables :\r\n<ul class=\"lst_product\">\r\n \t<li>&#8211; Mode photo pleine couleur<\/li>\r\n \t<li>&#8211; 2 combinaisons de couleurs standard \u00e0 contraste \u00e9lev\u00e9<\/li>\r\n \t<li>&#8211; 16 combinaisons de couleurs s\u00e9lectionables \u00e0 contraste \u00e9lev\u00e9 (optionnel)<\/li>\r\n<\/ul>\r\n<\/li>\r\n \t<li>Luminosit\u00e9 r\u00e9glable<\/li>\r\n \t<li>Contraste r\u00e9glable<\/li>\r\n \t<li>Fonction vue d\u2019ensemble (optionnel)<\/li>\r\n \t<li>Indicateur de position (optionnel)<\/li>\r\n \t<li>Lignes de lecture (optionnel)<\/li>\r\n \t<li>Caches (optionnel)<\/li>\r\n \t<li>Lumi\u00e8res int\u00e9gr\u00e9es pour un \u00e9clairage uniforme<\/li>\r\n \t<li>Bras ultra-flexible \u00e0 5 directions pour l\u2019ergonomie et le confort de lecture<\/li>\r\n \t<li>Plateau de lecture coulissant \u00e9quip\u00e9 d\u2019un frein \u00e9lectronique<\/li>\r\n \t<li>Compatible avec PC<\/li>\r\n \t<li>P\u00e9dale de contr\u00f4le (optionnel)<\/li>\r\n<\/ul>\r\n<h1 class=\"mttl\">T\u00e9l\u00e9chargement<\/h1>\r\n<h3>T\u00e9l\u00e9chargements disponible:<\/h3>\r\n<ul class=\"lst_product\">\r\n \t<li>\r\n<h4><a href=\"https:\/\/in.optelec.com\/downloads\/IN\/Optelec%20ClearView+%20User%20Manual%20ENG,%20DU,%20FR,%20NL,%20IT,%20SP,%20JP,%20CH%20V7.1.5.pdf\">ClearView+ Manuel d\u2019utilisation<\/a><\/h4>\r\n<\/li>\r\n<\/ul>","protected":false},"excerpt":{"rendered":"<h1>ClearView+ Colour 22 po avec bras flexible conventionnel<\/h1>\r\n<h4>Que diriez-vous d\u2019un t\u00e9l\u00e9agrandisseur vous procurant un confort de lecture optimal et des caract\u00e8res agrandis bien d\u00e9finis? \u00cates-vous \u00e0 la recherche d\u2019un appareil offrant une qualit\u00e9 d\u2019image sup\u00e9rieure, vous permettant de lire vos lettres en contraste \u00e9lev\u00e9 et de voir chaque petit d\u00e9tail? L\u2019ergonomique ClearView+ vous offre tout cela et bien plus.<\/h4>","protected":false},"featured_media":742,"comment_status":"closed","ping_status":"closed","template":"","meta":[],"product_brand":[],"product_cat":[33,38],"product_tag":[],"class_list":{"0":"post-812","1":"product","2":"type-product","3":"status-publish","4":"has-post-thumbnail","6":"product_cat-basse-vision","7":"product_cat-teleagrandisseurs","9":"first","10":"instock","11":"taxable","12":"shipping-taxable","13":"product-type-simple"},"_links":{"self":[{"href":"https:\/\/cecitech.com\/index.php?rest_route=\/wp\/v2\/product\/812","targetHints":{"allow":["GET"]}}],"collection":[{"href":"https:\/\/cecitech.com\/index.php?rest_route=\/wp\/v2\/product"}],"about":[{"href":"https:\/\/cecitech.com\/index.php?rest_route=\/wp\/v2\/types\/product"}],"replies":[{"embeddable":true,"href":"https:\/\/cecitech.com\/index.php?rest_route=%2Fwp%2Fv2%2Fcomments&post=812"}],"wp:featuredmedia":[{"embeddable":true,"href":"https:\/\/cecitech.com\/index.php?rest_route=\/wp\/v2\/media\/742"}],"wp:attachment":[{"href":"https:\/\/cecitech.com\/index.php?rest_route=%2Fwp%2Fv2%2Fmedia&parent=812"}],"wp:term":[{"taxonomy":"product_brand","embeddable":true,"href":"https:\/\/cecitech.com\/index.php?rest_route=%2Fwp%2Fv2%2Fproduct_brand&post=812"},{"taxonomy":"product_cat","embeddable":true,"href":"https:\/\/cecitech.com\/index.php?rest_route=%2Fwp%2Fv2%2Fproduct_cat&post=812"},{"taxonomy":"product_tag","embeddable":true,"href":"https:\/\/cecitech.com\/index.php?rest_route=%2Fwp%2Fv2%2Fproduct_tag&post=812"}],"curies":[{"name":"wp","href":"https:\/\/api.w.org\/{rel}","templated":true}]}}