{"id":801,"date":"2017-02-20T17:44:21","date_gmt":"2017-02-20T22:44:21","guid":{"rendered":"http:\/\/cecitech.com\/?post_type=product&#038;p=801"},"modified":"2023-04-27T07:14:04","modified_gmt":"2023-04-27T12:14:04","slug":"clearview-c-24-hd-twinview","status":"publish","type":"product","link":"https:\/\/cecitech.com\/?product=clearview-c-24-hd-twinview","title":{"rendered":"ClearView C 24 HD TwinView"},"content":{"rendered":"<h1 class=\"mttl\">Vue d&rsquo;ensemble<\/h1>\r\nLe nouveau ClearView C TwinView d\u2019Optelec est un t\u00e9l\u00e9agrandisseur de bureau unique qui affiche \u00e0 la fois l\u2019image de votre t\u00e9l\u00e9agrandisseur et de votre ordinateur sur un m\u00eame \u00e9cran partag\u00e9 \u00e0 l\u2019horizontale ou \u00e0 la verticale. Cette fonction unique d\u00e9tecte et ajuste automatiquement le logiciel de grossissement de votre ordinateur pour afficher l\u2019image de l\u2019ordinateur sur votre \u00e9cran en m\u00eame temps que l\u2019image de votre ClearView C.\r\n<p class=\"ssttl\">Une meilleure vue d\u2019ensemble, sans changer d\u2019\u00e9cran<\/p>\r\nD\u00e9couvrez le confort de la fonction d\u2019\u00e9cran partag\u00e9 en affichant l\u2019image de votre t\u00e9l\u00e9agrandisseur et de votre ordinateur sur le m\u00eame \u00e9cran. Le TwinView est compatible avec la plupart des logiciels de grossissement d\u2019\u00e9cran et ajuste automatiquement la fen\u00eatre de grossissement de votre ordinateur lorsque vous ajustez l\u2019\u00e9cran partag\u00e9 avec les boutons en contraste \u00e9lev\u00e9.\r\n<p class=\"ssttl\">Voir sans restrictions<\/p>\r\nNotre but en d\u00e9veloppant le ClearView C \u00e9tait d\u2019\u00e9liminer toutes les difficult\u00e9s que rencontrent les utilisateurs avec les t\u00e9l\u00e9agrandisseurs conventionnels. C\u2019est au terme d\u2019une longue \u00e9tude impliquant nos clients que nous en sommes arriv\u00e9s \u00e0 ce tout nouveau design.\r\n<p class=\"ssttl\">Lire de haut en bas<\/p>\r\nGr\u00e2ce au design novateur du ClearView C, votre lecture se fait maintenant naturellement \u00e0 partir du haut de la page jusqu\u2019au bas. Vous n\u2019aurez plus \u00e0 tirer la table contre vous pour pouvoir revenir au haut de la page. Cette innovation est unique parmi tous les t\u00e9l\u00e9agrandisseurs.\r\n<p class=\"ssttl\">Choisissez le confort et le design<\/p>\r\nLe ClearView C est con\u00e7u pour am\u00e9liorer votre confort de lecture mais aussi pour s\u2019int\u00e9grer harmonieusement \u00e0 votre d\u00e9cor int\u00e9rieur. Son design moderne et \u00e9l\u00e9gant en fait un ajout chic \u00e0 votre salon.\r\n<p class=\"ssttl\">Plus d\u2019espace pour travailler<\/p>\r\nLe design en forme de \u2018C\u2019 du ClearView C vous procure plus d\u2019espace pour travailler. Cela vous permet de pratiquer vos passe-temps favoris et de lire votre journal sans vous sentir \u00e0 l\u2019\u00e9troit.\r\n<p class=\"ssttl\">Des options de base ou avanc\u00e9es<\/p>\r\nLe ClearView C vous permet de s\u00e9lectionner des options de base ou des options avanc\u00e9es. Vous n\u2019avez qu\u2019\u00e0 retourner la t\u00e9l\u00e9commande lorsque vous n\u00e9cessitez des options plus avanc\u00e9es, soit pour utiliser les lignes de lecture, ajuster le contraste ou encore activer le mode \u00e9criture.\r\n<h3 class=\"ssttl\">D\u2019autres produits dans cette ligne :<\/h3>\r\nClearView C 21.5 HD : pour la lecture de texte en couleurs \u00e0 contraste \u00e9lev\u00e9, avec grossissement, sur un \u00e9cran haute d\u00e9finition de 21.5 pouces\r\nClearView C 24 HD : pour la lecture de texte en couleurs \u00e0 contraste \u00e9lev\u00e9, avec grossissement, sur un \u00e9cran haute d\u00e9finition de 24 pouces\r\nClearView C 24 HD Speech : pour \u00e9couter la lecture \u00e0 voix haute de vos documents\r\n<h1 class=\"mttl\">Fonctionnalit\u00e9s<\/h1>\r\n<ul class=\"lst_product\">\r\n \t<li>Grossissement continu 1.5X \u2013 75X (en option : jusqu\u2019\u00e0 170X)<\/li>\r\n \t<li>Traitement vid\u00e9o sup\u00e9rieur haute d\u00e9finition 1080p pour une image offrant plus de clart\u00e9 et de d\u00e9finition<\/li>\r\n \t<li>\u00c9cran large pleine couleur TFT de 24 pouces<\/li>\r\n \t<li>Modes de visionnement de document ajustables :\r\n<ul class=\"lst_product\">\r\n \t<li>Mode Photo Pleine Couleur<\/li>\r\n \t<li>16 combinaisons de couleurs \u00e0 contraste \u00e9lev\u00e9 \u00e0 s\u00e9lectionner pour augmenter le contraste et am\u00e9liorer la visibilit\u00e9<\/li>\r\n \t<li>De 1 \u00e0 4 combinaisons de couleurs \u00e0 contraste \u00e9lev\u00e9 pr\u00e9s\u00e9lectionn\u00e9es<\/li>\r\n<\/ul>\r\n<\/li>\r\n \t<li>En option : large plateau de table \u2018Confort\u2019, utile pour la lecture de documents de grand format et pour faire de l\u2019artisanat (voir :\u2019Accessoires\u2019)<\/li>\r\n \t<li>Luminosit\u00e9 r\u00e9glable<\/li>\r\n \t<li>Contraste r\u00e9glable<\/li>\r\n \t<li>Fonction Vue d\u2019ensemble<\/li>\r\n \t<li>Verrouillage de la mise au point<\/li>\r\n \t<li>Localisateur de position<\/li>\r\n \t<li>Lignes de lecture<\/li>\r\n \t<li>Fen\u00eatres et Caches<\/li>\r\n<\/ul>\r\n<h3>Choix de deux configurations :<\/h3>\r\n<ul class=\"lst_product\">\r\n \t<li>Standard (Compact), id\u00e9al pour une utilisation quotidienne<\/li>\r\n \t<li>Confort, id\u00e9al pour la lecture de documents de grand format (tel qu\u2019un journal) et pour l\u2019artisanat<\/li>\r\n \t<li>\u00c9clairage int\u00e9gr\u00e9 pour une luminosit\u00e9 uniforme et une \u00e9limination des reflets lors de la lecture de documents sur papier glac\u00e9<\/li>\r\n \t<li>Table de lecture sur glissi\u00e8res avec friction directionnelle ajustable et freins X et Y<\/li>\r\n \t<li>Connexion PC permettant de passer de l\u2019image du ClearView C \u00e0 l\u2019image du PC<\/li>\r\n \t<li>Dimensions du pied de l\u2019unit\u00e9 de base : 42 X 51 cm \/ 16.5 X 20.1 pouces<\/li>\r\n \t<li>Poids : 17.6 kg \/ 38.7 lb<\/li>\r\n<\/ul>\r\n<h1 class=\"mttl\">T\u00e9l\u00e9chargements<\/h1>\r\n<h3>Ces t\u00e9l\u00e9chargements sont disponibles:<\/h3>\r\n<ul class=\"lst_product\">\r\n \t<li>\r\n<h4><span style=\"color: #3366ff;\"><a style=\"color: #3366ff;\" href=\"https:\/\/in.optelec.com\/downloads\/IN\/Optelec%20ClearView%20C%20+Flex%20User%20Manual%20EN_NL_FR_ITA_SP_DE_CHIN_JAP%20V1.4.pdf\">Optelec ClearView C Manuel d\u2019utilisation 1.4 (PDF)<\/a><\/span><\/h4>\r\n<\/li>\r\n \t<li>\r\n<h4><span style=\"color: #3366ff;\"><a style=\"color: #3366ff;\" href=\"https:\/\/in.optelec.com\/downloads\/IN\/Optelec%20ClearView%20C%20+Flex%20User%20Manual%20EN_NL_FR_ITA_SP_DE_CHIN_JAP%20V1.4.docx\">Optelec ClearView C Manuel d\u2019utilisation 1.4 (Word)<\/a><\/span><\/h4>\r\n<\/li>\r\n<\/ul>","protected":false},"excerpt":{"rendered":"<h1>ClearView C 24 HD TwinView<\/h1>\r\n<h4>Recherchez-vous un t\u00e9l\u00e9agrandisseur \u00e0 l\u2019allure moderne vous permettant de visualiser \u00e0 la fois l\u2019image de votre ordinateur et celle de votre t\u00e9l\u00e9agrandisseur c\u00f4te \u00e0 c\u00f4te sur un m\u00eame \u00e9cran?<\/h4>","protected":false},"featured_media":738,"comment_status":"closed","ping_status":"closed","template":"","meta":[],"product_brand":[],"product_cat":[33,38],"product_tag":[],"class_list":{"0":"post-801","1":"product","2":"type-product","3":"status-publish","4":"has-post-thumbnail","6":"product_cat-basse-vision","7":"product_cat-teleagrandisseurs","9":"first","10":"instock","11":"taxable","12":"shipping-taxable","13":"product-type-simple"},"_links":{"self":[{"href":"https:\/\/cecitech.com\/index.php?rest_route=\/wp\/v2\/product\/801","targetHints":{"allow":["GET"]}}],"collection":[{"href":"https:\/\/cecitech.com\/index.php?rest_route=\/wp\/v2\/product"}],"about":[{"href":"https:\/\/cecitech.com\/index.php?rest_route=\/wp\/v2\/types\/product"}],"replies":[{"embeddable":true,"href":"https:\/\/cecitech.com\/index.php?rest_route=%2Fwp%2Fv2%2Fcomments&post=801"}],"wp:featuredmedia":[{"embeddable":true,"href":"https:\/\/cecitech.com\/index.php?rest_route=\/wp\/v2\/media\/738"}],"wp:attachment":[{"href":"https:\/\/cecitech.com\/index.php?rest_route=%2Fwp%2Fv2%2Fmedia&parent=801"}],"wp:term":[{"taxonomy":"product_brand","embeddable":true,"href":"https:\/\/cecitech.com\/index.php?rest_route=%2Fwp%2Fv2%2Fproduct_brand&post=801"},{"taxonomy":"product_cat","embeddable":true,"href":"https:\/\/cecitech.com\/index.php?rest_route=%2Fwp%2Fv2%2Fproduct_cat&post=801"},{"taxonomy":"product_tag","embeddable":true,"href":"https:\/\/cecitech.com\/index.php?rest_route=%2Fwp%2Fv2%2Fproduct_tag&post=801"}],"curies":[{"name":"wp","href":"https:\/\/api.w.org\/{rel}","templated":true}]}}