{"id":791,"date":"2017-02-20T16:38:51","date_gmt":"2017-02-20T21:38:51","guid":{"rendered":"http:\/\/cecitech.com\/?post_type=product&#038;p=791"},"modified":"2023-04-27T07:07:40","modified_gmt":"2023-04-27T12:07:40","slug":"clearview-c-24-hd-speech","status":"publish","type":"product","link":"https:\/\/cecitech.com\/?product=clearview-c-24-hd-speech","title":{"rendered":"ClearView C 24 HD Speech t\u00e9l\u00e9agrandisseur de bureau"},"content":{"rendered":"<h1 class=\"mttl\">Vue d&rsquo;ensemble<\/h1>\r\nLe nouveau ClearView C Speech est un t\u00e9l\u00e9agrandisseur de bureau unique con\u00e7u pour am\u00e9liorer votre exp\u00e9rience de lecture. Vous n\u2019avez qu\u2019\u00e0 s\u00e9lectionner votre voix de lecture favorite et \u00e0 \u00e9couter le ClearView C Speech bien assis confortablement dans votre fauteuil. La combinaison d\u2019une voix claire et d\u2019un grossissement ou contraste \u00e9lev\u00e9 rendent la lecture beaucoup plus facile.\r\n<p class=\"ssttl\">Lisez de longs documents gr\u00e2ce \u00e0 Text-to-Speech<\/p>\r\nLe ClearView C Speech convertit instantan\u00e9ment tout document \u00e9crit en parole, vous donnant acc\u00e8s aux informations dont vous avez besoin de la mani\u00e8re la plus confortable et facile qui soit. M\u00eame la lecture de longs textes est maintenant accessible.\r\n<p class=\"ssttl\">S\u00e9lectionnez facilement le texte \u00e0 lire gr\u00e2ce \u00e0 Point &amp; Read<\/p>\r\nVous n\u2019avez qu\u2019\u00e0 faire glisser votre doigt sur l\u2019\u00e9cran tactile pour vous d\u00e9placer dans votre document et vous n\u2019avez qu\u2019\u00e0 pointer un paragraphe, une colonne ou un mot pour le s\u00e9lectionner. C\u2019est vraiment si simple!\r\n<p class=\"ssttl\">Voyez la page enti\u00e8re pour une navigation facile et rapide<\/p>\r\nLe ClearView C affiche les pages enti\u00e8res et identifie automatiquement la mise en page du document. Cela vous assure de pouvoir naviguer dans le document rapidement en sachant toujours o\u00f9 vous vous situez.\r\n<p class=\"ssttl\">Conservez vos documents ou regardez vos photos<\/p>\r\nLe ClearView C Speech vous permet de conserver vos documents importants, vos lettres et vos livres et de visualiser vos photos num\u00e9riques. Vous pouvez entreposer vos documents et visualiser vos photos sur une carte SD ou une cl\u00e9 USB et y avoir acc\u00e8s facilement dans le besoin.\r\n<p class=\"ssttl\">Voir sans restrictions<\/p>\r\nNotre but en d\u00e9veloppant le ClearView C \u00e9tait d\u2019\u00e9liminer toutes les difficult\u00e9s que rencontrent les utilisateurs avec les t\u00e9l\u00e9agrandisseurs conventionnels. C\u2019est au terme d\u2019une longue \u00e9tude impliquant nos clients que nous en sommes arriv\u00e9s \u00e0 ce tout nouveau design.\r\n<p class=\"ssttl\">Choisissez le confort et le design<\/p>\r\nLe ClearView C est con\u00e7u pour am\u00e9liorer votre confort de lecture mais aussi pour s\u2019int\u00e9grer harmonieusement \u00e0 votre d\u00e9cor int\u00e9rieur. Son design moderne et \u00e9l\u00e9gant en fait un ajout chic \u00e0 votre salon.\r\n<p class=\"ssttl\">D\u2019autres produits dans cette ligne :<\/p>\r\n\r\n<ul class=\"lst_product\">\r\n \t<li>ClearView C 21.5 HD : pour la lecture de texte en couleurs \u00e0 contraste \u00e9lev\u00e9, avec grossissement, sur un \u00e9cran haute d\u00e9finition de 21.5 pouces<\/li>\r\n \t<li>ClearView C 24 HD : pour la lecture de texte en couleurs \u00e0 contraste \u00e9lev\u00e9, avec grossissement, sur un \u00e9cran haute d\u00e9finition de 24 pouces<\/li>\r\n \t<li>ClearView C 24 HD TwinView : pour afficher l\u2019image de votre t\u00e9l\u00e9agrandisseur et celle de votre ordinateur c\u00f4te \u00e0 c\u00f4te sur un m\u00eame \u00e9cran en qualit\u00e9 HD<\/li>\r\n<\/ul>\r\n<h1 class=\"mttl\">Fonctionnalit\u00e9s<\/h1>\r\n<ul class=\"lst_product\">\r\n \t<li>Grossissement continu 1.5X \u2013 75X (en option : jusqu\u2019\u00e0 170X)<\/li>\r\n \t<li>Traitement vid\u00e9o sup\u00e9rieur haute d\u00e9finition 1080p pour une image offrant plus de clart\u00e9 et de d\u00e9finition<\/li>\r\n \t<li>\u00c9cran large pleine couleur TFT de 24 pouces<\/li>\r\n \t<li>Fonction Point &amp; Read : interface tactile intuitive<\/li>\r\n \t<li>Vue d\u2019ensemble : Vue enti\u00e8re page A4<\/li>\r\n \t<li>Assistance \u00e0 la lecture avec reconnaissance automatique de zone de texte<\/li>\r\n \t<li>Reconnaissance de texte rapide (OCR)<\/li>\r\n \t<li>Plus de 60 voix de lecture en 30 langues<\/li>\r\n \t<li>Sauvegarde et ouverture de documents sur carte SD et cl\u00e9 USB<\/li>\r\n \t<li>Menu \u00e0 ic\u00f4nes et police de grand format<\/li>\r\n \t<li>Commande du volume<\/li>\r\n \t<li>Commande du d\u00e9bit de lecture<\/li>\r\n \t<li>Visionnement de photos num\u00e9riques<\/li>\r\n \t<li>Haut-parleurs st\u00e9r\u00e9o int\u00e9gr\u00e9s<\/li>\r\n \t<li>Port \u00e0 carte SD<\/li>\r\n \t<li>Port \u00e0 cl\u00e9 USB<\/li>\r\n \t<li>Connexion pour \u00e9couteurs<\/li>\r\n \t<li>Modes de visionnement de document ajustables :\r\n<ul class=\"lst_product\">\r\n \t<li>Mode Photo Pleine Couleur<\/li>\r\n \t<li>16 combinaisons de couleurs \u00e0 contraste \u00e9lev\u00e9 \u00e0 s\u00e9lectionner pour augmenter le contraste et am\u00e9liorer la visibilit\u00e9<\/li>\r\n \t<li>De 1 \u00e0 4 combinaisons de couleurs \u00e0 contraste \u00e9lev\u00e9 pr\u00e9s\u00e9lectionn\u00e9es<\/li>\r\n<\/ul>\r\n<\/li>\r\n \t<li>En option : large plateau de table \u2018Confort\u2019, utile pour la lecture de documents de grand format et pour faire de l\u2019artisanat (voir :\u2019Accessoires\u2019)<\/li>\r\n \t<li>Luminosit\u00e9 r\u00e9glable<\/li>\r\n \t<li>Contraste r\u00e9glable<\/li>\r\n \t<li>Fonction Vue d\u2019ensemble<\/li>\r\n \t<li>Verrouillage de la mise au point<\/li>\r\n \t<li>Localisateur de position<\/li>\r\n \t<li>Lignes de lecture<\/li>\r\n \t<li>Fen\u00eatres et Caches<\/li>\r\n \t<li>Choix de deux configurations :\r\n<ul class=\"lst_product\">\r\n \t<li>Standard (Compact), id\u00e9al pour une utilisation quotidienne<\/li>\r\n \t<li>Confort, id\u00e9al pour la lecture de documents de grand format (tel qu\u2019un journal) et pour l\u2019artisanat<\/li>\r\n<\/ul>\r\n<\/li>\r\n \t<li>\u00c9clairage int\u00e9gr\u00e9 pour une luminosit\u00e9 uniforme et une \u00e9limination des reflets lors de la lecture de documents sur papier glac\u00e9<\/li>\r\n \t<li>Table de lecture sur glissi\u00e8res avec friction directionnelle ajustable et freins X et Y<\/li>\r\n \t<li>Connexion PC permettant de passer de l\u2019image du ClearView C \u00e0 l\u2019image du PC<\/li>\r\n \t<li>Dimensions du pied de l\u2019unit\u00e9 de base : 42 X 51 cm \/ 16.5 X 20.1 pouces<\/li>\r\n \t<li>Poids : 18.9 kg \/ 41.7 lb<\/li>\r\n<\/ul>\r\n<h1 class=\"mttl\">T\u00e9l\u00e9chargements<\/h1>\r\n<h3>Ces t\u00e9l\u00e9chargements sont disponibles:<\/h3>\r\n<ul class=\"lst_product\">\r\n \t<li>\r\n<h4><span style=\"color: #3366ff;\"><a style=\"color: #3366ff;\" href=\"https:\/\/in.optelec.com\/downloads\/IN\/Optelec%20ClearView%20Speech%20User%20Manual%20EN,%20NL,%20FR,%20IT,%20SP,%20DE%20V2.0.pdf\">Optelec ClearView Speech Manuel d\u2019utilisation 2.0 (PDF)<\/a><\/span><\/h4>\r\n<\/li>\r\n \t<li>\r\n<h4><span style=\"color: #3366ff;\"><a style=\"color: #3366ff;\" href=\"https:\/\/in.optelec.com\/downloads\/IN\/Optelec%20ClearView%20Speech%20User%20Manual%20EN,%20NL,%20FR,%20IT,%20SP,%20DE%20V2.0.docx\">Optelec ClearView Speech Manuel d\u2019utilisation 2.0 (Word)<\/a><\/span><\/h4>\r\n<\/li>\r\n \t<li>\r\n<h4><span style=\"color: #3366ff;\"><a style=\"color: #3366ff;\" href=\"https:\/\/in.optelec.com\/downloads\/IN\/Optelec%20ClearView%20C%20+Flex%20User%20Manual%20EN_NL_FR_ITA_SP_DE_CHIN_JAP%20V1.4.pdf\">Optelec ClearView C Manuel d\u2019utilisation 1.4 (PDF)<\/a><\/span><\/h4>\r\n<\/li>\r\n \t<li>\r\n<h4><span style=\"color: #3366ff;\"><a style=\"color: #3366ff;\" href=\"https:\/\/in.optelec.com\/downloads\/IN\/Optelec%20ClearView%20C%20+Flex%20User%20Manual%20EN_NL_FR_ITA_SP_DE_CHIN_JAP%20V1.4.docx\">Optelec ClearView C Manuel d\u2019utilisation 1.4 (Word)<\/a><\/span><\/h4>\r\n<\/li>\r\n<\/ul>","protected":false},"excerpt":{"rendered":"<h1>ClearView C 24 HD Speech t\u00e9l\u00e9agrandisseur de bureau<\/h1>\r\n<h4>Trouvez-vous la lecture fatigante? Recherchez-vous un appareil \u00e9l\u00e9gant pouvant lire vos documents \u00e0 voix haute?<\/h4>","protected":false},"featured_media":782,"comment_status":"closed","ping_status":"closed","template":"","meta":[],"product_brand":[],"product_cat":[33,38],"product_tag":[],"class_list":{"0":"post-791","1":"product","2":"type-product","3":"status-publish","4":"has-post-thumbnail","6":"product_cat-basse-vision","7":"product_cat-teleagrandisseurs","9":"first","10":"instock","11":"taxable","12":"shipping-taxable","13":"product-type-simple"},"_links":{"self":[{"href":"https:\/\/cecitech.com\/index.php?rest_route=\/wp\/v2\/product\/791","targetHints":{"allow":["GET"]}}],"collection":[{"href":"https:\/\/cecitech.com\/index.php?rest_route=\/wp\/v2\/product"}],"about":[{"href":"https:\/\/cecitech.com\/index.php?rest_route=\/wp\/v2\/types\/product"}],"replies":[{"embeddable":true,"href":"https:\/\/cecitech.com\/index.php?rest_route=%2Fwp%2Fv2%2Fcomments&post=791"}],"wp:featuredmedia":[{"embeddable":true,"href":"https:\/\/cecitech.com\/index.php?rest_route=\/wp\/v2\/media\/782"}],"wp:attachment":[{"href":"https:\/\/cecitech.com\/index.php?rest_route=%2Fwp%2Fv2%2Fmedia&parent=791"}],"wp:term":[{"taxonomy":"product_brand","embeddable":true,"href":"https:\/\/cecitech.com\/index.php?rest_route=%2Fwp%2Fv2%2Fproduct_brand&post=791"},{"taxonomy":"product_cat","embeddable":true,"href":"https:\/\/cecitech.com\/index.php?rest_route=%2Fwp%2Fv2%2Fproduct_cat&post=791"},{"taxonomy":"product_tag","embeddable":true,"href":"https:\/\/cecitech.com\/index.php?rest_route=%2Fwp%2Fv2%2Fproduct_tag&post=791"}],"curies":[{"name":"wp","href":"https:\/\/api.w.org\/{rel}","templated":true}]}}