{"id":612,"date":"2017-02-19T23:27:58","date_gmt":"2017-02-20T04:27:58","guid":{"rendered":"http:\/\/cecitech.com\/?post_type=product&#038;p=612"},"modified":"2023-05-27T07:27:02","modified_gmt":"2023-05-27T12:27:02","slug":"optelec-traveller-hd","status":"publish","type":"product","link":"https:\/\/cecitech.com\/?product=optelec-traveller-hd","title":{"rendered":"Optelec Traveller HD"},"content":{"rendered":"<h3 class=\"mttl\">Emportez-le partout<\/h3>\r\nLe Traveller HD est diff\u00e9rent des autres t\u00e9l\u00e9agrandisseurs de bureau traditionnels, il vous permet de lire vos lettres, journaux et autres documents assis confortablement \u00e0 la table, dans votre lit ou dans votre causeuse. Que vous soyez \u00e0 la maison, au bureau, \u00e0 l\u2019\u00e9cole ou en vacances, le Traveller HD est votre compagnon de lecture id\u00e9al gr\u00e2ce, entre autres, \u00e0 son poids l\u00e9ger.\r\n<h4 class=\"ssttl\">Glisser pour lire<\/h4>\r\nLe Traveller HD am\u00e9liore votre fluidit\u00e9 en lecture. Son m\u00e9canisme unique \u2018\u2019Glisser pour lire\u2019\u2019 vous procure une exp\u00e9rience de lecture plus naturelle. Cela est particuli\u00e8rement vrai pour les gens qui ont de la difficult\u00e9 \u00e0 tenir leur appareil de lecture d\u2019une poigne ferme et stable. Vous n\u2019avez qu\u2019\u00e0 glisser l\u2019\u00e9cran sur une ligne de texte pour le visualiser. Il n\u2019a jamais \u00e9t\u00e9 si facile de suivre la ligne ou la phrase. En glissant l\u2019\u00e9cran de cette fa\u00e7on, vous pouvez reconna\u00eetre la forme de chaque mot. L\u2019\u00e9cran large vous permet de voir une ligne de texte plus compl\u00e8te, ce qui rend votre lecture plus fluide.\r\n<h4 class=\"ssttl\">Qualit\u00e9 d\u2019image sup\u00e9rieure<\/h4>\r\nProfitez d\u2019une image en haute d\u00e9finition et d\u2019un zoom continu et variable avec un grossissement ajustable d\u00e9butant \u00e0 2,4 X. L\u2019\u00e9cran \u00e0 luminosit\u00e9 \u00e9lev\u00e9e de 13,3 pouces du Traveller HD vous permet de voir les plus petits d\u00e9tails de vos photos et documents.\r\n<h4 class=\"ssttl\">Ce qui rend le Traveller HD unique :<\/h4>\r\n<ul class=\"lst_product\">\r\n \t<li>1. Le rouleau permet la navigation sans efforts du haut au bas du document.<\/li>\r\n \t<li>2. Les glissi\u00e8res vous aident \u00e0 suivre une ligne droite.<\/li>\r\n \t<li>3. Utilisez le bouton-cadran pour r\u00e9gler le niveau de grossissement.<\/li>\r\n \t<li>4. Les lignes de lecture vous aident \u00e0 rester droit lorsque vous naviguez horizontalement.<\/li>\r\n \t<li>5. L\u2019\u00e9cran large de 13,3 pouces facilite la reconnaissance des mots affich\u00e9s. La luminosit\u00e9 est pleinement ajustable, de tr\u00e8s lumineux \u00e0 un \u00e9clairage doux.<\/li>\r\n \t<li>6. Appuyez sur le bouton Ouvrir \/ Fermer pour d\u00e9verrouiller le Traveller HD ou pour le verrouiller en place et le s\u00e9curiser.<\/li>\r\n<\/ul>\r\n<h1 class=\"mttl\">Fonctionnalit\u00e9s<\/h1>\r\n<ul class=\"lst_product\">\r\n \t<li>L\u00e9ger<\/li>\r\n \t<li>M\u00e9canisme unique \u2018\u2019Glisser pour lire\u2019\u2019<\/li>\r\n \t<li>Pr\u00eat \u00e0 \u00eatre utilis\u00e9 d\u00e8s que l\u2019\u00e9cran est en position de lecture<\/li>\r\n \t<li>Con\u00e7u pour bouger ais\u00e9ment sur le mat\u00e9riel de lecture<\/li>\r\n \t<li>Qualit\u00e9 d\u2019image Haute D\u00e9finition<\/li>\r\n \t<li>\u00c9cran large TFT de 13,3 pouces pleine couleur<\/li>\r\n \t<li>Position d\u2019\u00e9cran inclin\u00e9e pour une visualisation ergonomique<\/li>\r\n \t<li>Zoom continu: 2,4 X \u2013 30 X<\/li>\r\n \t<li>Modes de visualisation de document ajustables :\r\n<ul class=\"lst_product\">\r\n \t<li>Mode Photo pleine couleur<\/li>\r\n \t<li>Jusqu\u2019\u00e0 4 modes \u00e0 contraste \u00e9lev\u00e9 personnalisables pour faciliter votre lecture (16 combinaisons de couleurs \u00e0 contraste \u00e9lev\u00e9 disponibles)<\/li>\r\n<\/ul>\r\n<\/li>\r\n \t<li>Menu \u00e0 grandes ic\u00f4nes, convenable pour la basse vision<\/li>\r\n \t<li>Fonction de capture instantan\u00e9e: sauvegardez jusqu\u2019\u00e0 1000 images, option permettant de changer les demi-couleurs \u00e0 contraste \u00e9lev\u00e9\r\nLigne de lecture<\/li>\r\n \t<li>Batterie rechargeable : environ 3 heures d\u2019utilisation \/ 6 heures de charge<\/li>\r\n \t<li>\u00c9clairage DEL int\u00e9gr\u00e9 pour un \u00e9clairage uniforme<\/li>\r\n \t<li>Poids : 1995 g<\/li>\r\n \t<li>Dimensions: 365 x 240 x 49 mm<\/li>\r\n<\/ul>\r\n<h1 class=\"mttl\">T\u00e9l\u00e9chargements<\/h1>\r\nCes t\u00e9l\u00e9chargements sont disponibles:\r\n<ul class=\"lst_product\">\r\n \t<li><span style=\"color: #3366ff;\"><a style=\"color: #3366ff;\" href=\"https:\/\/in.optelec.com\/downloads\/IN\/Optelec%20Traveller%20HD%20User%20Manual%20EN_NL_FR_IT_SP_DE_JAP%20V1.4.pdf\">Optelec Traveller HD Manuel d&rsquo;utilisation 1.4 (PDF)<\/a><\/span><\/li>\r\n \t<li><span style=\"color: #3366ff;\"><a style=\"color: #3366ff;\" href=\"https:\/\/in.optelec.com\/downloads\/IN\/Optelec%20Traveller%20HD%20User%20Manual%20EN_NL_FR_IT_SP_DE_JAP%20V1.4.docx\">Optelec Traveller HD Manuel d&rsquo;utilisation 1.4 (Word)<\/a><\/span><\/li>\r\n<\/ul>","protected":false},"excerpt":{"rendered":"<h1>Optelec Traveller HD<\/h1>\r\n<h4>Souhaitez-vous pouvoir lire \u00e0 de multiples endroits? Recherchez-vous une exp\u00e9rience de lecture plus naturelle et plus fluide?<\/h4>","protected":false},"featured_media":789,"comment_status":"closed","ping_status":"closed","template":"","meta":[],"product_brand":[],"product_cat":[33,38],"product_tag":[],"class_list":{"0":"post-612","1":"product","2":"type-product","3":"status-publish","4":"has-post-thumbnail","6":"product_cat-basse-vision","7":"product_cat-teleagrandisseurs","9":"first","10":"instock","11":"taxable","12":"shipping-taxable","13":"product-type-simple"},"_links":{"self":[{"href":"https:\/\/cecitech.com\/index.php?rest_route=\/wp\/v2\/product\/612","targetHints":{"allow":["GET"]}}],"collection":[{"href":"https:\/\/cecitech.com\/index.php?rest_route=\/wp\/v2\/product"}],"about":[{"href":"https:\/\/cecitech.com\/index.php?rest_route=\/wp\/v2\/types\/product"}],"replies":[{"embeddable":true,"href":"https:\/\/cecitech.com\/index.php?rest_route=%2Fwp%2Fv2%2Fcomments&post=612"}],"wp:featuredmedia":[{"embeddable":true,"href":"https:\/\/cecitech.com\/index.php?rest_route=\/wp\/v2\/media\/789"}],"wp:attachment":[{"href":"https:\/\/cecitech.com\/index.php?rest_route=%2Fwp%2Fv2%2Fmedia&parent=612"}],"wp:term":[{"taxonomy":"product_brand","embeddable":true,"href":"https:\/\/cecitech.com\/index.php?rest_route=%2Fwp%2Fv2%2Fproduct_brand&post=612"},{"taxonomy":"product_cat","embeddable":true,"href":"https:\/\/cecitech.com\/index.php?rest_route=%2Fwp%2Fv2%2Fproduct_cat&post=612"},{"taxonomy":"product_tag","embeddable":true,"href":"https:\/\/cecitech.com\/index.php?rest_route=%2Fwp%2Fv2%2Fproduct_tag&post=612"}],"curies":[{"name":"wp","href":"https:\/\/api.w.org\/{rel}","templated":true}]}}