{"id":508,"date":"2016-11-17T08:04:13","date_gmt":"2016-11-17T04:04:13","guid":{"rendered":"http:\/\/cecitech.com\/wp\/?post_type=product&#038;p=508"},"modified":"2023-04-28T06:21:40","modified_gmt":"2023-04-28T11:21:40","slug":"focus-80-blue","status":"publish","type":"product","link":"https:\/\/cecitech.com\/?product=focus-80-blue","title":{"rendered":"Focus 80 Blue"},"content":{"rendered":"<h1 class=\"mttl\">Vue d&rsquo;ensemble<\/h1>\r\nLe Focus 80 Blue dispose de 80 cellules Braille, d\u2019un clavier \u00e0 r\u00e9action rapide et de commandes simples d\u2019utilisation qui vous permettent de travailler confortablement et efficacement pendant des heures. Le Bluetooth\u00ae int\u00e9gr\u00e9 et les connexions USB vous permettent de travailler avec deux ordinateurs et de passer d\u2019un \u00e0 l\u2019autre sans confusion. Utilisez avec le lecteur d\u2019\u00e9cran JAWS\u00ae pour naviguer dans Windows\u00ae et \u00e9crivez en Braille abr\u00e9g\u00e9 avec le clavier Perkins.\r\n\r\nL\u2019alignement ergonomique des commandes du Focus 80 Blue est con\u00e7u sp\u00e9cifiquement pour un positionnement naturel des mains, une \u00e9conomie de mouvement et un confort accru durant les longues sessions de travail. Les barres-boutons \u00e0 bascule NAV exclusifs vous offrent une navigation fluide soit par ligne, par phrase ou par paragraphe, vous permettant de vous d\u00e9placer rapidement dans de longs documents pour vous rendre directement \u00e0 la partie du document qui vous int\u00e9resse.\r\n<h1 class=\"mttl\">Fonctionnalit\u00e9s<\/h1>\r\n<ul class=\"lst_product\">\r\n \t<li>80 cellules Braille renouvelables<\/li>\r\n \t<li>Clavier Braille \u00e0 8 points<\/li>\r\n \t<li>Boutons pratiques \u00e0 utiliser avec le pouce et boutons panoramiques<\/li>\r\n \t<li>Les boutons \u00e0 bascule NAV exclusifs \u00e0 Freedom Scientific vous permettent de vous d\u00e9placer rapidement par ligne, phrase, paragraphe ou de voir le document en entier.<\/li>\r\n \t<li>Sensation au toucher semblable au papier<\/li>\r\n \t<li>Bouton \u00e0 r\u00e9p\u00e9tition ajustable pour d\u00e9placement et mode panoramique rapide<\/li>\r\n \t<li>Ajustez la fermet\u00e9 des points Braille selon vos pr\u00e9f\u00e9rences avec VariBraille<\/li>\r\n<\/ul>\r\n<p class=\"ssttl\">Fonctions de compatibilit\u00e9 et de connectivit\u00e9<\/p>\r\n\r\n<ul class=\"lst_product\">\r\n \t<li>Bluetooth 2.0 et connectivit\u00e9 USB 2.0 \u2013 permettant d\u2019alterner entre deux appareils connect\u00e9s<\/li>\r\n \t<li>Compatible d\u00e8s la r\u00e9ception avec les appareils Android et iOS tels qu\u2019iPhone\u00ae et iPad<\/li>\r\n \t<li>Compatible avec les produits Apple\u00ae<\/li>\r\n \t<li>Utilisez avec JAWS pour un acc\u00e8s combin\u00e9 audio et Braille<\/li>\r\n \t<li>Utilisez avec JAWS pour apprendre ou enseigner le Braille avec Braille Study Mode<\/li>\r\n \t<li>Fonctionne avec JAWS BrailleIn\u2122 pour une entr\u00e9e Braille abr\u00e9g\u00e9 dans Windows\u00ae<\/li>\r\n \t<li>Fonctionne avec Talks et Mobile Speak<\/li>\r\n<\/ul>\r\n<h1 class=\"mttl\">T\u00e9l\u00e9chargements<\/h1>\r\n<h3>Ces t\u00e9l\u00e9chargements sont disponibles:<\/h3>\r\n<ul class=\"lst_product\">\r\n \t<li>\r\n<h4><span style=\"color: #3366ff;\"><a style=\"color: #3366ff;\" href=\"http:\/\/www.freedomscientific.com\/Content\/Documents\/Manuals\/Focus\/Focus80Blue\/Focus80-Blue-Users-Guide.pdf\">Focus 80 Blue Manuel d\u2019utilisation<\/a><\/span><\/h4>\r\n<\/li>\r\n<\/ul>","protected":false},"excerpt":{"rendered":"<h1>Focus 80 Blue<\/h1>\r\n<h4>Poss\u00e8de un profil fusel\u00e9 et un positionnement ergonomique des commandes pour que vous restiez confortable lors de longues sessions de travail.<\/h4>","protected":false},"featured_media":506,"comment_status":"closed","ping_status":"closed","template":"","meta":[],"product_brand":[],"product_cat":[32,30],"product_tag":[],"class_list":{"0":"post-508","1":"product","2":"type-product","3":"status-publish","4":"has-post-thumbnail","6":"product_cat-afficheur-braille","7":"product_cat-cecite","9":"first","10":"instock","11":"taxable","12":"shipping-taxable","13":"product-type-simple"},"_links":{"self":[{"href":"https:\/\/cecitech.com\/index.php?rest_route=\/wp\/v2\/product\/508","targetHints":{"allow":["GET"]}}],"collection":[{"href":"https:\/\/cecitech.com\/index.php?rest_route=\/wp\/v2\/product"}],"about":[{"href":"https:\/\/cecitech.com\/index.php?rest_route=\/wp\/v2\/types\/product"}],"replies":[{"embeddable":true,"href":"https:\/\/cecitech.com\/index.php?rest_route=%2Fwp%2Fv2%2Fcomments&post=508"}],"wp:featuredmedia":[{"embeddable":true,"href":"https:\/\/cecitech.com\/index.php?rest_route=\/wp\/v2\/media\/506"}],"wp:attachment":[{"href":"https:\/\/cecitech.com\/index.php?rest_route=%2Fwp%2Fv2%2Fmedia&parent=508"}],"wp:term":[{"taxonomy":"product_brand","embeddable":true,"href":"https:\/\/cecitech.com\/index.php?rest_route=%2Fwp%2Fv2%2Fproduct_brand&post=508"},{"taxonomy":"product_cat","embeddable":true,"href":"https:\/\/cecitech.com\/index.php?rest_route=%2Fwp%2Fv2%2Fproduct_cat&post=508"},{"taxonomy":"product_tag","embeddable":true,"href":"https:\/\/cecitech.com\/index.php?rest_route=%2Fwp%2Fv2%2Fproduct_tag&post=508"}],"curies":[{"name":"wp","href":"https:\/\/api.w.org\/{rel}","templated":true}]}}