{"id":503,"date":"2016-11-17T07:54:38","date_gmt":"2016-11-17T03:54:38","guid":{"rendered":"http:\/\/cecitech.com\/wp\/?post_type=product&#038;p=503"},"modified":"2023-04-28T06:47:54","modified_gmt":"2023-04-28T11:47:54","slug":"focus-14-blue","status":"publish","type":"product","link":"https:\/\/cecitech.com\/?product=focus-14-blue","title":{"rendered":"Focus 14 Blue"},"content":{"rendered":"<h1 class=\"mttl\">Vue d&rsquo;ensemble<\/h1>\r\nLe confort, la facilit\u00e9 de transport et les fonctions avanc\u00e9es du Focus 14 Blue en font l\u2019appareil d\u2019interface Braille transportable par excellence. Un clavier \u00e0 8 points \u00e0 r\u00e9ponse rapide ainsi qu\u2019une connectivit\u00e9 USB et Bluetooth\u00ae uniforme font du Focus 14 Blue l\u2019assistant id\u00e9al pour la prise de notes sur t\u00e9l\u00e9phones intelligents, iPads\u00ae, tablettes et autres appareils mobiles.\r\n\r\nGr\u00e2ce \u00e0 son confort, sa portabilit\u00e9 et ses fonctions avanc\u00e9es, vous pourrez lire vos messages textes, naviguer sur l\u2019\u00e9cran de votre t\u00e9l\u00e9phone intelligent et entrer du texte \u2013 sans avoir \u00e0 sortir votre t\u00e9l\u00e9phone de votre poche ou de votre sac.\r\n<h1 class=\"mttl\">Fonctionnalit\u00e9s<\/h1>\r\n<ul class=\"lst_product\">\r\n \t<li>14 cellules Braille<\/li>\r\n \t<li>Clavier Braille \u00e0 8 points<\/li>\r\n \t<li>R\u00e9ponse rapide, sensation au toucher semblable au papier<\/li>\r\n \t<li>Compact et durable \u2013 con\u00e7u pour un transport facile<\/li>\r\n \t<li>Boutons pratiques pour les pouces, boutons panorama et boutons \u00e0 bascule NAV<\/li>\r\n \t<li>Batterie rechargeable par USB<\/li>\r\n \t<li>Peut \u00eatre utilis\u00e9 directement dans son sac de transport<\/li>\r\n<\/ul>\r\n<p class=\"ssttl\">Fonctions de compatibilit\u00e9 et de connectivit\u00e9<\/p>\r\n\r\n<ul class=\"lst_product\">\r\n \t<li>Bluetooth 2.0 et connectivit\u00e9 USB 2.0 \u2013 permettant d\u2019alterner entre deux appareils connect\u00e9s<\/li>\r\n \t<li>Compatible d\u00e8s la r\u00e9ception avec les appareils Android et iOS tels qu\u2019iPhone\u00ae et iPad<\/li>\r\n \t<li>Utilisez avec JAWS pour un acc\u00e8s combin\u00e9 audio et Braille<\/li>\r\n \t<li>Fonctionne avec JAWS BrailleIn\u2122 pour une entr\u00e9e Braille abr\u00e9g\u00e9 dans Windows\u00ae<\/li>\r\n \t<li>Braille Study Mode avec JAWS<\/li>\r\n \t<li>Fonctionne avec Talks et Mobile Speak<\/li>\r\n<\/ul>\r\n<h1 class=\"mttl\">T\u00e9l\u00e9chargements<\/h1>\r\n<h3>Ces t\u00e9l\u00e9chargements sont disponibles:<\/h3>\r\n<ul class=\"lst_product\">\r\n \t<li>\r\n<h4><span style=\"color: #3366ff;\"><a style=\"color: #3366ff;\" href=\"http:\/\/www.freedomscientific.com\/Content\/Documents\/Manuals\/Focus\/Focus14Blue\/Focus14-Blue-Users-Guide.pdf\">Focus 14 Blue Manuel d\u2019utilisation<\/a><\/span><\/h4>\r\n<\/li>\r\n<\/ul>","protected":false},"excerpt":{"rendered":"<h1>Focus 14 Blue<\/h1>\r\n<h4>Le confort, la facilit\u00e9 de transport et les fonctions avanc\u00e9es du Focus 14 Blue en font l\u2019appareil d\u2019interface Braille transportable par excellence.<\/h4>","protected":false},"featured_media":504,"comment_status":"closed","ping_status":"closed","template":"","meta":[],"product_brand":[],"product_cat":[32,30],"product_tag":[],"class_list":{"0":"post-503","1":"product","2":"type-product","3":"status-publish","4":"has-post-thumbnail","6":"product_cat-afficheur-braille","7":"product_cat-cecite","9":"first","10":"instock","11":"taxable","12":"shipping-taxable","13":"product-type-simple"},"_links":{"self":[{"href":"https:\/\/cecitech.com\/index.php?rest_route=\/wp\/v2\/product\/503","targetHints":{"allow":["GET"]}}],"collection":[{"href":"https:\/\/cecitech.com\/index.php?rest_route=\/wp\/v2\/product"}],"about":[{"href":"https:\/\/cecitech.com\/index.php?rest_route=\/wp\/v2\/types\/product"}],"replies":[{"embeddable":true,"href":"https:\/\/cecitech.com\/index.php?rest_route=%2Fwp%2Fv2%2Fcomments&post=503"}],"wp:featuredmedia":[{"embeddable":true,"href":"https:\/\/cecitech.com\/index.php?rest_route=\/wp\/v2\/media\/504"}],"wp:attachment":[{"href":"https:\/\/cecitech.com\/index.php?rest_route=%2Fwp%2Fv2%2Fmedia&parent=503"}],"wp:term":[{"taxonomy":"product_brand","embeddable":true,"href":"https:\/\/cecitech.com\/index.php?rest_route=%2Fwp%2Fv2%2Fproduct_brand&post=503"},{"taxonomy":"product_cat","embeddable":true,"href":"https:\/\/cecitech.com\/index.php?rest_route=%2Fwp%2Fv2%2Fproduct_cat&post=503"},{"taxonomy":"product_tag","embeddable":true,"href":"https:\/\/cecitech.com\/index.php?rest_route=%2Fwp%2Fv2%2Fproduct_tag&post=503"}],"curies":[{"name":"wp","href":"https:\/\/api.w.org\/{rel}","templated":true}]}}