{"id":483,"date":"2016-11-17T07:27:10","date_gmt":"2016-11-17T03:27:10","guid":{"rendered":"http:\/\/cecitech.com\/wp\/?post_type=product&#038;p=483"},"modified":"2023-04-28T07:22:43","modified_gmt":"2023-04-28T12:22:43","slug":"alva-usb-640-comfort","status":"publish","type":"product","link":"https:\/\/cecitech.com\/?product=alva-usb-640-comfort","title":{"rendered":"ALVA USB 640 Comfort"},"content":{"rendered":"<h1 class=\"mttl\">Vue d&rsquo;ensemble<\/h1>\r\n<p class=\"ssttl\">Un acc\u00e8s efficace \u00e0 l\u2019information<\/p>\r\nProfitez d&rsquo;un acc\u00e8s instantan\u00e9 \u00e0 votre ordinateur ou votre tablette. Naviguez sur le Web, lisez vos courriels ou confirmez vos rendez-vous en Braille. En utilisant la connexion USB haute vitesse, l&rsquo;ALVA 640 USB Comfort se connecte \u00e0 votre PC ou MAC sans effort et sans avoir \u00e0 installer de pilote.\r\n<p class=\"ssttl\">Profitez d\u2019un affichage homog\u00e8ne en Braille<\/p>\r\nL\u2019ALVA USB 640 Comfort vous garantie une exp\u00e9rience digne d\u2019une lecture sur papier, gr\u00e2ce \u00e0 la finition parfaite de ses capuchons Braille et \u00e0 la richesse de ses cellules Braille qui utilisent la m\u00eame technologie que l\u2019ALVA BC 640 Comfort.\r\n<p class=\"ssttl\">Compact et portatif<\/p>\r\nL\u2019ALVA USB 640 Comfort est facilement transportable de la maison au bureau ou \u00e0 d&rsquo;autres endroits, gr\u00e2ce \u00e0 son design compact et portatif.\r\n<h1 class=\"mttl\">Fonctionnalit\u00e9s<\/h1>\r\n<ul class=\"lst_product\">\r\n \t<li>40 cellules Braille : pour la lecture<\/li>\r\n \t<li>Capuchons de cellules en une pi\u00e8ce<\/li>\r\n \t<li>40 touches de d\u00e9placement du curseur plac\u00e9s en dessous de la ligne de braille<\/li>\r\n \t<li>5 touches de navigation \u00e0 pouce<\/li>\r\n \t<li>4 touches de navigation<\/li>\r\n \t<li>Port USB haute vitesse<\/li>\r\n \t<li>Dimensions: 33,8 x 7,5 x 1,8 cm \/ 13,3 x 2,9 x 0,7 po<\/li>\r\n \t<li>Poids: 550 g \/ 1,1 lb<\/li>\r\n<\/ul>\r\n<p class=\"ssttl\">Compatibilit\u00e9 du lecteur d&rsquo;\u00e9cran<\/p>\r\n<p class=\"ssttl\">Windows 7 (32-bits et 64-bits) :<\/p>\r\n\r\n<ul class=\"lst_product\">\r\n \t<li>JAWS (Version 10 ou plus)<\/li>\r\n \t<li>SuperNova<\/li>\r\n \t<li>Window-Eyes<\/li>\r\n \t<li>System Access To Go<\/li>\r\n<\/ul>\r\n<p class=\"ssttl\">Windows Vista et Windows XP :<\/p>\r\n\r\n<ul class=\"lst_product\">\r\n \t<li>JAWS (Version 10 ou plus)<\/li>\r\n \t<li>SuperNova<\/li>\r\n \t<li>Window-Eyes<\/li>\r\n \t<li>System Access To Go<\/li>\r\n<\/ul>\r\n<span class=\"ssttl\">Apple Mac OS X Snow Leopard, Lyon et Mountain Lyon :<\/span> VoiceOver\r\n\r\n<span class=\"ssttl\">Linux :<\/span> BRLTTY\r\n<h1 class=\"mttl\">T\u00e9l\u00e9chargements<\/h1>\r\n<h3 class=\"ssttl\">Ces t\u00e9l\u00e9chargements sont disponibles:<\/h3>\r\n<ul class=\"lst_product\">\r\n \t<li>\r\n<h4><span style=\"color: #3366ff;\"><a style=\"color: #3366ff;\" href=\"https:\/\/ca.optelec.com\/binaries\/content\/documents\/optelec-canadian-fr-website\/products\/a-usb-640-cf-alva-usb-640-comfort\/a-usb-640-cf-alva-usb-640-comfort\/optelec%3Adownloads\/optelec%3Afile\">ALVA USB 640 Comfort Manuel d\u2019utilisation<\/a><\/span><\/h4>\r\n<\/li>\r\n \t<li>\r\n<h4><span style=\"color: #3366ff;\"><a style=\"color: #3366ff;\" href=\"http:\/\/in.optelec.com\/downloads\/IN\/ALVA%206%20Braille%20Contraction%20Tables%20Setup%20V1.1.exe\">ALVA 6 Braille Contraction Tables Setup V1.1<\/a><\/span><\/h4>\r\n<\/li>\r\n \t<li>\r\n<h4><span style=\"color: #3366ff;\"><a style=\"color: #3366ff;\" href=\"http:\/\/in.optelec.com\/downloads\/IN\/ALVA%206%20CD%20V4%20for%20Windows%207%20and%208.iso\">ALVA 6 CD V4 for Windows 7 and 8<\/a><\/span><\/h4>\r\n<\/li>\r\n \t<li>\r\n<h4><span style=\"color: #3366ff;\"><a style=\"color: #3366ff;\" href=\"http:\/\/in.optelec.com\/downloads\/IN\/ALVA%206%20Software%20Setup%20Dolphin%20V4.0.2.0_4.0.1.0_6.12.5.0%20for%20Windows%207%20and%208.exe\">ALVA 6 Software Setup Dolphin V4.0 for Windows 7 and 8<\/a><\/span><\/h4>\r\n<\/li>\r\n \t<li>\r\n<h4><span style=\"color: #3366ff;\"><a style=\"color: #3366ff;\" href=\"http:\/\/in.optelec.com\/downloads\/IN\/ALVA%206%20Software%20Setup%20JAWS%20V4.0.8.0_4.0.1.0_6.12.5.0%20for%20Windows%207%20and%208.exe\">ALVA 6 Software Setup JAWS V4.0.8.0 for Windows 7 and 8<\/a><\/span><\/h4>\r\n<\/li>\r\n \t<li>\r\n<h4><span style=\"color: #3366ff;\"><a style=\"color: #3366ff;\" href=\"http:\/\/in.optelec.com\/downloads\/IN\/ALVA%206%20Software%20Setup%20Window-Eyes%20V4.0.0.0_4.0.1.0_6.12.5.0%20for%20Windows%207%20and%208.exe\">ALVA 6 Software Setup Window-Eyes v4 for Windows 7 and 8<\/a><\/span><\/h4>\r\n<\/li>\r\n \t<li>\r\n<h4><span style=\"color: #3366ff;\"><a style=\"color: #3366ff;\" href=\"http:\/\/in.optelec.com\/downloads\/IN\/ALVA%20USB%20640%20Comfort%20Driver%20V3.0.5.5.zip\">Alva USB 640 Comfort Driver V3.0.5.5.<\/a><\/span><\/h4>\r\n<\/li>\r\n<\/ul>","protected":false},"excerpt":{"rendered":"<h1>ALVA USB 640 Comfort<\/h1>\r\n<h4>Est-ce que vous lisez en Braille? Aimeriez-vous poss\u00e9der un appareil qui puisse convertir toute l\u2019information sur votre \u00e9cran d\u2019ordinateur en une ligne homog\u00e8ne de caract\u00e8res Braille?<\/h4>","protected":false},"featured_media":487,"comment_status":"closed","ping_status":"closed","template":"","meta":[],"product_brand":[],"product_cat":[32,30],"product_tag":[],"class_list":{"0":"post-483","1":"product","2":"type-product","3":"status-publish","4":"has-post-thumbnail","6":"product_cat-afficheur-braille","7":"product_cat-cecite","9":"first","10":"instock","11":"taxable","12":"shipping-taxable","13":"product-type-simple"},"_links":{"self":[{"href":"https:\/\/cecitech.com\/index.php?rest_route=\/wp\/v2\/product\/483","targetHints":{"allow":["GET"]}}],"collection":[{"href":"https:\/\/cecitech.com\/index.php?rest_route=\/wp\/v2\/product"}],"about":[{"href":"https:\/\/cecitech.com\/index.php?rest_route=\/wp\/v2\/types\/product"}],"replies":[{"embeddable":true,"href":"https:\/\/cecitech.com\/index.php?rest_route=%2Fwp%2Fv2%2Fcomments&post=483"}],"wp:featuredmedia":[{"embeddable":true,"href":"https:\/\/cecitech.com\/index.php?rest_route=\/wp\/v2\/media\/487"}],"wp:attachment":[{"href":"https:\/\/cecitech.com\/index.php?rest_route=%2Fwp%2Fv2%2Fmedia&parent=483"}],"wp:term":[{"taxonomy":"product_brand","embeddable":true,"href":"https:\/\/cecitech.com\/index.php?rest_route=%2Fwp%2Fv2%2Fproduct_brand&post=483"},{"taxonomy":"product_cat","embeddable":true,"href":"https:\/\/cecitech.com\/index.php?rest_route=%2Fwp%2Fv2%2Fproduct_cat&post=483"},{"taxonomy":"product_tag","embeddable":true,"href":"https:\/\/cecitech.com\/index.php?rest_route=%2Fwp%2Fv2%2Fproduct_tag&post=483"}],"curies":[{"name":"wp","href":"https:\/\/api.w.org\/{rel}","templated":true}]}}