{"id":435,"date":"2016-11-11T05:51:17","date_gmt":"2016-11-11T01:51:17","guid":{"rendered":"http:\/\/cecitech.com\/wp\/?post_type=product&#038;p=435"},"modified":"2023-05-27T07:38:30","modified_gmt":"2023-05-27T12:38:30","slug":"lampe-daylight-sur-socle-de-table-blanc","status":"publish","type":"product","link":"https:\/\/cecitech.com\/?product=lampe-daylight-sur-socle-de-table-blanc","title":{"rendered":"Lampe daylight\u2122 sur socle de table, Blanc"},"content":{"rendered":"<h1 class=\"mttl\">Description<\/h1>\r\nLa lampe sur table la plus populaire de notre gamme a \u00e9t\u00e9 redessin\u00e9e. D\u00e9sormais, elle a une t\u00eate pivotante \u2018Easy-twist\u2019 320\u00b0, tr\u00e8s utile si vous souhaitez orienter le tube de 18W daylight\u2122 sur un point pr\u00e9cis de votre travail. De plus, elle est maintenant livr\u00e9e avec un transformateur \u00e9lectronique (aucun scintillement) pour une qualit\u00e9 de lumi\u00e8re irr\u00e9prochable et bien entendu une loupe sur bras de 13cm de diam\u00e8tre et de puissance 1.75X pour tous vos travaux de pr\u00e9cision.\r\n<ul class=\"lst_product\">\r\n \t<li>Lampe de table multifonctions id\u00e9ale pour la lecture et les travaux manuels<\/li>\r\n \t<li>Abat-jour orientable \u00e0 320\u00b0<\/li>\r\n \t<li>Tube daylight\u2122 18W basse consommation (\u00e9quivalent : 300W)<\/li>\r\n \t<li>Rayonnement de 8700 Lux \u00e0 15cm et de 2950 Lux \u00e0 30cm<\/li>\r\n \t<li>La luminosit\u00e9 totale en Lumens est de 1200 lm<\/li>\r\n \t<li>Lumi\u00e8re sans scintillement, pour lire et travailler en tout confort plus<\/li>\r\n \t<li>longtemps<\/li>\r\n \t<li>Technologie daylight\u2122 destin\u00e9e \u00e0 r\u00e9duire la fatigue oculaire et les \u00e9blouissements<\/li>\r\n \t<li>Rendu des couleurs pr\u00e9cis. D\u00e9tails facilement visibles<\/li>\r\n \t<li>Bras amovible avec loupe de 13cm\/5&Prime; (grossissement 1,75X)<\/li>\r\n \t<li>Support de table et tube daylight\u2122 fournis<\/li>\r\n<\/ul>\r\n<h1 class=\"mttl\">Caract\u00e9ristiques<\/h1>\r\n<ul class=\"lst_product\">\r\n \t<li>100% flexible, 100% pratique<\/li>\r\n \t<li>Abat-jour Easytwist\u2122 inclinable \u00e0 320\u00b0<\/li>\r\n \t<li>Eco-friendly, utilise 80% d\u2019\u00e9nergie en moins<\/li>\r\n \t<li>Loupe d\u00e9tachable : Voici pourquoi nos lampes sont si populaires. Nous avons ajout\u00e9 une loupe \u00e0 la lumiere Daylight\u2122 pour vous aider \u00e0 voir les d\u00e9tails de vos cr\u00e9ations. Une innovation sign\u00e9e Daylight\u2122.<\/li>\r\n \t<li>Lumi\u00e8re blanche daylight\u2122<\/li>\r\n \t<li>Puissante loupe de 13cm de diam\u00e8tre.<\/li>\r\n<\/ul>\r\n<h1 class=\"mttl\">Info techniques<\/h1>\r\n<ul class=\"lst_product\">\r\n \t<li>Hauteur: 44.5cm (17\u00bd inches)<\/li>\r\n \t<li>Poids : 3.18kg (7 lbs)Poids<\/li>\r\n \t<li>Longueur du bras: 44cm (17\u00bd inches)<\/li>\r\n \t<li>Diam\u00e8tre de la lentille : 13cm (5 inches)Diam\u00e8tre de la lentille<\/li>\r\n \t<li>Grossissement: 1.75x<\/li>\r\n \t<li>Lumi\u00e8re: 18W (100W)<\/li>\r\n<\/ul>","protected":false},"excerpt":{"rendered":"<h1>Lampe daylight\u2122 sur socle de table, Blanc<\/h1>\r\n<h4>La lampe sur table la plus populaire de notre gamme !<\/h4>","protected":false},"featured_media":436,"comment_status":"closed","ping_status":"closed","template":"","meta":[],"product_brand":[],"product_cat":[53],"product_tag":[],"class_list":{"0":"post-435","1":"product","2":"type-product","3":"status-publish","4":"has-post-thumbnail","6":"product_cat-lampes","8":"first","9":"instock","10":"taxable","11":"shipping-taxable","12":"product-type-simple"},"_links":{"self":[{"href":"https:\/\/cecitech.com\/index.php?rest_route=\/wp\/v2\/product\/435","targetHints":{"allow":["GET"]}}],"collection":[{"href":"https:\/\/cecitech.com\/index.php?rest_route=\/wp\/v2\/product"}],"about":[{"href":"https:\/\/cecitech.com\/index.php?rest_route=\/wp\/v2\/types\/product"}],"replies":[{"embeddable":true,"href":"https:\/\/cecitech.com\/index.php?rest_route=%2Fwp%2Fv2%2Fcomments&post=435"}],"wp:featuredmedia":[{"embeddable":true,"href":"https:\/\/cecitech.com\/index.php?rest_route=\/wp\/v2\/media\/436"}],"wp:attachment":[{"href":"https:\/\/cecitech.com\/index.php?rest_route=%2Fwp%2Fv2%2Fmedia&parent=435"}],"wp:term":[{"taxonomy":"product_brand","embeddable":true,"href":"https:\/\/cecitech.com\/index.php?rest_route=%2Fwp%2Fv2%2Fproduct_brand&post=435"},{"taxonomy":"product_cat","embeddable":true,"href":"https:\/\/cecitech.com\/index.php?rest_route=%2Fwp%2Fv2%2Fproduct_cat&post=435"},{"taxonomy":"product_tag","embeddable":true,"href":"https:\/\/cecitech.com\/index.php?rest_route=%2Fwp%2Fv2%2Fproduct_tag&post=435"}],"curies":[{"name":"wp","href":"https:\/\/api.w.org\/{rel}","templated":true}]}}