{"id":417,"date":"2016-11-11T03:18:49","date_gmt":"2016-11-10T23:18:49","guid":{"rendered":"http:\/\/cecitech.com\/wp\/?post_type=product&#038;p=417"},"modified":"2023-05-29T08:28:52","modified_gmt":"2023-05-29T13:28:52","slug":"sciplus-2200","status":"publish","type":"product","link":"https:\/\/cecitech.com\/?product=sciplus-2200","title":{"rendered":"SciPlus 3200"},"content":{"rendered":"<h1>DESCRIPTION<\/h1>\r\nLa calculatrice gros caract\u00e8res SciPlus 3200<strong>\u00a0effectue des calculs et des fractions scientifiques, statistiques et trigonom\u00e9triques<\/strong>.\u00a0Elle ex\u00e9cute un panomara complet de<strong>\u00a0fonctions math\u00e9matiques et statistiques avanc\u00e9es<\/strong>.\r\n<h1 class=\"mttl\">Principales fonctions<\/h1>\r\n<ul class=\"lst_product\">\r\n \t<li>Trigonom\u00e9trie.<\/li>\r\n \t<li>Fractions et op\u00e9rations.<\/li>\r\n \t<li>Conversion latitude\/ Longitude.<\/li>\r\n \t<li>Op\u00e9rations statistiques.<\/li>\r\n \t<li>Conversions rectangulaires.<\/li>\r\n \t<li>Fonction m\u00e9moire.<\/li>\r\n \t<li>Et bien d&rsquo;autres !<\/li>\r\n<\/ul>\r\n<h1 class=\"mttl\">Points forts<\/h1>\r\n<ul class=\"lst_product\">\r\n \t<li><strong>4 lignes d&rsquo;affichage grands caract\u00e8res<\/strong>\u00a0avec contraste s\u00e9lectionnable.<\/li>\r\n \t<li><strong>R\u00e9tro\u00e9clairage\u00a0<\/strong>de l&rsquo;\u00e9cran r\u00e9glable pour compenser les situations de faible luminosit\u00e9.<\/li>\r\n \t<li><strong>Inverse vid\u00e9o<\/strong>.<\/li>\r\n \t<li><strong>Batterie longue dur\u00e9e de vie rechargeable par USB<\/strong>\u00a0(chargeur inclus).<\/li>\r\n \t<li>Manuel de l&rsquo;utilisateur en\u00a0<strong>gros caract\u00e8res<\/strong>.<\/li>\r\n \t<li><strong>\u00c9tui\u00a0<\/strong>de rangement fourni.<\/li>\r\n<\/ul>\r\n<h1 class=\"mttl\">Cract\u00e9ristiques techniques<\/h1>\r\n<ul class=\"lst_product\">\r\n \t<li>Grandes touches 16 mm.<\/li>\r\n \t<li>\u00c9cran 15 cm, 4 lignes grands caract\u00e8res.<\/li>\r\n \t<li>R\u00e9tro\u00e9clairage r\u00e9glable.<\/li>\r\n \t<li>Poids : 600 g.<\/li>\r\n \t<li>Batterie longue dur\u00e9e.<\/li>\r\n \t<li>Chargeur USB inclus.<\/li>\r\n \t<li>Coloris : argent ou bleu.<\/li>\r\n<\/ul>","protected":false},"excerpt":{"rendered":"<div class=\"std\">\r\n<h1>La calculatrice SciPlus 3200<\/h1>\r\n<h3>est le mod\u00e8le de base de calculatrice scientifique adapt\u00e9e aux personnes d\u00e9ficientes visuelles, avec un affichage en grands caract\u00e8res contrast\u00e9s pour les utilisateurs malvoyants.<\/h3>\r\n<\/div>","protected":false},"featured_media":1157,"comment_status":"closed","ping_status":"closed","template":"","meta":[],"product_brand":[],"product_cat":[52],"product_tag":[],"class_list":{"0":"post-417","1":"product","2":"type-product","3":"status-publish","4":"has-post-thumbnail","6":"product_cat-vie-quotidienne","8":"first","9":"instock","10":"taxable","11":"shipping-taxable","12":"product-type-simple"},"_links":{"self":[{"href":"https:\/\/cecitech.com\/index.php?rest_route=\/wp\/v2\/product\/417","targetHints":{"allow":["GET"]}}],"collection":[{"href":"https:\/\/cecitech.com\/index.php?rest_route=\/wp\/v2\/product"}],"about":[{"href":"https:\/\/cecitech.com\/index.php?rest_route=\/wp\/v2\/types\/product"}],"replies":[{"embeddable":true,"href":"https:\/\/cecitech.com\/index.php?rest_route=%2Fwp%2Fv2%2Fcomments&post=417"}],"wp:featuredmedia":[{"embeddable":true,"href":"https:\/\/cecitech.com\/index.php?rest_route=\/wp\/v2\/media\/1157"}],"wp:attachment":[{"href":"https:\/\/cecitech.com\/index.php?rest_route=%2Fwp%2Fv2%2Fmedia&parent=417"}],"wp:term":[{"taxonomy":"product_brand","embeddable":true,"href":"https:\/\/cecitech.com\/index.php?rest_route=%2Fwp%2Fv2%2Fproduct_brand&post=417"},{"taxonomy":"product_cat","embeddable":true,"href":"https:\/\/cecitech.com\/index.php?rest_route=%2Fwp%2Fv2%2Fproduct_cat&post=417"},{"taxonomy":"product_tag","embeddable":true,"href":"https:\/\/cecitech.com\/index.php?rest_route=%2Fwp%2Fv2%2Fproduct_tag&post=417"}],"curies":[{"name":"wp","href":"https:\/\/api.w.org\/{rel}","templated":true}]}}