{"id":414,"date":"2016-11-11T03:13:19","date_gmt":"2016-11-10T23:13:19","guid":{"rendered":"http:\/\/cecitech.com\/wp\/?post_type=product&#038;p=414"},"modified":"2023-05-29T08:50:33","modified_gmt":"2023-05-29T13:50:33","slug":"stinger-lampe-torche-rechargeable","status":"publish","type":"product","link":"https:\/\/cecitech.com\/?product=stinger-lampe-torche-rechargeable","title":{"rendered":"Stinger"},"content":{"rendered":"<h1 class=\"sttl\">La lampe torche standard la plus fiable \u00e0 travers le monde.<\/h1>\r\n<h1 class=\"mttl\">Sp\u00e9cifications<\/h1>\r\n<ul class=\"lst_product\">\r\n \t<li>Ampoule deux broches au x\u00e9non gazeux ; ampoule de rechange dans le capuchon arri\u00e8re<\/li>\r\n \t<li>Faisceau \u00e0 focalisation r\u00e9glable<\/li>\r\n \t<li>Jusqu\u2019\u00e0 11 000 candela (intensit\u00e9 en faisceau de pointe) ; 90 lumens<\/li>\r\n \t<li>Batterie de 3 accumulateurs nickel-cadmium sub-C de 3,6 V<\/li>\r\n \t<li>Batterie NiMH sub-C de 3,6 V \u00e0 3 accus rechargeable jusqu\u2019\u00e0 1 000 fois fournie avec les mod\u00e8les europ\u00e9ens 230 V AC et 12 V DC.<\/li>\r\n \t<li>Jusqu\u2019\u00e0 1.25 heure d\u2019utilisation continue<\/li>\r\n \t<li>Chargeur rapide disponible<\/li>\r\n \t<li>187 mm<\/li>\r\n \t<li>283 g<\/li>\r\n \t<li>Propos\u00e9e en noir<\/li>\r\n \t<li>Assembl\u00e9 aux \u00c9tats-Unis<\/li>\r\n<\/ul>","protected":false},"excerpt":{"rendered":"<h1>Stinger<\/h1>\r\n<h3>La lampe de poche standard le plus fiable dans le monde entier.<\/h3>","protected":false},"featured_media":415,"comment_status":"closed","ping_status":"closed","template":"","meta":[],"product_brand":[],"product_cat":[52],"product_tag":[],"class_list":{"0":"post-414","1":"product","2":"type-product","3":"status-publish","4":"has-post-thumbnail","6":"product_cat-vie-quotidienne","8":"first","9":"instock","10":"taxable","11":"shipping-taxable","12":"product-type-simple"},"_links":{"self":[{"href":"https:\/\/cecitech.com\/index.php?rest_route=\/wp\/v2\/product\/414","targetHints":{"allow":["GET"]}}],"collection":[{"href":"https:\/\/cecitech.com\/index.php?rest_route=\/wp\/v2\/product"}],"about":[{"href":"https:\/\/cecitech.com\/index.php?rest_route=\/wp\/v2\/types\/product"}],"replies":[{"embeddable":true,"href":"https:\/\/cecitech.com\/index.php?rest_route=%2Fwp%2Fv2%2Fcomments&post=414"}],"wp:featuredmedia":[{"embeddable":true,"href":"https:\/\/cecitech.com\/index.php?rest_route=\/wp\/v2\/media\/415"}],"wp:attachment":[{"href":"https:\/\/cecitech.com\/index.php?rest_route=%2Fwp%2Fv2%2Fmedia&parent=414"}],"wp:term":[{"taxonomy":"product_brand","embeddable":true,"href":"https:\/\/cecitech.com\/index.php?rest_route=%2Fwp%2Fv2%2Fproduct_brand&post=414"},{"taxonomy":"product_cat","embeddable":true,"href":"https:\/\/cecitech.com\/index.php?rest_route=%2Fwp%2Fv2%2Fproduct_cat&post=414"},{"taxonomy":"product_tag","embeddable":true,"href":"https:\/\/cecitech.com\/index.php?rest_route=%2Fwp%2Fv2%2Fproduct_tag&post=414"}],"curies":[{"name":"wp","href":"https:\/\/api.w.org\/{rel}","templated":true}]}}