{"id":402,"date":"2016-11-11T03:05:38","date_gmt":"2016-11-10T23:05:38","guid":{"rendered":"http:\/\/cecitech.com\/wp\/?post_type=product&#038;p=402"},"modified":"2023-05-30T08:47:45","modified_gmt":"2023-05-30T13:47:45","slug":"ultracane","status":"publish","type":"product","link":"https:\/\/cecitech.com\/?product=ultracane","title":{"rendered":"UltraCane"},"content":{"rendered":"<h1 class=\"mttl\">Qu&rsquo;est-ce que l\u2019Ultracanne ?<\/h1>\r\nC\u2019est une aide \u00e9lectronique fondamentale, bas\u00e9e sur la canne blanche traditionnelle, mais recelant quelques diff\u00e9rences de taille:\r\nElle utilise les \u00e9chos ultrasoniques pour d\u00e9tecter les obstacles qui sont dans les environs. Ceci inclut les objets \u00e0 hauteur de t\u00eate comme les r\u00e9troviseurs de camions.\r\nElle procure un feedback tactile plut\u00f4t qu\u2019auditif qui pourrait interf\u00e9rer avec d\u2019autres informations de danger. Diff\u00e9rents boutons indiquent la direction de l\u2019objet. L\u2019intensit\u00e9 de la vibration d\u00e9termine \u00e0 quelle distance il se trouve.\r\nCe type de feedback acc\u00e8de \u00e0 l\u2019aire de votre cerveau qui cartographie votre environnement. Vous acqu\u00e9rez ainsi une perception imm\u00e9diate de la disposition des \u00e9l\u00e9ments qui vous entourent.\r\n<h1 class=\"mttl\">Technologie avanc\u00e9e, simple d\u2019utilisation<\/h1>\r\nL\u2019Ultracanne n\u00e9cessite \u00e9tonnamment peu d\u2019apprentissage. 73% des utilisateurs se sentaient aptes end\u00e9ans une semaine. C\u2019est l\u2019une des raisons pour laquelle l\u2019Ultracanne a remport\u00e9 le prix du \u00ab Tomorrow\u2019s World Health Innovation and European Electronics Design Application \u00bb.\r\n<h1 class=\"mttl\">Con\u00e7ue avec les d\u00e9ficients visuels \u00e0 l\u2019esprit<\/h1>\r\nLe d\u00e9veloppement de l\u2019UltraCanne a dur\u00e9 6 ans. Au d\u00e9part, on la surnommait: \u201cBatcane\u201d car elle s\u2019inspire de la mani\u00e8re dont les chauves-souris se dirigent dans l\u2019obscurit\u00e9. \u00c0 partir de l\u2019id\u00e9e de base, nous avons discut\u00e9 avec des centaines de d\u00e9ficients visuels et incorpor\u00e9s leurs suggestions afin de vous proposer un produit fonctionnel et facile \u00e0 utiliser.\r\n<h1 class=\"mttl\">Simple d\u2019utilisation<\/h1>\r\nNos testeurs nous ont dit qu\u2019ils d\u00e9siraient une aide fondamentale qui rendrait leurs vies plus facile. Leurs id\u00e9es ont donn\u00e9 naissance \u00e0 un produit simple qui:\r\n<ul class=\"lst_product\">\r\n \t<li>D\u00e9tecte de multiples objets dans les alentours ;<\/li>\r\n \t<li>A un senseur pour les obstacles en hauteur et pr\u00e9vient beaucoup plus \u00e0 l\u2019avance qu\u2019une canne blanche ordinaire.<\/li>\r\n \t<li>Est intuitive, il suffit de l\u2019allumer et de se mettre en route ;<\/li>\r\n \t<li>Est ergonomique ;<\/li>\r\n \t<li>\u00c9labore \u00e0 partir des aptitudes acquises en utilisant une canne blanche ordinaire.<\/li>\r\n \t<li>Est robuste, r\u00e9sistante et facile \u00e0 entretenir.<\/li>\r\n \t<li>Est en graphite de carbone t\u00e9lescopique, d\u2019o\u00f9 sa l\u00e9g\u00e8ret\u00e9.<\/li>\r\n \t<li>Fonctionne sur deux piles rechargeables, AA, r\u00e9duisant ainsi les frais de fonctionnement.<\/li>\r\n<\/ul>\r\n<h1 class=\"mttl\">Chacun est diff\u00e9rent<\/h1>\r\n<h3>L\u2019Ultracanne peut \u00eatre personnalis\u00e9e pour s\u2019adapter \u00e0 votre style et \u00e0 votre taille.<\/h3>\r\n<ul class=\"lst_product\">\r\n \t<li>Vous avez le choix entre dix longueurs diff\u00e9rentes : 105cm, 110cm, 115 cm, 120 cm 125cm 130cm, 135cm, 140cm, 145 cm, 150cm.<\/li>\r\n \t<li>Autres tailles sur demande.Vous pouvez choisir votre embout : fin (pencil), goutte (teardrop), roulant ou jumbo roulant.<\/li>\r\n \t<li>Vous pouvez alterner entre une d\u00e9tection proche ou lointaine: l\u2019Ultracanne d\u00e9tecte les objets \u00e0 2 m ou \u00e0 4 m de vous.<\/li>\r\n \t<li>Vous adaptez ainsi l\u2019information re\u00e7ue au type d\u2019environnement dans lequel vous vous trouvez.<\/li>\r\n<\/ul>","protected":false},"excerpt":{"rendered":"<h1>UltraCane<\/h1>\r\n<h3>Une aide \u00e9lectronique fondamentale !<\/h3>","protected":false},"featured_media":403,"comment_status":"closed","ping_status":"closed","template":"","meta":[],"product_brand":[],"product_cat":[52],"product_tag":[],"class_list":{"0":"post-402","1":"product","2":"type-product","3":"status-publish","4":"has-post-thumbnail","6":"product_cat-vie-quotidienne","8":"first","9":"instock","10":"taxable","11":"shipping-taxable","12":"product-type-simple"},"_links":{"self":[{"href":"https:\/\/cecitech.com\/index.php?rest_route=\/wp\/v2\/product\/402","targetHints":{"allow":["GET"]}}],"collection":[{"href":"https:\/\/cecitech.com\/index.php?rest_route=\/wp\/v2\/product"}],"about":[{"href":"https:\/\/cecitech.com\/index.php?rest_route=\/wp\/v2\/types\/product"}],"replies":[{"embeddable":true,"href":"https:\/\/cecitech.com\/index.php?rest_route=%2Fwp%2Fv2%2Fcomments&post=402"}],"wp:featuredmedia":[{"embeddable":true,"href":"https:\/\/cecitech.com\/index.php?rest_route=\/wp\/v2\/media\/403"}],"wp:attachment":[{"href":"https:\/\/cecitech.com\/index.php?rest_route=%2Fwp%2Fv2%2Fmedia&parent=402"}],"wp:term":[{"taxonomy":"product_brand","embeddable":true,"href":"https:\/\/cecitech.com\/index.php?rest_route=%2Fwp%2Fv2%2Fproduct_brand&post=402"},{"taxonomy":"product_cat","embeddable":true,"href":"https:\/\/cecitech.com\/index.php?rest_route=%2Fwp%2Fv2%2Fproduct_cat&post=402"},{"taxonomy":"product_tag","embeddable":true,"href":"https:\/\/cecitech.com\/index.php?rest_route=%2Fwp%2Fv2%2Fproduct_tag&post=402"}],"curies":[{"name":"wp","href":"https:\/\/api.w.org\/{rel}","templated":true}]}}