{"id":400,"date":"2016-11-11T03:00:47","date_gmt":"2016-11-10T23:00:47","guid":{"rendered":"http:\/\/cecitech.com\/wp\/?post_type=product&#038;p=400"},"modified":"2023-05-30T09:21:29","modified_gmt":"2023-05-30T14:21:29","slug":"lecteur-cd-milestone","status":"publish","type":"product","link":"https:\/\/cecitech.com\/?product=lecteur-cd-milestone","title":{"rendered":"Lecteur CD Milestone"},"content":{"rendered":"<h1 class=\"mttl\">Ins\u00e9rer. Copier. Profiter.<\/h1>\r\nLe <span class=\"ssttl\">lecteur CD Milestone<\/span> est le suppl\u00e9ment parfait pour Milestone 212 et 312. Vous pouvez facilement copier vos CD sur votre Milestone. Vous n&rsquo;avez plus besoin d&rsquo;un ordinateur. Vous pouvez maintenant copier la musique, des livres d&rsquo;un CD directement sur votre Milestone.\r\n\r\nLe plus r\u00e9cent suppl\u00e9ment pour Milestone 212 et 312 est le lecteur de CD Milestone. Connectez-le \u00e0 Milestone en appuyant sur un seul bouton et tous les fichiers audio et les donn\u00e9es commune sont copi\u00e9s plus rapidement sur \u200b\u200bla carte SD dans votre Milestone. Les fichiers Musique sont automatiquement convertis en fichiers MP3 ou WAV, donc vous n&rsquo;avez donc plus besoin d&rsquo;un ordinateur. D\u00e9couvrez la superbe qualit\u00e9 de notre encodeur MP3 &#8211; class\u00e9 comme le meilleur du monde.\r\n\r\nComme toujours, la manipulation est tr\u00e8s simple et se fait via Milestone. Le c\u00e2ble de connexion fournit simultan\u00e9ment Milestone et le lecteur CD, ce qui assure un processus simple.","protected":false},"excerpt":{"rendered":"<h1>Le lecteur CD Milestone est tr\u00e8s chic.<\/h1>\r\n<h3>Il est l\u00e9ger et facile \u00e0 utiliser. Il est con\u00e7u pour le Milestone 212 et le Milestone 312. La manipulation comme toujours se fait via Milestone.<\/h3>","protected":false},"featured_media":401,"comment_status":"closed","ping_status":"closed","template":"","meta":[],"product_brand":[],"product_cat":[52],"product_tag":[],"class_list":{"0":"post-400","1":"product","2":"type-product","3":"status-publish","4":"has-post-thumbnail","6":"product_cat-vie-quotidienne","8":"first","9":"instock","10":"taxable","11":"shipping-taxable","12":"product-type-simple"},"_links":{"self":[{"href":"https:\/\/cecitech.com\/index.php?rest_route=\/wp\/v2\/product\/400","targetHints":{"allow":["GET"]}}],"collection":[{"href":"https:\/\/cecitech.com\/index.php?rest_route=\/wp\/v2\/product"}],"about":[{"href":"https:\/\/cecitech.com\/index.php?rest_route=\/wp\/v2\/types\/product"}],"replies":[{"embeddable":true,"href":"https:\/\/cecitech.com\/index.php?rest_route=%2Fwp%2Fv2%2Fcomments&post=400"}],"wp:featuredmedia":[{"embeddable":true,"href":"https:\/\/cecitech.com\/index.php?rest_route=\/wp\/v2\/media\/401"}],"wp:attachment":[{"href":"https:\/\/cecitech.com\/index.php?rest_route=%2Fwp%2Fv2%2Fmedia&parent=400"}],"wp:term":[{"taxonomy":"product_brand","embeddable":true,"href":"https:\/\/cecitech.com\/index.php?rest_route=%2Fwp%2Fv2%2Fproduct_brand&post=400"},{"taxonomy":"product_cat","embeddable":true,"href":"https:\/\/cecitech.com\/index.php?rest_route=%2Fwp%2Fv2%2Fproduct_cat&post=400"},{"taxonomy":"product_tag","embeddable":true,"href":"https:\/\/cecitech.com\/index.php?rest_route=%2Fwp%2Fv2%2Fproduct_tag&post=400"}],"curies":[{"name":"wp","href":"https:\/\/api.w.org\/{rel}","templated":true}]}}