{"id":395,"date":"2016-11-11T02:58:46","date_gmt":"2016-11-10T22:58:46","guid":{"rendered":"http:\/\/cecitech.com\/wp\/?post_type=product&#038;p=395"},"modified":"2016-12-19T07:30:36","modified_gmt":"2016-12-19T03:30:36","slug":"milestone-312","status":"publish","type":"product","link":"https:\/\/cecitech.com\/?product=milestone-312","title":{"rendered":"Milestone 312"},"content":{"rendered":"Le Milestone 312 rel\u00e8ve une nouvelle fois le d\u00e9fi de l\u2019alliance entre technologie et simplicit\u00e9 d\u2019utilisation. Sa c\u00e9l\u00e8bre coque au format carte de cr\u00e9dit renferme un concentr\u00e9 de fonctionnalit\u00e9s qui saura s\u00e9duire la plupart d\u2019entre vous. Lecture de fichiers texte avec une synth\u00e8se vocale de qualit\u00e9, enregistrement haute performance, Tuner FM, lecteur d\u2019\u00e9tiquettes, r\u00e9veil, lecteur Daisy, Agenda&#8230; ne sont que quelques-uns des points forts du Milestone 312 !\r\n \r\n<h3 class=\"mttl\">Une prise en main imm\u00e9diate<\/h3>\r\nUne fois le Milestone 312 au creux de la main, les possesseurs des versions pr\u00e9c\u00e9dentes retrouveront les touches et les commandes habituelles. Pour les autres, l\u2019appareil n\u2019ayant que six boutons, sa prise en main ne demandera que quelques minutes.\r\n\r\n<h3 class=\"mttl\">Un grand nombre de formats de fichiers support\u00e9s<\/h3>\r\nLe Milestone 312 sait lire une large vari\u00e9t\u00e9 de formats de fichiers audio. Ainsi, vous pourrez, par le biais du puissant haut-parleur int\u00e9gr\u00e9 ou d\u2019un casque d\u2019\u00e9coute, appr\u00e9cier votre musique aux formats MP3, WAV, WMA, ou encore AAC, Ogg Vorbis ou FLAC.\r\n\r\n<h3 class=\"mttl\">Un large choix de formats de livres<\/h3>\r\nLes adeptes de la lecture n\u2019ont pas \u00e9t\u00e9 oubli\u00e9s, loin de l\u00e0. Le Milestone 312 reconna\u00eet, outre les traditionnels livres MP3, une vari\u00e9t\u00e9 de formats comme les livres Audible ou Daisy ces derniers vous permettant de naviguer par paragraphes, par phrases ou par chapitres. Mais l\u2019innovation majeure du Milestone 312 r\u00e9side dans le fait de pouvoir lire des donn\u00e9es textuelles par le biais d\u2019une synth\u00e8se vocale int\u00e9gr\u00e9e bas\u00e9e sur la technologie Acapela. Finies les conversions de fichiers fastidieuses. Vous pourrez lire des documents .txt et adapter la vitesse et la hauteur de la voix \u00e0 votre convenance.\r\n\r\n<h3 class=\"mttl\">Un produit polyvalent, \u00e9volutif et modulaire<\/h3>\r\nLe Milestone 312 int\u00e8gre d\u00e9sormais une fonction Alarme tr\u00e8s simple \u00e0 utiliser pouvant servir de r\u00e9veil ou tout simplement de compte-minutes. Il s\u2019adapte \u00e0 tous vos besoins. En plus des fonctions internes pr\u00e9c\u00e9demment cit\u00e9es incluses en standard, vous pourrez en ajouter de nouvelles, telles qu\u2019un Tuner FM, le lecteur d\u2019\u00e9tiquettes \u00e9lectroniques RFID SpeakOut, un agenda,  et bien d\u2019autres \u00e0 venir. Gr\u00e2ce \u00e0 sa 0tnouvelle architecture modulaire, utilisez le Milestone 312 comme vous l\u2019entendez.\r\n \r\n<h3 class=\"mttl\">Caract\u00e9ristiques techniques<\/h3>\r\n<ul class=\"lst_product\">\r\n\t<li>m\u00e9moire interne : 1 Go, dont 250 Mo allou\u00e9s au syst\u00e8me ;<\/li>\r\n\t<li>m\u00e9moire externe : jusqu\u2019\u00e0 32 Go gr\u00e2ce au support des cartes m\u00e9moire haute capacit\u00e9 (SDHC) ;<\/li>\r\n\t<li>enregistrement : de 64 \u00e0 320 KB\/S, st\u00e9r\u00e9o via microphone externe ;<\/li>\r\n\t<li>interfaces de connexion : prise \u00e9couteur Jack 3.5, USB 2.0, connecteur Line-in \/ microphone, slot carte-m\u00e9moire SDHC ;<\/li>\r\n\t<li>autonomie : environ 20 heures en lecture continue sur \u00e9couteurs, rechargeable en 3 heures via USB ;<\/li>\r\n\t<li>dimensions : 8,5 X 5,4 x 1,4 cm ;<\/li>\r\n\t<li>poids : 53 g. ;<\/li>\r\n\t<li>accessoires fournis : chargeur, c\u00e2ble de connexion USB, dragonne, housse de protection, carte m\u00e9moire 2 go, trois \u00e9tiquettes pour SpeakOut.<\/li>\r\n\t<li>Garantie : 2 ans.<\/li>\r\n<\/ul>","protected":false},"excerpt":{"rendered":"Le Milestone est de retour ! Toujours aussi petit en taille, toujours aussi simple d\u2019emploi, mais avec encore plus de fonctionnalit\u00e9s que ses pr\u00e9d\u00e9cesseurs.\r\n","protected":false},"featured_media":396,"comment_status":"closed","ping_status":"closed","template":"","meta":[],"product_brand":[],"product_cat":[52],"product_tag":[],"class_list":{"0":"post-395","1":"product","2":"type-product","3":"status-publish","4":"has-post-thumbnail","6":"product_cat-vie-quotidienne","8":"first","9":"instock","10":"taxable","11":"shipping-taxable","12":"product-type-simple"},"_links":{"self":[{"href":"https:\/\/cecitech.com\/index.php?rest_route=\/wp\/v2\/product\/395","targetHints":{"allow":["GET"]}}],"collection":[{"href":"https:\/\/cecitech.com\/index.php?rest_route=\/wp\/v2\/product"}],"about":[{"href":"https:\/\/cecitech.com\/index.php?rest_route=\/wp\/v2\/types\/product"}],"replies":[{"embeddable":true,"href":"https:\/\/cecitech.com\/index.php?rest_route=%2Fwp%2Fv2%2Fcomments&post=395"}],"wp:featuredmedia":[{"embeddable":true,"href":"https:\/\/cecitech.com\/index.php?rest_route=\/wp\/v2\/media\/396"}],"wp:attachment":[{"href":"https:\/\/cecitech.com\/index.php?rest_route=%2Fwp%2Fv2%2Fmedia&parent=395"}],"wp:term":[{"taxonomy":"product_brand","embeddable":true,"href":"https:\/\/cecitech.com\/index.php?rest_route=%2Fwp%2Fv2%2Fproduct_brand&post=395"},{"taxonomy":"product_cat","embeddable":true,"href":"https:\/\/cecitech.com\/index.php?rest_route=%2Fwp%2Fv2%2Fproduct_cat&post=395"},{"taxonomy":"product_tag","embeddable":true,"href":"https:\/\/cecitech.com\/index.php?rest_route=%2Fwp%2Fv2%2Fproduct_tag&post=395"}],"curies":[{"name":"wp","href":"https:\/\/api.w.org\/{rel}","templated":true}]}}