{"id":391,"date":"2016-11-11T02:54:18","date_gmt":"2016-11-10T22:54:18","guid":{"rendered":"http:\/\/cecitech.com\/wp\/?post_type=product&#038;p=391"},"modified":"2016-12-19T07:30:45","modified_gmt":"2016-12-19T03:30:45","slug":"milestone-212","status":"publish","type":"product","link":"https:\/\/cecitech.com\/?product=milestone-212","title":{"rendered":"Milestone 212"},"content":{"rendered":"Sans fioritures, il va \u00e0 l\u2019essentiel.  la lecture et la prise de notes vocales. Les habitu\u00e9s du Milestone 311 retrouveront la faciliter d\u2019emploi de ce dernier tout en b\u00e9n\u00e9ficiant des inovations du Milestone 312 ! Une telle simplicit\u00e9 garantira un gain de temps ind\u00e9niable ainsi qu\u2019un plaisir d\u2019utilisation  accru.\r\n \r\nSe pr\u00e9sentant dans la traditionnelle coque ch\u00e8re \u00e0 la famille Milestone et pourvu des m\u00eames touches de commandes, ce lecteur de livres num\u00e9rique supporte le standard DAISY 2.02 ainsi que le format  AA(X) audible pour le moment. Bien s\u00fbr, la vitesse de lecture est r\u00e9glable et l\u2019ajout de signets est possible.  On peut bien \u00e9videmment lire des ouvrages ou des morceaux de musique au format MP3, WAV, AAC ou WMA ou \u00e9couter des fichiers texte par le biais des excellentes voix de synth\u00e8ses ACAPELA, non disponibles sur d\u2019autres produits de la m\u00eame gamme. La fonction enregistreur vocal, similaire \u00e0 celle du Milestone 311, permet d\u2019enregistrer un num\u00e9ro de t\u00e9l\u00e9phone ou une note quelconque instantan\u00e9ment, sans se demander dans quel dossier les stocker.\r\n<span class=\"ssttl\">Le Milestone 212<\/span> sera un excellent choix pour ceux aimant la lecture mais ayant \u00e9galement besoin d\u2019un dictaphone num\u00e9rique accessible \u00e0 tout instant. Pour les personnes souhaitant b\u00e9n\u00e9ficier de fonctions plus avanc\u00e9es telles quune gestion des dossiers plus pouss\u00e9e, un tuner fm ou encore un agenda vocal, le Milestone 312 sera certainement plus appropri\u00e9.","protected":false},"excerpt":{"rendered":"Le Milestone 212, petit dernier de la famille, a \u00e9t\u00e9 con\u00e7u pour \u00eatre encore plus simple \u00e0 prendre en main. Les adeptes de la lecture vont adorer !","protected":false},"featured_media":392,"comment_status":"closed","ping_status":"closed","template":"","meta":[],"product_brand":[],"product_cat":[52],"product_tag":[],"class_list":{"0":"post-391","1":"product","2":"type-product","3":"status-publish","4":"has-post-thumbnail","6":"product_cat-vie-quotidienne","8":"first","9":"instock","10":"taxable","11":"shipping-taxable","12":"product-type-simple"},"_links":{"self":[{"href":"https:\/\/cecitech.com\/index.php?rest_route=\/wp\/v2\/product\/391","targetHints":{"allow":["GET"]}}],"collection":[{"href":"https:\/\/cecitech.com\/index.php?rest_route=\/wp\/v2\/product"}],"about":[{"href":"https:\/\/cecitech.com\/index.php?rest_route=\/wp\/v2\/types\/product"}],"replies":[{"embeddable":true,"href":"https:\/\/cecitech.com\/index.php?rest_route=%2Fwp%2Fv2%2Fcomments&post=391"}],"wp:featuredmedia":[{"embeddable":true,"href":"https:\/\/cecitech.com\/index.php?rest_route=\/wp\/v2\/media\/392"}],"wp:attachment":[{"href":"https:\/\/cecitech.com\/index.php?rest_route=%2Fwp%2Fv2%2Fmedia&parent=391"}],"wp:term":[{"taxonomy":"product_brand","embeddable":true,"href":"https:\/\/cecitech.com\/index.php?rest_route=%2Fwp%2Fv2%2Fproduct_brand&post=391"},{"taxonomy":"product_cat","embeddable":true,"href":"https:\/\/cecitech.com\/index.php?rest_route=%2Fwp%2Fv2%2Fproduct_cat&post=391"},{"taxonomy":"product_tag","embeddable":true,"href":"https:\/\/cecitech.com\/index.php?rest_route=%2Fwp%2Fv2%2Fproduct_tag&post=391"}],"curies":[{"name":"wp","href":"https:\/\/api.w.org\/{rel}","templated":true}]}}