{"id":385,"date":"2016-11-11T02:42:23","date_gmt":"2016-11-10T22:42:23","guid":{"rendered":"http:\/\/cecitech.com\/wp\/?post_type=product&#038;p=385"},"modified":"2023-05-30T09:38:53","modified_gmt":"2023-05-30T14:38:53","slug":"magnet-parlant-40-rouge","status":"publish","type":"product","link":"https:\/\/cecitech.com\/?product=magnet-parlant-40-rouge","title":{"rendered":"Magnet Parlant 40 (rouge)"},"content":{"rendered":"<h1 class=\"mttl\">Fonctionnalit\u00e9s<\/h1>\r\nLe Magnet Parlant 40 secondes est tr\u00e8s simple d&rsquo;utilisation :\r\n<ul class=\"lst_product\">\r\n \t<li>Appuyez sur les 2 boutons d&rsquo;enregistrement pour dictez votre message<\/li>\r\n \t<li>Appuyez sur le bouton lecture pour l&rsquo;\u00e9couter<\/li>\r\n<\/ul>\r\nGarantie 1 an\r\n<h1 class=\"mttl\">Caract\u00e9ristiques techniques<\/h1>\r\n<ul class=\"lst_product\">\r\n \t<li>Capacit\u00e9 d&rsquo;enregistrement de 40 secondes<\/li>\r\n \t<li>R\u00e9-enregistrable \u00e0 volont\u00e9<\/li>\r\n \t<li>3 syst\u00e8mes de fixation (aimant, autocollant ou sur un crochet)<\/li>\r\n \t<li>Alimentation : 4 piles-boutons AG13 &#8211; 1,5 V<\/li>\r\n \t<li>Diam\u00e8tre : 7,8 cm<\/li>\r\n<\/ul>","protected":false},"excerpt":{"rendered":"<h1>Magnet Parlant 40 (rouge)<\/h1>\r\n<h3>Id\u00e9al pour laisser un message, rappeler un rendez-vous&#8230;<\/h3>","protected":false},"featured_media":386,"comment_status":"closed","ping_status":"closed","template":"","meta":[],"product_brand":[],"product_cat":[52],"product_tag":[],"class_list":{"0":"post-385","1":"product","2":"type-product","3":"status-publish","4":"has-post-thumbnail","6":"product_cat-vie-quotidienne","8":"first","9":"instock","10":"taxable","11":"shipping-taxable","12":"product-type-simple"},"_links":{"self":[{"href":"https:\/\/cecitech.com\/index.php?rest_route=\/wp\/v2\/product\/385","targetHints":{"allow":["GET"]}}],"collection":[{"href":"https:\/\/cecitech.com\/index.php?rest_route=\/wp\/v2\/product"}],"about":[{"href":"https:\/\/cecitech.com\/index.php?rest_route=\/wp\/v2\/types\/product"}],"replies":[{"embeddable":true,"href":"https:\/\/cecitech.com\/index.php?rest_route=%2Fwp%2Fv2%2Fcomments&post=385"}],"wp:featuredmedia":[{"embeddable":true,"href":"https:\/\/cecitech.com\/index.php?rest_route=\/wp\/v2\/media\/386"}],"wp:attachment":[{"href":"https:\/\/cecitech.com\/index.php?rest_route=%2Fwp%2Fv2%2Fmedia&parent=385"}],"wp:term":[{"taxonomy":"product_brand","embeddable":true,"href":"https:\/\/cecitech.com\/index.php?rest_route=%2Fwp%2Fv2%2Fproduct_brand&post=385"},{"taxonomy":"product_cat","embeddable":true,"href":"https:\/\/cecitech.com\/index.php?rest_route=%2Fwp%2Fv2%2Fproduct_cat&post=385"},{"taxonomy":"product_tag","embeddable":true,"href":"https:\/\/cecitech.com\/index.php?rest_route=%2Fwp%2Fv2%2Fproduct_tag&post=385"}],"curies":[{"name":"wp","href":"https:\/\/api.w.org\/{rel}","templated":true}]}}