{"id":383,"date":"2016-11-11T02:40:21","date_gmt":"2016-11-10T22:40:21","guid":{"rendered":"http:\/\/cecitech.com\/wp\/?post_type=product&#038;p=383"},"modified":"2023-03-29T09:09:04","modified_gmt":"2023-03-29T14:09:04","slug":"pese-personnes-parlant-en-verre-gs39","status":"publish","type":"product","link":"https:\/\/cecitech.com\/?product=pese-personnes-parlant-en-verre-gs39","title":{"rendered":"GS 39 de BEURER Un P\u00e8se-personne vocal"},"content":{"rendered":"<h3 class=\"mttl\">Fonctionnalit\u00e9s<\/h3>\r\nLe p\u00e8se-personne vocal en verre GS39 est un produit fabriqu\u00e9 par BEURER.\r\n\r\nCe p\u00e8se-personne parlant vous annonce votre poids gr\u00e2ce \u00e0 une synth\u00e8se vocale (langues fran\u00e7aise, anglaise, espagnole, russe ou allemande). Le volume de ce p\u00e8se personne vocal est ajustable et peut \u00e9galement s&rsquo;\u00e9teindre pour plus de discr\u00e9tion.\r\n\r\nDot\u00e9 de 4 m\u00e9moires avec enregistrement et r\u00e9cuperation faciles de la derni\u00e8re valeur mesur\u00e9e, le p\u00e8se-personne Gs39 est ultra-design, gr\u00e2ce \u00e0 son \u00e9clairage et son r\u00e9tro-\u00e9clairage bleu ainsi qu&rsquo;\u00e0 sa plateforme ultra-plate en verre s\u00e9curit\u00e9.\r\n\r\n<hr \/>\r\n\r\n<h3 class=\"ssttl\">Points forts:<\/h3>\r\n<ul class=\"lst_product\">\r\n \t<li>Balance en verre \u00e9lectronique exclusive avec fonction vocale : fran\u00e7ais, allemand, anglais, espagnol et russe.<\/li>\r\n \t<li>Volume sonore r\u00e9glable.<\/li>\r\n \t<li>\u00c9cran LCD excellente lisibilit\u00e9 \u00e0 \u00e9clairage et retro-\u00e9clairage bleu.<\/li>\r\n \t<li>4 m\u00e9moires directes \u00e0 enregistrement et r\u00e9cuperation facile de la derni\u00e8re valeur mesur\u00e9e.<\/li>\r\n \t<li>Plateforme design en verre ultra plate.<\/li>\r\n<\/ul>\r\nGarantie 5 ans.\r\n\r\n<hr \/>\r\n\r\n<h3 class=\"mttl\">Caract\u00e9ristiques techniques:<\/h3>\r\n<ul class=\"lst_product\">\r\n \t<li>Poids maximum : 150 kg<\/li>\r\n \t<li>Graduation : 100 g<\/li>\r\n \t<li>Langues : francais, anglais, espagnol, allemand et russe<\/li>\r\n \t<li>4 m\u00e9moires<\/li>\r\n \t<li>Couleur : verre gris\/bleu<\/li>\r\n \t<li>Taille des chiffres : 33 mm<\/li>\r\n \t<li>Dimensions plateforme : 34 x 35 cm<\/li>\r\n \t<li>\u00c9paisseur : 23mm<\/li>\r\n \t<li>Piles : 3 x 1.5 V AAA (fournies)<\/li>\r\n<\/ul>","protected":false},"excerpt":{"rendered":"<h3>Le p\u00e8se-personne parlant GS39 vous annonce votre poids gr\u00e2ce \u00e0 une synth\u00e8se vocale.<\/h3>","protected":false},"featured_media":384,"comment_status":"closed","ping_status":"closed","template":"","meta":[],"product_brand":[],"product_cat":[52],"product_tag":[],"class_list":{"0":"post-383","1":"product","2":"type-product","3":"status-publish","4":"has-post-thumbnail","6":"product_cat-vie-quotidienne","8":"first","9":"instock","10":"taxable","11":"shipping-taxable","12":"product-type-simple"},"_links":{"self":[{"href":"https:\/\/cecitech.com\/index.php?rest_route=\/wp\/v2\/product\/383","targetHints":{"allow":["GET"]}}],"collection":[{"href":"https:\/\/cecitech.com\/index.php?rest_route=\/wp\/v2\/product"}],"about":[{"href":"https:\/\/cecitech.com\/index.php?rest_route=\/wp\/v2\/types\/product"}],"replies":[{"embeddable":true,"href":"https:\/\/cecitech.com\/index.php?rest_route=%2Fwp%2Fv2%2Fcomments&post=383"}],"wp:featuredmedia":[{"embeddable":true,"href":"https:\/\/cecitech.com\/index.php?rest_route=\/wp\/v2\/media\/384"}],"wp:attachment":[{"href":"https:\/\/cecitech.com\/index.php?rest_route=%2Fwp%2Fv2%2Fmedia&parent=383"}],"wp:term":[{"taxonomy":"product_brand","embeddable":true,"href":"https:\/\/cecitech.com\/index.php?rest_route=%2Fwp%2Fv2%2Fproduct_brand&post=383"},{"taxonomy":"product_cat","embeddable":true,"href":"https:\/\/cecitech.com\/index.php?rest_route=%2Fwp%2Fv2%2Fproduct_cat&post=383"},{"taxonomy":"product_tag","embeddable":true,"href":"https:\/\/cecitech.com\/index.php?rest_route=%2Fwp%2Fv2%2Fproduct_tag&post=383"}],"curies":[{"name":"wp","href":"https:\/\/api.w.org\/{rel}","templated":true}]}}