{"id":379,"date":"2016-11-11T02:34:39","date_gmt":"2016-11-10T22:34:39","guid":{"rendered":"http:\/\/cecitech.com\/wp\/?post_type=product&#038;p=379"},"modified":"2023-06-02T08:10:45","modified_gmt":"2023-06-02T13:10:45","slug":"easyscan-thermometre-medical-parlant-auriculaire-et-frontal","status":"publish","type":"product","link":"https:\/\/cecitech.com\/?product=easyscan-thermometre-medical-parlant-auriculaire-et-frontal","title":{"rendered":"EasyScan"},"content":{"rendered":"<h1 class=\"mttl\">Fonctionnalit\u00e9s<\/h1>\r\nEasyScan FTX3 est un thermom\u00e8tre m\u00e9dical parlant auriculaire et frontal, utilisant la derni\u00e8re technologie infrarouge.\r\nSimple, pr\u00e9cis et rapide, EasyScan FTX3 est toujours pr\u00eat \u00e0 l&#8217;emploi.\r\n\r\nDot\u00e9 de 6 fonctions, il permet une prise de temp\u00e9rature rapide en mode frontal ou auriculaire. Ses leds de contr\u00f4le, verte, orange ou rouge, interpr\u00e8te rapidement et en couleur, le r\u00e9sultat de la prise de temp\u00e9rature pour un diagnostic imm\u00e9diat. Il indique \u00e9galement l&rsquo;heure et la temp\u00e9rature de la pi\u00e8ce vocalement.\r\n<ul class=\"lst_product\">\r\n \t<li>Prise Frontale<\/li>\r\n \t<li>Prise Auriculaire<\/li>\r\n \t<li>Led de diagnostic<\/li>\r\n \t<li>R\u00e9sultat vocal<\/li>\r\n \t<li>Temp\u00e9rature Ambiante<\/li>\r\n \t<li>Date &amp; heure<\/li>\r\n<\/ul>\r\nCouleur selon arrivage.\r\n<h1 class=\"mttl\">Caract\u00e9ristiques techniques<\/h1>\r\n<ul class=\"lst_product\">\r\n \t<li>Conditions normales d&rsquo;utilisation 15\u00b0C &#8211; 40\u00b0C<\/li>\r\n \t<li>Taux d&rsquo;humidit\u00e9 20%RH &#8211; 85%RH<\/li>\r\n \t<li>Alimentation 1 pile CR2032<\/li>\r\n \t<li>Dimensions (LxlxH): 109 x 44,6 x 28,4 mm<\/li>\r\n \t<li>Poids Brut : 100 g\/Net : 80 g<\/li>\r\n \t<li>Affichage de la mesure en \u00b0F ou \u00b0C<\/li>\r\n \t<li>Plage de Temp\u00e9rature corporelle de 32\u00b0C &#8211; 42.9\u00b0C<\/li>\r\n \t<li>Plage de Temp\u00e9rature ambiante de 5\u00b0C &#8211; 59.9\u00b0C<\/li>\r\n \t<li>Pr\u00e9cision \u00b10.2\u00b0C<\/li>\r\n \t<li>Consommation &lt; 50 mA<\/li>\r\n \t<li>Arr\u00eat automatique 2 minutes<\/li>\r\n<\/ul>","protected":false},"excerpt":{"rendered":"<h1>EasyScan<\/h1>\r\n<h3>Le thermom\u00e8tre m\u00e9dical parlant auriculaire et frontal EasyScan propose 6 fonction, avec LED de diagnostic. Photo non contractuelle &#8211; couleur selon arrivage.<\/h3>","protected":false},"featured_media":380,"comment_status":"closed","ping_status":"closed","template":"","meta":[],"product_brand":[],"product_cat":[52],"product_tag":[],"class_list":{"0":"post-379","1":"product","2":"type-product","3":"status-publish","4":"has-post-thumbnail","6":"product_cat-vie-quotidienne","8":"first","9":"instock","10":"taxable","11":"shipping-taxable","12":"product-type-simple"},"_links":{"self":[{"href":"https:\/\/cecitech.com\/index.php?rest_route=\/wp\/v2\/product\/379","targetHints":{"allow":["GET"]}}],"collection":[{"href":"https:\/\/cecitech.com\/index.php?rest_route=\/wp\/v2\/product"}],"about":[{"href":"https:\/\/cecitech.com\/index.php?rest_route=\/wp\/v2\/types\/product"}],"replies":[{"embeddable":true,"href":"https:\/\/cecitech.com\/index.php?rest_route=%2Fwp%2Fv2%2Fcomments&post=379"}],"wp:featuredmedia":[{"embeddable":true,"href":"https:\/\/cecitech.com\/index.php?rest_route=\/wp\/v2\/media\/380"}],"wp:attachment":[{"href":"https:\/\/cecitech.com\/index.php?rest_route=%2Fwp%2Fv2%2Fmedia&parent=379"}],"wp:term":[{"taxonomy":"product_brand","embeddable":true,"href":"https:\/\/cecitech.com\/index.php?rest_route=%2Fwp%2Fv2%2Fproduct_brand&post=379"},{"taxonomy":"product_cat","embeddable":true,"href":"https:\/\/cecitech.com\/index.php?rest_route=%2Fwp%2Fv2%2Fproduct_cat&post=379"},{"taxonomy":"product_tag","embeddable":true,"href":"https:\/\/cecitech.com\/index.php?rest_route=%2Fwp%2Fv2%2Fproduct_tag&post=379"}],"curies":[{"name":"wp","href":"https:\/\/api.w.org\/{rel}","templated":true}]}}