{"id":374,"date":"2016-11-11T02:28:59","date_gmt":"2016-11-10T22:28:59","guid":{"rendered":"http:\/\/cecitech.com\/wp\/?post_type=product&#038;p=374"},"modified":"2023-06-05T08:38:15","modified_gmt":"2023-06-05T13:38:15","slug":"myweigh-xl-440-pese-personne-parlant","status":"publish","type":"product","link":"https:\/\/cecitech.com\/?product=myweigh-xl-440-pese-personne-parlant","title":{"rendered":"MyWeigh XL 440"},"content":{"rendered":"<h1 class=\"mttl\">Fonctionnalit\u00e9s<\/h1>\r\nCe p\u00e8se-personne dispose d&rsquo;une port\u00e9e maximale de 200 kg. Large, stable et r\u00e9sistant, il se met en marche automatiquement. Le poids est annonc\u00e9 et affich\u00e9 sur un \u00e9cran LCD.\r\n\r\nPosition muet.\r\n\r\nGarantie 1 an\r\n<h1 class=\"mttl\">Caract\u00e9ristiques techniques<\/h1>\r\n<ul class=\"lst_product\">\r\n \t<li>Port\u00e9e maximale : 200 kg<\/li>\r\n \t<li>Pr\u00e9cision : 1%<\/li>\r\n \t<li>Alimentation : 4 piles LR06 (fournies)<\/li>\r\n \t<li>Dimensions (LxPxH) : 37,5 x 31,5 x 3,5 cm<\/li>\r\n<\/ul>","protected":false},"excerpt":{"rendered":"<h1>MyWeigh XL 440<\/h1>\r\n<h3>P\u00e8se-personne vocal grande capacit\u00e9.<\/h3>","protected":false},"featured_media":375,"comment_status":"closed","ping_status":"closed","template":"","meta":[],"product_brand":[],"product_cat":[52],"product_tag":[],"class_list":{"0":"post-374","1":"product","2":"type-product","3":"status-publish","4":"has-post-thumbnail","6":"product_cat-vie-quotidienne","8":"first","9":"instock","10":"taxable","11":"shipping-taxable","12":"product-type-simple"},"_links":{"self":[{"href":"https:\/\/cecitech.com\/index.php?rest_route=\/wp\/v2\/product\/374","targetHints":{"allow":["GET"]}}],"collection":[{"href":"https:\/\/cecitech.com\/index.php?rest_route=\/wp\/v2\/product"}],"about":[{"href":"https:\/\/cecitech.com\/index.php?rest_route=\/wp\/v2\/types\/product"}],"replies":[{"embeddable":true,"href":"https:\/\/cecitech.com\/index.php?rest_route=%2Fwp%2Fv2%2Fcomments&post=374"}],"wp:featuredmedia":[{"embeddable":true,"href":"https:\/\/cecitech.com\/index.php?rest_route=\/wp\/v2\/media\/375"}],"wp:attachment":[{"href":"https:\/\/cecitech.com\/index.php?rest_route=%2Fwp%2Fv2%2Fmedia&parent=374"}],"wp:term":[{"taxonomy":"product_brand","embeddable":true,"href":"https:\/\/cecitech.com\/index.php?rest_route=%2Fwp%2Fv2%2Fproduct_brand&post=374"},{"taxonomy":"product_cat","embeddable":true,"href":"https:\/\/cecitech.com\/index.php?rest_route=%2Fwp%2Fv2%2Fproduct_cat&post=374"},{"taxonomy":"product_tag","embeddable":true,"href":"https:\/\/cecitech.com\/index.php?rest_route=%2Fwp%2Fv2%2Fproduct_tag&post=374"}],"curies":[{"name":"wp","href":"https:\/\/api.w.org\/{rel}","templated":true}]}}