{"id":370,"date":"2016-11-11T02:24:43","date_gmt":"2016-11-10T22:24:43","guid":{"rendered":"http:\/\/cecitech.com\/wp\/?post_type=product&#038;p=370"},"modified":"2023-06-05T08:49:38","modified_gmt":"2023-06-05T13:49:38","slug":"calculatrice-parlante-avec-oreillettes","status":"publish","type":"product","link":"https:\/\/cecitech.com\/?product=calculatrice-parlante-avec-oreillettes","title":{"rendered":"Calculatrice parlante avec oreillettes"},"content":{"rendered":"<h1 class=\"mttl\">Fonctionnalit\u00e9s<\/h1>\r\n<ul class=\"lst_product\">\r\n \t<li>Ecran inclin\u00e9 et LCD permettant un affichage agrandi<\/li>\r\n \t<li>Grosses touches<\/li>\r\n \t<li>Annonce vocale<\/li>\r\n \t<li>Oreillettes<\/li>\r\n<\/ul>\r\nLes r\u00e9sultats sont indiqu\u00e9s sur un \u00e9cran LCD \u00e0 10 chiffres et annonc\u00e9s vocalement.","protected":false},"excerpt":{"rendered":"<h3>Calculatrice parlante \u00e0 grosses touches et avec oreillettes.<\/h3>","protected":false},"featured_media":371,"comment_status":"closed","ping_status":"closed","template":"","meta":[],"product_brand":[],"product_cat":[52],"product_tag":[],"class_list":{"0":"post-370","1":"product","2":"type-product","3":"status-publish","4":"has-post-thumbnail","6":"product_cat-vie-quotidienne","8":"first","9":"instock","10":"taxable","11":"shipping-taxable","12":"product-type-simple"},"_links":{"self":[{"href":"https:\/\/cecitech.com\/index.php?rest_route=\/wp\/v2\/product\/370","targetHints":{"allow":["GET"]}}],"collection":[{"href":"https:\/\/cecitech.com\/index.php?rest_route=\/wp\/v2\/product"}],"about":[{"href":"https:\/\/cecitech.com\/index.php?rest_route=\/wp\/v2\/types\/product"}],"replies":[{"embeddable":true,"href":"https:\/\/cecitech.com\/index.php?rest_route=%2Fwp%2Fv2%2Fcomments&post=370"}],"wp:featuredmedia":[{"embeddable":true,"href":"https:\/\/cecitech.com\/index.php?rest_route=\/wp\/v2\/media\/371"}],"wp:attachment":[{"href":"https:\/\/cecitech.com\/index.php?rest_route=%2Fwp%2Fv2%2Fmedia&parent=370"}],"wp:term":[{"taxonomy":"product_brand","embeddable":true,"href":"https:\/\/cecitech.com\/index.php?rest_route=%2Fwp%2Fv2%2Fproduct_brand&post=370"},{"taxonomy":"product_cat","embeddable":true,"href":"https:\/\/cecitech.com\/index.php?rest_route=%2Fwp%2Fv2%2Fproduct_cat&post=370"},{"taxonomy":"product_tag","embeddable":true,"href":"https:\/\/cecitech.com\/index.php?rest_route=%2Fwp%2Fv2%2Fproduct_tag&post=370"}],"curies":[{"name":"wp","href":"https:\/\/api.w.org\/{rel}","templated":true}]}}