{"id":367,"date":"2016-11-11T02:22:37","date_gmt":"2016-11-10T22:22:37","guid":{"rendered":"http:\/\/cecitech.com\/wp\/?post_type=product&#038;p=367"},"modified":"2023-06-05T08:52:53","modified_gmt":"2023-06-05T13:52:53","slug":"radio-reveil-parlant","status":"publish","type":"product","link":"https:\/\/cecitech.com\/?product=radio-reveil-parlant","title":{"rendered":"Radio r\u00e9veil parlant"},"content":{"rendered":"<h1 class=\"mttl\">Fonctionnalit\u00e9s<\/h1>\r\n<ul class=\"lst_product\">\r\n \t<li>Radio r\u00e9veil rectangulaire blanc \u00e9quip\u00e9 d&rsquo;un grand \u00e9cran LCD dont les chiffres mesurent 35mm maximum et poss\u00e9dant un r\u00e9tro-\u00e9clairage bleu<\/li>\r\n \t<li>Affichage et annonce de l&rsquo;heure via une synth\u00e8se vocale fran\u00e7aise int\u00e9gr\u00e9e<\/li>\r\n \t<li>Annonce automatique des heures entre 6h et 22h, d\u00e9sactivable<\/li>\r\n \t<li>Radio AM\/FM avec pr\u00e9r\u00e9glage possible de 20 stations<\/li>\r\n \t<li>Alarme par annonce vocale de l&rsquo;heure et des minutes choisies ou par station de radio s\u00e9lectionn\u00e9e<\/li>\r\n \t<li>Haut-parleur int\u00e9gr\u00e9 avec volume r\u00e9glable par molette<\/li>\r\n \t<li>Fonction \u00ab\u00a0snooze\u00a0\u00bb : alarme \u00e0 r\u00e9p\u00e9tition toutes les 5 minutes<\/li>\r\n \t<li>Minuterie pouvant compter 7 pr\u00e9r\u00e9glages de mise en sommeil ou d&rsquo;activation de la radio<\/li>\r\n<\/ul>\r\n<h1 class=\"mttl\">Caract\u00e9ristiques techniques<\/h1>\r\n<ul class=\"lst_product\">\r\n \t<li>Prise casque : Type Jack 3,5mm<\/li>\r\n \t<li>Alimentation : adaptateur secteur fourni ou 4 piles LR3 de type 3A<\/li>\r\n \t<li>Dimensions (LxlxH) : 12 x 7 x 7 cm<\/li>\r\n \t<li>Poids : 320 g<\/li>\r\n<\/ul>","protected":false},"excerpt":{"rendered":"<h3>\u00c9quip\u00e9 d&rsquo;un grand \u00e9cran LCD, le radio-r\u00e9veil parlant est synchronis\u00e9 \u00e0 une horloge atomique et vous donne toujours l&rsquo;heure exacte. Son r\u00e9glage est donc automatique !<\/h3>","protected":false},"featured_media":369,"comment_status":"closed","ping_status":"closed","template":"","meta":[],"product_brand":[],"product_cat":[52],"product_tag":[],"class_list":{"0":"post-367","1":"product","2":"type-product","3":"status-publish","4":"has-post-thumbnail","6":"product_cat-vie-quotidienne","8":"first","9":"instock","10":"taxable","11":"shipping-taxable","12":"product-type-simple"},"_links":{"self":[{"href":"https:\/\/cecitech.com\/index.php?rest_route=\/wp\/v2\/product\/367","targetHints":{"allow":["GET"]}}],"collection":[{"href":"https:\/\/cecitech.com\/index.php?rest_route=\/wp\/v2\/product"}],"about":[{"href":"https:\/\/cecitech.com\/index.php?rest_route=\/wp\/v2\/types\/product"}],"replies":[{"embeddable":true,"href":"https:\/\/cecitech.com\/index.php?rest_route=%2Fwp%2Fv2%2Fcomments&post=367"}],"wp:featuredmedia":[{"embeddable":true,"href":"https:\/\/cecitech.com\/index.php?rest_route=\/wp\/v2\/media\/369"}],"wp:attachment":[{"href":"https:\/\/cecitech.com\/index.php?rest_route=%2Fwp%2Fv2%2Fmedia&parent=367"}],"wp:term":[{"taxonomy":"product_brand","embeddable":true,"href":"https:\/\/cecitech.com\/index.php?rest_route=%2Fwp%2Fv2%2Fproduct_brand&post=367"},{"taxonomy":"product_cat","embeddable":true,"href":"https:\/\/cecitech.com\/index.php?rest_route=%2Fwp%2Fv2%2Fproduct_cat&post=367"},{"taxonomy":"product_tag","embeddable":true,"href":"https:\/\/cecitech.com\/index.php?rest_route=%2Fwp%2Fv2%2Fproduct_tag&post=367"}],"curies":[{"name":"wp","href":"https:\/\/api.w.org\/{rel}","templated":true}]}}