{"id":356,"date":"2016-11-11T02:13:19","date_gmt":"2016-11-10T22:13:19","guid":{"rendered":"http:\/\/cecitech.com\/wp\/?post_type=product&#038;p=356"},"modified":"2023-06-06T07:56:52","modified_gmt":"2023-06-06T12:56:52","slug":"chronometre-compteur-a-rebours-et-horloge-parlant","status":"publish","type":"product","link":"https:\/\/cecitech.com\/?product=chronometre-compteur-a-rebours-et-horloge-parlant","title":{"rendered":"Chronom\u00e8tre, compteur et horloge"},"content":{"rendered":"<h1 class=\"mttl\">Fonctionnalit\u00e9s<\/h1>\r\nLe chronom\u00e8tre se pr\u00e9sente sous la forme d&rsquo;un cube plat. L&rsquo;\u00e9cran se situe sur la partie haute de la face frontale, s\u00e9par\u00e9e par le curseur du pav\u00e9 num\u00e9rique.\r\nLe curseur horizontal, situ\u00e9 sous l&rsquo;\u00e9cran, se d\u00e9place de gauche \u00e0 droite.\r\n<h4>Il comporte 3 positions :<\/h4>\r\n<ul class=\"lst_product\">\r\n \t<li>A gauche on acc\u00e8de \u00e0 la fonction : Count set.<\/li>\r\n \t<li>Au milieu on acc\u00e8de \u00e0 la fonction Count down (le compte \u00e0 rebours).<\/li>\r\n \t<li>A droite on acc\u00e8de \u00e0 la fonction Clock (Horloge).<\/li>\r\n<\/ul>\r\n<h4>Le pav\u00e9 num\u00e9rique comporte 5 touches.<\/h4>\r\n<ul class=\"lst_product\">\r\n \t<li>HOUR (Heure) et MIN (Minute) sont sont situ\u00e9es en haut du pav\u00e9,<\/li>\r\n \t<li>CLEAR (Effacer) se situe au coin bas gauche du pav\u00e9,<\/li>\r\n \t<li>SEC (Seconde) est situ\u00e9e au centre bas,<\/li>\r\n \t<li>START\/STOP (D\u00e9marrer arr\u00eater) se situe au coin bas droit du pav\u00e9 num\u00e9rique.<\/li>\r\n<\/ul>\r\n<h1>Fonctionnalit\u00e9s<\/h1>\r\n<ul class=\"lst_product\">\r\n \t<li>Annonce vocale du temps restant et de fin du compte \u00e0 rebours.<\/li>\r\n \t<li>Chronom\u00e8tre allant jusqu&rsquo;\u00e0 24 heures.<\/li>\r\n \t<li>6 sonneries diff\u00e9rentes selon les activit\u00e9s.<\/li>\r\n \t<li>Chronom\u00e8tre positif une fois le compte \u00e0 rebours atteint.<\/li>\r\n \t<li>Horloge parlante.<\/li>\r\n<\/ul>\r\n<h1 class=\"mttl\">Caract\u00e9ristiques techniques<\/h1>\r\nFonctionne avec 2 piles alcalines AG 13","protected":false},"excerpt":{"rendered":"<h1>Chronom\u00e8tre, compteur et horloge<\/h1>\r\n<h3>Cet appareil vocal permet de chronom\u00e9trer et compter \u00e0 rebours, il propose \u00e9galement une fonctionnalit\u00e9 horloge parlante.<\/h3>","protected":false},"featured_media":357,"comment_status":"closed","ping_status":"closed","template":"","meta":[],"product_brand":[],"product_cat":[52],"product_tag":[],"class_list":{"0":"post-356","1":"product","2":"type-product","3":"status-publish","4":"has-post-thumbnail","6":"product_cat-vie-quotidienne","8":"first","9":"instock","10":"taxable","11":"shipping-taxable","12":"product-type-simple"},"_links":{"self":[{"href":"https:\/\/cecitech.com\/index.php?rest_route=\/wp\/v2\/product\/356","targetHints":{"allow":["GET"]}}],"collection":[{"href":"https:\/\/cecitech.com\/index.php?rest_route=\/wp\/v2\/product"}],"about":[{"href":"https:\/\/cecitech.com\/index.php?rest_route=\/wp\/v2\/types\/product"}],"replies":[{"embeddable":true,"href":"https:\/\/cecitech.com\/index.php?rest_route=%2Fwp%2Fv2%2Fcomments&post=356"}],"wp:featuredmedia":[{"embeddable":true,"href":"https:\/\/cecitech.com\/index.php?rest_route=\/wp\/v2\/media\/357"}],"wp:attachment":[{"href":"https:\/\/cecitech.com\/index.php?rest_route=%2Fwp%2Fv2%2Fmedia&parent=356"}],"wp:term":[{"taxonomy":"product_brand","embeddable":true,"href":"https:\/\/cecitech.com\/index.php?rest_route=%2Fwp%2Fv2%2Fproduct_brand&post=356"},{"taxonomy":"product_cat","embeddable":true,"href":"https:\/\/cecitech.com\/index.php?rest_route=%2Fwp%2Fv2%2Fproduct_cat&post=356"},{"taxonomy":"product_tag","embeddable":true,"href":"https:\/\/cecitech.com\/index.php?rest_route=%2Fwp%2Fv2%2Fproduct_tag&post=356"}],"curies":[{"name":"wp","href":"https:\/\/api.w.org\/{rel}","templated":true}]}}