{"id":352,"date":"2016-11-11T02:08:38","date_gmt":"2016-11-10T22:08:38","guid":{"rendered":"http:\/\/cecitech.com\/wp\/?post_type=product&#038;p=352"},"modified":"2023-06-06T08:07:55","modified_gmt":"2023-06-06T13:07:55","slug":"dvm02-post-it-video","status":"publish","type":"product","link":"https:\/\/cecitech.com\/?product=dvm02-post-it-video","title":{"rendered":"DVM02"},"content":{"rendered":"<h3 class=\"mttl\">Fonctionnalit\u00e9s<\/h3>\r\nLe magnet vid\u00e9o m\u00e9mo est un astucieux syst\u00e8me high tech \u00e9quip\u00e9 d&rsquo;un \u00e9cran, d&rsquo;un micro et d&rsquo;une cam\u00e9ra int\u00e9gr\u00e9e.\r\n\r\nPositionnez le sur votre r\u00e9frig\u00e9rateur ou sur tout support m\u00e9talique, pressez un simple bouton pour enregistrer imm\u00e9diatement et simplement jusqu&rsquo;\u00e0 3 messages d&rsquo;une dur\u00e9e de soixante secondes.\r\n\r\nUne fois votre message enregistr\u00e9, votre magnet m\u00e9mo vid\u00e9o signalera la pr\u00e9sence d&rsquo;un message non lu pour votre entourage \u00e0 l&rsquo;aide d&rsquo;un t\u00e9moin rouge clignotant.\r\n\r\nPas besoin d&rsquo;\u00e9crire, l&rsquo;appareil se plaque sur toute surface magn\u00e9tique avec 60 secondes d&rsquo;enregistrement audio et vid\u00e9o !\r\n\r\nNote \u00e0 l&rsquo;attention des utilisateurs d\u00e9ficients visuels : la mise en route et l&rsquo;extinction du post-it ne sont associ\u00e9s \u00e0 aucun signal sonore. Il convient \u00e9galement de pr\u00e9cisier que la signalisation des messages est visuelle et que la personne non-voyante doit donc prendre connaissance des messages en utilisant les boutons pr\u00e9vus \u00e0 cet effet.\r\n<h3 class=\"mttl\">Caract\u00e9ristiques techniques<\/h3>\r\n<ul class=\"lst_product\">\r\n \t<li>Magnet vid\u00e9o m\u00e9mo avec cam\u00e9ra, micro et \u00e9cran lcd couleur de 1,44 pouce.<\/li>\r\n \t<li>Enregistre jusqu&rsquo;\u00e0 3 messages audio ou video de 60 secondes de vid\u00e9o par simple pression.<\/li>\r\n \t<li>Un bouton pour enregistrer, un pour lire votre message.<\/li>\r\n \t<li>Aliment\u00e9 par batterie int\u00e9gr\u00e9e recharg\u00e9e simplement via le cable USB fourni.<\/li>\r\n \t<li>Dimensions : 6,5 x 6,5 x 2 cm.<\/li>\r\n \t<li>Couleur : gris argent\u00e9.<\/li>\r\n<\/ul>","protected":false},"excerpt":{"rendered":"<h1>DVM02<\/h1>\r\n<h3>Le magnet vid\u00e9o m\u00e9mo est un astucieux syst\u00e8me high tech \u00e9quip\u00e9 d&rsquo;un \u00e9cran, d&rsquo;un micro et d&rsquo;une cam\u00e9ra int\u00e9gr\u00e9e.<\/h3>","protected":false},"featured_media":353,"comment_status":"closed","ping_status":"closed","template":"","meta":[],"product_brand":[],"product_cat":[52],"product_tag":[],"class_list":{"0":"post-352","1":"product","2":"type-product","3":"status-publish","4":"has-post-thumbnail","6":"product_cat-vie-quotidienne","8":"first","9":"instock","10":"taxable","11":"shipping-taxable","12":"product-type-simple"},"_links":{"self":[{"href":"https:\/\/cecitech.com\/index.php?rest_route=\/wp\/v2\/product\/352","targetHints":{"allow":["GET"]}}],"collection":[{"href":"https:\/\/cecitech.com\/index.php?rest_route=\/wp\/v2\/product"}],"about":[{"href":"https:\/\/cecitech.com\/index.php?rest_route=\/wp\/v2\/types\/product"}],"replies":[{"embeddable":true,"href":"https:\/\/cecitech.com\/index.php?rest_route=%2Fwp%2Fv2%2Fcomments&post=352"}],"wp:featuredmedia":[{"embeddable":true,"href":"https:\/\/cecitech.com\/index.php?rest_route=\/wp\/v2\/media\/353"}],"wp:attachment":[{"href":"https:\/\/cecitech.com\/index.php?rest_route=%2Fwp%2Fv2%2Fmedia&parent=352"}],"wp:term":[{"taxonomy":"product_brand","embeddable":true,"href":"https:\/\/cecitech.com\/index.php?rest_route=%2Fwp%2Fv2%2Fproduct_brand&post=352"},{"taxonomy":"product_cat","embeddable":true,"href":"https:\/\/cecitech.com\/index.php?rest_route=%2Fwp%2Fv2%2Fproduct_cat&post=352"},{"taxonomy":"product_tag","embeddable":true,"href":"https:\/\/cecitech.com\/index.php?rest_route=%2Fwp%2Fv2%2Fproduct_tag&post=352"}],"curies":[{"name":"wp","href":"https:\/\/api.w.org\/{rel}","templated":true}]}}