{"id":346,"date":"2016-11-11T02:03:13","date_gmt":"2016-11-10T22:03:13","guid":{"rendered":"http:\/\/cecitech.com\/wp\/?post_type=product&#038;p=346"},"modified":"2025-10-30T07:10:51","modified_gmt":"2025-10-30T12:10:51","slug":"tapmemo-assistant-a-commande-vocale","status":"publish","type":"product","link":"https:\/\/cecitech.com\/?product=tapmemo-assistant-a-commande-vocale","title":{"rendered":"TapMemo"},"content":{"rendered":"<h1 class=\"mttl\">Fonctionnalit\u00e9s<\/h1>\r\nTap Memo est \u00e9quip\u00e9 que de 3 boutons : 1 bouton multi-fonction et 2 boutons de volume. Aucune formation ou apprentissage sp\u00e9cifique \u00e0 sa propre voix n&rsquo;est n\u00e9cessaire. Cela signifie que l&rsquo;appareil fonctionne \u00abd\u00e8s la sortie de la bo\u00eete\u00bb.\r\n<p class=\"sttl\">Fonctionnalit\u00e9s principales<\/p>\r\n<p class=\"ssttl\">M\u00e9mos vocaux<\/p>\r\nPeut contenir jusqu&rsquo;\u00e0 30 m\u00e9mos en m\u00e9moire, chacun d&rsquo;une minute maximum. A chaque m\u00e9mo est donn\u00e9 un nom et l&rsquo;on peut ensuite le rappeler en disant simplement ce nom. L&rsquo;utilisateur peut r\u00e9\u00e9couter toutes les notes et les faire d\u00e9filer en avant et en arri\u00e8re. L&rsquo;utilisateur peut supprimer un m\u00e9mo ou tous les m\u00e9mos.\r\n<p class=\"ssttl\">R\u00e9pertoire<\/p>\r\nPeut contenir jusqu&rsquo;\u00e0 60 noms. A chaque nom peut \u00eatre associ\u00e9 un num\u00e9ro de t\u00e9l\u00e9phone \u00e0 48 chiffres maximum et sept secondes d&rsquo;enregistrement vocal pour des donn\u00e9es suppl\u00e9mentaires telles que l&rsquo;adresse, etc. L&rsquo;utilisateur peut r\u00e9\u00e9couter tous les noms et les faire d\u00e9filer en avant et en arri\u00e8re. Il peut \u00e9galement supprimer un nom unique ou tous les noms.\r\n<p class=\"ssttl\">Agenda<\/p>\r\nPeut contenir jusqu&rsquo;\u00e0 30 rendez-vous (avec rappel). A chaque rendez-vous est donn\u00e9 un nom. 7 secondes d&rsquo;enregistrement vocal sont disponibles pour les informations compl\u00e9mentaires. L&rsquo;utilisateur peut r\u00e9\u00e9couter tous les rendez-vous par ordre chronologique et faire d\u00e9filer en avant et en arri\u00e8re. L&rsquo;utilisateur peut supprimer un seul ou tous les rendez-vous.\r\n<p class=\"ssttl\">R\u00e9veil<\/p>\r\nUn r\u00e9veil est inclus comprenant un m\u00e9canisme de r\u00e9veil progressif ce qui permet d&rsquo;accro\u00eetre progressivement le volume.\r\n<p class=\"ssttl\">Commande de verrouillage de l&rsquo;appareil<\/p>\r\nTapM\u00e9mo inclut un m\u00e9canisme de r\u00e9veil progressif qui r\u00e9veille l&rsquo;utilisateur en douceur gr\u00e2ce \u00e0 augmentation progressive du volume.\r\n<p class=\"ssttl\">Localisation de l&rsquo;appareil<\/p>\r\nIl suffit de siffler pour que le TapM\u00e9mo signale sa position.\r\n<p class=\"ssttl\">Indication de la date et de l&rsquo;heure<\/p>\r\nIndication du niveau de la batterie et du taux de remplissage de la m\u00e9moire.\r\n\r\n\u00c9tui de transport en cuir disponible en option.\r\n\r\nGarantie 1 an\r\n<h1 class=\"mttl\">Caract\u00e9ristiques techniques<\/h1>\r\n<ul class=\"lst_product\">\r\n \t<li>Source d&rsquo;\u00e9nergie : Batterie interne lithium ion, 3,7 V et 750 milliamp\u00e8res.<\/li>\r\n \t<li>Autonomie de la batterie : Approximativement 10 jours en fonctionnement et 11 mois en veille.<\/li>\r\n \t<li>Temps de chargement complet : Un peu moins de 4 heures<\/li>\r\n \t<li>Voltage et amp\u00e9rage de charge : 5V et 400 milliamp\u00e8res maximum<\/li>\r\n \t<li>Prise jack pour casque 2,5 mm , mono ou st\u00e9r\u00e9o<\/li>\r\n \t<li>M\u00e9thode d&rsquo;appel du num\u00e9ro de t\u00e9l\u00e9phone dans le r\u00e9pertoire : DTMF<\/li>\r\n \t<li>Nombre maximum de chiffres pour un num\u00e9ro dans le r\u00e9pertoire : 49<\/li>\r\n \t<li>Nombre maximum de noms dans le r\u00e9pertoire : 60<\/li>\r\n \t<li>Nombre maximum de m\u00e9mo dans le bloc-notes : 30<\/li>\r\n \t<li>Temps maximum d&rsquo;enregistrement d&rsquo;un m\u00e9mo : 60 secondes<\/li>\r\n \t<li>Nombre maximum de rendez-vous pour le calendrier : 30<\/li>\r\n \t<li>Type de m\u00e9moire : 64 Mbit flash<\/li>\r\n \t<li>Diam\u00e8tre : 7,5 cm &#8211; Epaisseur : 3 cm &#8211; Poids : 77 g<\/li>\r\n<\/ul>","protected":false},"excerpt":{"rendered":"<h3>TapMemo est un assistant de donn\u00e9es personnelles pilot\u00e9 \u00e0 la voix.<\/h3>","protected":false},"featured_media":347,"comment_status":"closed","ping_status":"closed","template":"","meta":[],"product_brand":[],"product_cat":[52],"product_tag":[],"class_list":{"0":"post-346","1":"product","2":"type-product","3":"status-publish","4":"has-post-thumbnail","6":"product_cat-vie-quotidienne","8":"first","9":"instock","10":"taxable","11":"shipping-taxable","12":"product-type-simple"},"_links":{"self":[{"href":"https:\/\/cecitech.com\/index.php?rest_route=\/wp\/v2\/product\/346","targetHints":{"allow":["GET"]}}],"collection":[{"href":"https:\/\/cecitech.com\/index.php?rest_route=\/wp\/v2\/product"}],"about":[{"href":"https:\/\/cecitech.com\/index.php?rest_route=\/wp\/v2\/types\/product"}],"replies":[{"embeddable":true,"href":"https:\/\/cecitech.com\/index.php?rest_route=%2Fwp%2Fv2%2Fcomments&post=346"}],"wp:featuredmedia":[{"embeddable":true,"href":"https:\/\/cecitech.com\/index.php?rest_route=\/wp\/v2\/media\/347"}],"wp:attachment":[{"href":"https:\/\/cecitech.com\/index.php?rest_route=%2Fwp%2Fv2%2Fmedia&parent=346"}],"wp:term":[{"taxonomy":"product_brand","embeddable":true,"href":"https:\/\/cecitech.com\/index.php?rest_route=%2Fwp%2Fv2%2Fproduct_brand&post=346"},{"taxonomy":"product_cat","embeddable":true,"href":"https:\/\/cecitech.com\/index.php?rest_route=%2Fwp%2Fv2%2Fproduct_cat&post=346"},{"taxonomy":"product_tag","embeddable":true,"href":"https:\/\/cecitech.com\/index.php?rest_route=%2Fwp%2Fv2%2Fproduct_tag&post=346"}],"curies":[{"name":"wp","href":"https:\/\/api.w.org\/{rel}","templated":true}]}}