{"id":340,"date":"2016-11-11T01:33:23","date_gmt":"2016-11-10T21:33:23","guid":{"rendered":"http:\/\/cecitech.com\/wp\/?post_type=product&#038;p=340"},"modified":"2023-06-16T05:19:35","modified_gmt":"2023-06-16T10:19:35","slug":"voiceye-maker-pour-ms-word","status":"publish","type":"product","link":"https:\/\/cecitech.com\/?product=voiceye-maker-pour-ms-word","title":{"rendered":"VOICEYE Maker pour MS-Word"},"content":{"rendered":"<h1>Description:<\/h1>\r\nLe Voiceye Maker pour MS-Word est install\u00e9 comme un add-in \u00e0 MS-Word. Chaque fois que vous avez un document que vous souhaitez rendre accessible, il suffit de cliquer sur le Add-In et de cr\u00e9er le code, cela ne prend que quelques secondes. En Utilisant Voiceye Maker, MS-Word cr\u00e9era automatiquement un code Voiceye dans le coin sup\u00e9rieur droit de la page, permettant aux utilisateurs de Voiceye \u00e0 voir vos mots en gros caract\u00e8res ou les entendre (TTS).\r\n\r\nLe code Voiceye sur le mat\u00e9riel imprim\u00e9: &#8211; peut contenir jusqu&rsquo;\u00e0 deux pages de texte A4 sur un code de 2,5 centim\u00e8tre carr\u00e9. &#8211; Vous n&rsquo;avez pas besoin d&rsquo; une connexion internet \u00e0 d\u00e9coder le code Voiceye, car les donn\u00e9es sont inscrites d\u00e9j\u00e0 dans le code.\r\n\r\nTous les mat\u00e9riaux d&rsquo;enseignement, tous les documents gouvernementaux, les livres, les tableaux d&rsquo;affichage dans les mus\u00e9es ou les biblioth\u00e8ques, en fait \u00e0 peu pr\u00e8s tout, une fois qu&rsquo;un document est produit avec un code Voiceye, tout mat\u00e9riel devient accessible et identifi\u00e9 avec pr\u00e9cision.\r\n<h1 class=\"mttl\">Exigences :<\/h1>\r\n<ul class=\"lst_product\">\r\n \t<li>Voiceye Maker pour Microsoft Word requiert la configuration suivante: Microsoft Word 2013 (32-bit), Microsoft Word 2010 (32-bit), Microsoft Word 2007 (32-bit)<\/li>\r\n \t<li>Voiceye Maker pour Microsoft Word sera ex\u00e9cut\u00e9 sur un ordinateur 64 bits, mais exige l&rsquo;application Word de 32 bits.<\/li>\r\n \t<li>Processeur Pentium ou \u00e9quivalent<\/li>\r\n<\/ul>\r\n<p class=\"ssttl\">Langues support\u00e9es:<\/p>\r\n\r\n<ul class=\"lst_product\">\r\n \t<li>Allemand<\/li>\r\n \t<li>Espagnol<\/li>\r\n \t<li>Polonais<\/li>\r\n \t<li>fran\u00e7ais<\/li>\r\n \t<li>N\u00e9erlandais<\/li>\r\n \t<li>Su\u00e9dois<\/li>\r\n \t<li>japonais<\/li>\r\n \t<li>Russe<\/li>\r\n \t<li>Norv\u00e9gien<\/li>\r\n \t<li>Italien<\/li>\r\n<\/ul>","protected":false},"excerpt":{"rendered":"<h1>VOICEYE Maker pour MS-Word<\/h1>\r\n<h3>Cr\u00e9er des documents accessibles directement \u00e0 partir de MS-Word!<\/h3>","protected":false},"featured_media":341,"comment_status":"closed","ping_status":"closed","template":"","meta":[],"product_brand":[],"product_cat":[45],"product_tag":[],"class_list":{"0":"post-340","1":"product","2":"type-product","3":"status-publish","4":"has-post-thumbnail","6":"product_cat-voiceye","8":"first","9":"instock","10":"taxable","11":"shipping-taxable","12":"product-type-simple"},"_links":{"self":[{"href":"https:\/\/cecitech.com\/index.php?rest_route=\/wp\/v2\/product\/340","targetHints":{"allow":["GET"]}}],"collection":[{"href":"https:\/\/cecitech.com\/index.php?rest_route=\/wp\/v2\/product"}],"about":[{"href":"https:\/\/cecitech.com\/index.php?rest_route=\/wp\/v2\/types\/product"}],"replies":[{"embeddable":true,"href":"https:\/\/cecitech.com\/index.php?rest_route=%2Fwp%2Fv2%2Fcomments&post=340"}],"wp:featuredmedia":[{"embeddable":true,"href":"https:\/\/cecitech.com\/index.php?rest_route=\/wp\/v2\/media\/341"}],"wp:attachment":[{"href":"https:\/\/cecitech.com\/index.php?rest_route=%2Fwp%2Fv2%2Fmedia&parent=340"}],"wp:term":[{"taxonomy":"product_brand","embeddable":true,"href":"https:\/\/cecitech.com\/index.php?rest_route=%2Fwp%2Fv2%2Fproduct_brand&post=340"},{"taxonomy":"product_cat","embeddable":true,"href":"https:\/\/cecitech.com\/index.php?rest_route=%2Fwp%2Fv2%2Fproduct_cat&post=340"},{"taxonomy":"product_tag","embeddable":true,"href":"https:\/\/cecitech.com\/index.php?rest_route=%2Fwp%2Fv2%2Fproduct_tag&post=340"}],"curies":[{"name":"wp","href":"https:\/\/api.w.org\/{rel}","templated":true}]}}