{"id":328,"date":"2016-11-11T01:16:34","date_gmt":"2016-11-10T21:16:34","guid":{"rendered":"http:\/\/cecitech.com\/wp\/?post_type=product&#038;p=328"},"modified":"2016-12-19T07:36:58","modified_gmt":"2016-12-19T03:36:58","slug":"kurzweil-3000-traitement-de-texte-adapte","status":"publish","type":"product","link":"https:\/\/cecitech.com\/?product=kurzweil-3000-traitement-de-texte-adapte","title":{"rendered":"Kurzweil 3000"},"content":{"rendered":"<h3 class=\"mttl\">Fonctionnalit\u00e9s<\/h3>\r\nKurzweil 3000 est un traitement de texte comprenant des fonctions d&rsquo;aide \u00e0 l&rsquo;\u00e9crit (telles que la relecture du texte tap\u00e9 gr\u00e2ce \u00e0 la synth\u00e8se vocale int\u00e9gr\u00e9e, la pr\u00e9diction de mots, les dictionnaires Larousse multim\u00e9dia et la v\u00e9rification orthographique), des fonctions d&rsquo;aide \u00e0 la lecture (gr\u00e2ce au lecteur de texte) et enfin des fonctions d&rsquo;\u00e9tude (surligneurs color\u00e9s, annotations \u00e9crites ou orales).\r\n\r\n<p class=\"ssttl\">Les fonctionnalit\u00e9s suivantes sont pr\u00e9sentes dans le module d&rsquo;Etude standard :<\/p>\r\n<ul class=\"lst_product\">\r\n\t<li>Lecteur de texte multilingue (fran\u00e7ais, anglais, allemand, espagnol&#8230;) permettant gr\u00e2ce \u00e0 la synth\u00e8se vocale RealSpeak de lire le texte \u00e0 voix haute au cours de la frappe (lettre par lettre ou mots complets), tous les types de documents ou d&rsquo;articles qu&rsquo;ils soient imprim\u00e9s ou sous forme \u00e9lectronique, ainsi que les pages Web et les livres num\u00e9ris\u00e9s (format Daisy).\r\nMise en \u00e9vidence du suivi de la lecture : les mots lus par la synth\u00e8se vocale se distinguent gr\u00e2ce \u00e0 une bande unique de surlignage double (mot et phrase color\u00e9s par une couleur diff\u00e9rente).<\/li>\r\n<\/ul>\r\n\r\n<div class=\"embed\"><iframe loading=\"lazy\" width=\"560\" height=\"315\" src=\"https:\/\/www.youtube.com\/embed\/4ikeYbj6gH0\" frameborder=\"0\" allowfullscreen><\/iframe><\/div>\r\n\r\n<ul class=\"lst_product\">\r\n\t<li>Acc\u00e8s rapide \u00e0 la signification des mots gr\u00e2ce \u00e0 la pr\u00e9sence de plusieurs dictionnaires Larousse oralisables : dictionnaire de d\u00e9finition, dictionnaire de traduction multilingue et possibilit\u00e9 d&rsquo;\u00e9diter un dictionnaire d&rsquo;images (possibilit\u00e9 d&rsquo;associer un mot \u00e0 une image au format bmp, gif ou jpg).<\/li>\r\n<\/ul>\r\n \r\n<div class=\"embed\"><iframe loading=\"lazy\" width=\"560\" height=\"315\" src=\"https:\/\/www.youtube.com\/embed\/9hEA9ZVbjCY\" frameborder=\"0\" allowfullscreen><\/iframe><\/div>\r\n \r\n<ul class=\"lst_product\">\r\n\t<li>Marqueurs de surlignage (6 couleurs) et deux niveaux d\u2019encerclement permettant de mettre en \u00e9vidence certains mots, phrases ou paragraphes du texte afin de r\u00e9aliser des r\u00e9sum\u00e9s de texte ou des listes de mots (possibilit\u00e9 d&rsquo;enregistrer les \u00e9l\u00e9ments surlign\u00e9s dans un fichier ind\u00e9pendant).<\/li>\r\n<\/ul>\r\n \r\n<div class=\"embed\"><iframe loading=\"lazy\" width=\"560\" height=\"315\" src=\"https:\/\/www.youtube.com\/embed\/S914FYSv5Ww\" frameborder=\"0\" allowfullscreen><\/iframe><\/div>\r\n\r\n<ul class=\"lst_product\">\r\n\t<li>Acc\u00e8s facilit\u00e9 \u00e0 l&rsquo;Internet gr\u00e2ce au lecteur de texte qui oralise tout le texte des pages Web (avec mise en \u00e9vidence des mots lus par un surlignage double). Les dictionnaires et l&rsquo;aide orthographique peuvent \u00eatre \u00e9galement utilis\u00e9s lors de toute navigation sur l&rsquo;Internet.<\/li>\r\n\t<li>Fonctionnalit\u00e9s uniques pour passer des tests d&rsquo;\u00e9valuation (gr\u00e2ce \u00e0 la mise en forme d&rsquo;exercices \u00e0 remplir, choix multiples).<\/li>\r\n\t<li>Conversion du texte en fichiers audio r\u00e9\u00e9coutables permettant \u00e0 partir d&rsquo;une le\u00e7on ou d&rsquo;un cours \u00e9crit de cr\u00e9er des livres audio sur Cd et\/ou MP3.<\/li>\r\n\t<li>Carnet de bord de l&rsquo;utilisateur permettant\u00e0 l&rsquo;accompagnateur de suivre les fonctions de Kurzweil 3000 que l&rsquo;\u00e9l\u00e8ve a utilis\u00e9es.<\/li>\r\n\t<li>Num\u00e9risation (uniquement disponible dans le module Kurzweil 3000 PRO) permettant de convertir les documents imprim\u00e9s en documents \u00e9ditables (pouvant \u00eatre sauvegard\u00e9s). Gr\u00e2ce \u00e0 un syst\u00e8me avanc\u00e9 de gestion d&rsquo;image, les documents num\u00e9ris\u00e9s peuvent \u00eatre lus par la synth\u00e8se vocale rapidement et efficacement.<\/li>\r\n<\/ul>\r\n\r\n<p class=\"sttl\">Diff\u00e9rentes versions sont disponibles : <\/p>\r\n\r\n<u>(1) Module d&rsquo;Etude<\/u> = Logiciel Kurzweil 3000 sans fonction de num\u00e9risation. \r\n<u>(2) Module PRO N&#038;B ou Couleurs<\/u> : Module d&rsquo;Etude avec num\u00e9risation Noir et Blanc ou Couleurs = Logiciel Kurzweil 3000 avec fonction de num\u00e9risation (scanner non inclus). \r\n<u>(3) Module COMBI 5 N&#038;B ou Couleurs<\/u> : 1 Module PRO et 4 Modules d&rsquo;Etude. Ce module offre la possibilit\u00e9 aux \u00e9coles ou aux centres sp\u00e9cialis\u00e9s de pr\u00e9parer efficacement les documents (fonction de num\u00e9risation) afin que les utilisateurs dyslexiques puissent travailler ou \u00e9tudier ces textes \u00e0 l&rsquo;aide de leur Module d&rsquo;Etude. \r\n<u>(4) Version Cl\u00e9 USB<\/u> : acc\u00e8s imm\u00e9diat au logiciel contenu sur la cl\u00e9 USB, sans aucune installation sur l\u2019ordinateur, permettant ainsi d\u2019utiliser le programme sur plusieurs ordinateurs.\r\n \r\n<h3 class=\"mttl\">Caract\u00e9ristiques techniques<\/h3>\r\n<p class=\"ssttl\">Configuration requise :<\/p>\r\n<ul class=\"lst_product\">\r\n\t<li>Processeur Intel Pentium IV ou sup\u00e9rieur, 1.3 Ghz<\/li>\r\n\t<li>1 Go de m\u00e9moire vive<\/li>\t\r\n\t<li>2 Go minimum d&rsquo;espace disque dur disponible (en fonction du nombre de composants que vous installez)\r\nWindows XP, Vista, 7 (avec service Pack 3).<\/li>\r\n\t<li>R\u00e9solution d&rsquo;\u00e9cran : minimum 1024&#215;768 (24 bits) &#8211; Carte son Creative Labs Sound Blaster 16 ou carte son \u00e9quivalente (16 bits).<\/li>\r\n\t<li>Scanner de type TWAIN (liste des scanners compatibles avec Kurzweil 3000 \u00e0 l&rsquo;adresse suivante : www.kurzweiledu.com\/scanner _search.asp?software_id=2 )<\/li>\r\n\t<li>Haut-parleurs et microphone<\/li>\r\n\t<li>Lecteur de DVD pour l&rsquo;installation<\/li>\r\n\t<li>Vid\u00e9o Ram : au moins 4MB RAM<\/li>\r\n\t<li>Port USB 2.0 (pour version USB)<\/li>\r\n<\/ul>\r\n\r\n\t<h3 class=\"mttl\">Pr\u00e9conisation Cecitech<\/h3>\r\n\r\n<p class=\"ssttl\">Public concern\u00e9 :<\/p>\r\nPour enfants (\u00e0 partir de 8 ans), adolescents, \u00e9tudiants et adultes pr\u00e9sentant une dyslexie ou une dysphasie. Pour un usage scolaire, professionnel ou personnel.\r\n\r\n<p class=\"ssttl\">Avantages :<\/p>\r\n<ul class=\"lst_product\">\r\n\t<li>Grande adaptabilit\u00e9 de l\u2019outil en fonction du niveau et des difficult\u00e9s de l\u2019utilisateur et de l\u2019\u00e9volution des apprentissages.<\/li>\r\n\t<li>Outil multidisciplinaire , soutien \u00e0 la lecture, \u00e0 l\u2019\u00e9tude et \u00e0 l\u2019\u00e9criture&#8230;<\/li>\r\n\t<li>Outil de num\u00e9risation tr\u00e8s simple,<\/li>\r\n\t<li>Licence utilisateur permettant deux installations (\u00e9cole pour l\u2019enseignant, maison pour l\u2019\u00e9l\u00e8ve, th\u00e9rapeute&#8230;).<\/li>\r\n<\/ul>\r\n\r\n<p class=\"ssttl\">Limitation :<\/p>\r\nUtilisation compl\u00e9mentaire du correcteur Antidote HD (non inclus) en parall\u00e8le pour une correction orthographique et grammaticale ad\u00e9quate.","protected":false},"excerpt":{"rendered":"Un logiciel tr\u00e8s complet pour lire, \u00e9crire, orthographier et \u00e9tudier, particuli\u00e8rement adapt\u00e9 aux besoins sp\u00e9cifiques des \u00e9l\u00e8ves et \u00e9tudiants dyslexiques","protected":false},"featured_media":329,"comment_status":"closed","ping_status":"closed","template":"","meta":[],"product_brand":[],"product_cat":[41],"product_tag":[],"class_list":{"0":"post-328","1":"product","2":"type-product","3":"status-publish","4":"has-post-thumbnail","6":"product_cat-education","8":"first","9":"instock","10":"taxable","11":"shipping-taxable","12":"product-type-simple"},"_links":{"self":[{"href":"https:\/\/cecitech.com\/index.php?rest_route=\/wp\/v2\/product\/328","targetHints":{"allow":["GET"]}}],"collection":[{"href":"https:\/\/cecitech.com\/index.php?rest_route=\/wp\/v2\/product"}],"about":[{"href":"https:\/\/cecitech.com\/index.php?rest_route=\/wp\/v2\/types\/product"}],"replies":[{"embeddable":true,"href":"https:\/\/cecitech.com\/index.php?rest_route=%2Fwp%2Fv2%2Fcomments&post=328"}],"wp:featuredmedia":[{"embeddable":true,"href":"https:\/\/cecitech.com\/index.php?rest_route=\/wp\/v2\/media\/329"}],"wp:attachment":[{"href":"https:\/\/cecitech.com\/index.php?rest_route=%2Fwp%2Fv2%2Fmedia&parent=328"}],"wp:term":[{"taxonomy":"product_brand","embeddable":true,"href":"https:\/\/cecitech.com\/index.php?rest_route=%2Fwp%2Fv2%2Fproduct_brand&post=328"},{"taxonomy":"product_cat","embeddable":true,"href":"https:\/\/cecitech.com\/index.php?rest_route=%2Fwp%2Fv2%2Fproduct_cat&post=328"},{"taxonomy":"product_tag","embeddable":true,"href":"https:\/\/cecitech.com\/index.php?rest_route=%2Fwp%2Fv2%2Fproduct_tag&post=328"}],"curies":[{"name":"wp","href":"https:\/\/api.w.org\/{rel}","templated":true}]}}