{"id":312,"date":"2016-11-11T00:45:44","date_gmt":"2016-11-10T20:45:44","guid":{"rendered":"http:\/\/cecitech.com\/wp\/?post_type=product&#038;p=312"},"modified":"2023-04-27T08:43:28","modified_gmt":"2023-04-27T13:43:28","slug":"zoomax-aurora-hd","status":"publish","type":"product","link":"https:\/\/cecitech.com\/?product=zoomax-aurora-hd","title":{"rendered":"ZooMax Aurora HD Vid\u00e9o-agrandisseur pliable"},"content":{"rendered":"Simple d&rsquo;utilisation et avec son \u00e9clairage particuli\u00e8rement \u00e9tudi\u00e9, il vous accompagne dans vos t\u00e2ches quotidiennes et vous facilite la LECTURE et aussi l&rsquo;ECRITURE.\r\nLivres, courriers, photos, mots crois\u00e9s, consultation de notices d&#8217;emploi ou de m\u00e9dicaments mais aussi \u00e9criture, activit\u00e9s manuelles ou manipulation d&rsquo;objets vous sont de nouveau possibles !\r\n<h1 class=\"mttl\">Avantages du Zoomax Aurora HD<\/h1>\r\n<ul class=\"lst_product\">\r\n \t<li>Vid\u00e9o-agrandisseur pliable, pr\u00eat \u00e0 l&#8217;emploi,<\/li>\r\n \t<li>Cam\u00e9ra Haute D\u00e9finition d\u00e9livrant une qualit\u00e9 d&rsquo;image exceptionnelle,<\/li>\r\n \t<li>Design ergonomique et \u00e9l\u00e9gant,<\/li>\r\n \t<li>Grand \u00e9cran 24\u00a0\u00bb (61cm de diagonale), pliable et orientable,<\/li>\r\n \t<li>R\u00e9glages simplifi\u00e9s en fa\u00e7ade d&rsquo;\u00e9cran,<\/li>\r\n \t<li>Fonctions standards et avanc\u00e9es,<\/li>\r\n \t<li>Aucune distorsion et aucune ombre pendant la lecture et l&rsquo;\u00e9criture,<\/li>\r\n \t<li>Eclairage particuli\u00e8rement \u00e9tudi\u00e9 pour rendre la lecture et l&rsquo;\u00e9criture faciles<\/li>\r\n<\/ul>\r\n<h1 class=\"mttl\">Caract\u00e9ristiques<\/h1>\r\n<ul class=\"lst_product\">\r\n \t<li>Cam\u00e9ra : HD (Haute D\u00e9finition) avec Auto-focus,<\/li>\r\n \t<li>Ecran: 24\u00a0\u00bb, pliable et orientable,<\/li>\r\n \t<li>Plage de grossissement : 2x \u00e0 70x (sur un \u00e9cran 24\u00a0\u00bb),<\/li>\r\n \t<li>Modes : 17 fonds color\u00e9s,<\/li>\r\n \t<li>Multi-fonctions : bloclage de la mise au point, fonction de vue g\u00e9n\u00e9rale, gel d&rsquo;image,<\/li>\r\n \t<li>Poids : 15,800 kg avec \u00e9cran de 24\u00a0\u00bb,<\/li>\r\n \t<li>Divers : lignages et fen\u00eatrages, r\u00e9glage de la lumi\u00e8re, r\u00e9glage du contraste, espace de travail\r\nsous la cam\u00e9ra de 18 cm.<\/li>\r\n<\/ul>","protected":false},"excerpt":{"rendered":"<h1>Zoomax Aurora HD<\/h1>\r\n<h4>est un vid\u00e9o-agrandisseur monobloc \u00e9quip\u00e9 de toutes les fonctions avanc\u00e9es actuelles.<\/h4>\r\n<p class=\"txt_dsp_caution\">Contactez-nous pour le prix.<\/p>","protected":false},"featured_media":316,"comment_status":"closed","ping_status":"closed","template":"","meta":[],"product_brand":[],"product_cat":[33,38],"product_tag":[],"class_list":{"0":"post-312","1":"product","2":"type-product","3":"status-publish","4":"has-post-thumbnail","6":"product_cat-basse-vision","7":"product_cat-teleagrandisseurs","9":"first","10":"instock","11":"taxable","12":"shipping-taxable","13":"product-type-simple"},"_links":{"self":[{"href":"https:\/\/cecitech.com\/index.php?rest_route=\/wp\/v2\/product\/312","targetHints":{"allow":["GET"]}}],"collection":[{"href":"https:\/\/cecitech.com\/index.php?rest_route=\/wp\/v2\/product"}],"about":[{"href":"https:\/\/cecitech.com\/index.php?rest_route=\/wp\/v2\/types\/product"}],"replies":[{"embeddable":true,"href":"https:\/\/cecitech.com\/index.php?rest_route=%2Fwp%2Fv2%2Fcomments&post=312"}],"wp:featuredmedia":[{"embeddable":true,"href":"https:\/\/cecitech.com\/index.php?rest_route=\/wp\/v2\/media\/316"}],"wp:attachment":[{"href":"https:\/\/cecitech.com\/index.php?rest_route=%2Fwp%2Fv2%2Fmedia&parent=312"}],"wp:term":[{"taxonomy":"product_brand","embeddable":true,"href":"https:\/\/cecitech.com\/index.php?rest_route=%2Fwp%2Fv2%2Fproduct_brand&post=312"},{"taxonomy":"product_cat","embeddable":true,"href":"https:\/\/cecitech.com\/index.php?rest_route=%2Fwp%2Fv2%2Fproduct_cat&post=312"},{"taxonomy":"product_tag","embeddable":true,"href":"https:\/\/cecitech.com\/index.php?rest_route=%2Fwp%2Fv2%2Fproduct_tag&post=312"}],"curies":[{"name":"wp","href":"https:\/\/api.w.org\/{rel}","templated":true}]}}