{"id":293,"date":"2016-11-11T00:27:53","date_gmt":"2016-11-10T20:27:53","guid":{"rendered":"http:\/\/cecitech.com\/wp\/?post_type=product&#038;p=293"},"modified":"2023-06-17T07:28:19","modified_gmt":"2023-06-17T12:28:19","slug":"reinecker-mezzo-teleagrandisseur","status":"publish","type":"product","link":"https:\/\/cecitech.com\/?product=reinecker-mezzo-teleagrandisseur","title":{"rendered":"Reinecker Mezzo"},"content":{"rendered":"<h3 class=\"mttl\">Mezzo<\/h3>\r\nAssez grand pour lire et assez petit pour \u00eatre transport\u00e9.\r\n\r\nMezzo est un vid\u00e9o agrandisseur tr\u00e8s compact, de bureau, transportable et autonome. La cam\u00e9ra Haute D\u00e9finition int\u00e9gr\u00e9e garantit un affichage des photos ou des \u00e9crits en haute r\u00e9solution, sans scintillement.\r\n\r\nCes performances uniques sont disponibles pour l&rsquo;utilisateur tant \u00e0 la maison, \u00e0 l&rsquo;\u00e9cole ou l&rsquo;universit\u00e9, au travail qu&rsquo;en d\u00e9placement. Avec seulement 5,5 kg, incluant la batterie rechargeable et la sacoche, le Mezzo est le compagnon id\u00e9al en toutes situations.\r\n\r\nL&rsquo;\u00e9cran ajustable offre toujours une position de lecture ergonomique pour toutes les activit\u00e9s. L&rsquo;utilisation du Mezzo est grandement facilit\u00e9 gr\u00e2ce \u00e0 seulement 3 boutons. Le transport dans sa sacoche et l&rsquo;installation sont ais\u00e9s car le Mezzo est facilement d\u00e9ball\u00e9 et d\u00e9pli\u00e9.\r\n\r\nUn plateau XY est propos\u00e9 en option pour encore plus de confort lors de la lecture de documents.\r\n<h3 class=\"mttl\">Les + du Mezzo<\/h3>\r\n<ul class=\"lst_product\">\r\n \t<li>Un syst\u00e8me de lecture avec une image grossie de haute qualit\u00e9 et en haute r\u00e9solution<\/li>\r\n \t<li>Facilit\u00e9 de transport, d&rsquo;installation et d&rsquo;utilisation tant pour les jeunes que les retrait\u00e9s<\/li>\r\n \t<li>Design moderne pour une allure contemporaine<\/li>\r\n \t<li>Une ergonomie irr\u00e9prochable avec son \u00e9cran ajustable et une taille compacte n\u00e9cessitant moins de place<\/li>\r\n \t<li>Absence de scintillement et image HD am\u00e9liorent le confort de lecture et le temps d&rsquo;utilisation<\/li>\r\n \t<li>Une r\u00e9elle autonomie gr\u00e2ce \u00e0 la batterie int\u00e9gr\u00e9e<\/li>\r\n<\/ul>\r\n<h3 class=\"mttl\">CARACTERISTIQUES<\/h3>\r\n<ul class=\"lst_product\">\r\n \t<li>Ecran TFT large 15.6\u00a0\u00bb hauteur et inclinaison ajustables<\/li>\r\n \t<li>Cam\u00e9ra 60 Hz et balayage d&rsquo;image progressif et r\u00e9solution 1280&#215;800 pixels<\/li>\r\n \t<li>Grossissement de 2,8 \u00e0 62 fois approx.<\/li>\r\n \t<li>Autofocus d\u00e9brayable<\/li>\r\n \t<li>Fonction m\u00e9moire<\/li>\r\n \t<li>Ligne de guidage et fen\u00eatrage<\/li>\r\n \t<li>Mode couleurs r\u00e9elles, fonds color\u00e9s:noir sur blanc, blanc sur noir, vert sur noir, jaune sur bleu et jaune sur noir<\/li>\r\n \t<li>Facilement pliable<\/li>\r\n \t<li>Batterie Lithium-ion rechargeable<\/li>\r\n \t<li>Temps d&rsquo;utilisation de 2 h \u00e0 3,5h (en fonction de l&rsquo;intensit\u00e9 lumineuse utilis\u00e9e)<\/li>\r\n \t<li>Temps de charge environ 3,5 heures (si batterie compl\u00e8tement vide)<\/li>\r\n \t<li>Sacoche avec sangle d&rsquo;\u00e9paule,<\/li>\r\n \t<li>Poids : 5.5 kg<\/li>\r\n \t<li>Dimensions : 28 x 44.5 x 18 cm.<\/li>\r\n \t<li>En option: Table de lecture X\/Y<\/li>\r\n<\/ul>","protected":false},"excerpt":{"rendered":"<h3>Mezzo est un vid\u00e9o agrandisseur tr\u00e8s compact, de bureau, transportable et autonome. La cam\u00e9ra Haute D\u00e9finition int\u00e9gr\u00e9e garantit un affichage des photos ou des \u00e9crits en haute r\u00e9solution, sans scintillement.<\/h3>","protected":false},"featured_media":294,"comment_status":"closed","ping_status":"closed","template":"","meta":[],"product_brand":[],"product_cat":[33,38],"product_tag":[],"class_list":{"0":"post-293","1":"product","2":"type-product","3":"status-publish","4":"has-post-thumbnail","6":"product_cat-basse-vision","7":"product_cat-teleagrandisseurs","9":"first","10":"instock","11":"taxable","12":"shipping-taxable","13":"product-type-simple"},"_links":{"self":[{"href":"https:\/\/cecitech.com\/index.php?rest_route=\/wp\/v2\/product\/293","targetHints":{"allow":["GET"]}}],"collection":[{"href":"https:\/\/cecitech.com\/index.php?rest_route=\/wp\/v2\/product"}],"about":[{"href":"https:\/\/cecitech.com\/index.php?rest_route=\/wp\/v2\/types\/product"}],"replies":[{"embeddable":true,"href":"https:\/\/cecitech.com\/index.php?rest_route=%2Fwp%2Fv2%2Fcomments&post=293"}],"wp:featuredmedia":[{"embeddable":true,"href":"https:\/\/cecitech.com\/index.php?rest_route=\/wp\/v2\/media\/294"}],"wp:attachment":[{"href":"https:\/\/cecitech.com\/index.php?rest_route=%2Fwp%2Fv2%2Fmedia&parent=293"}],"wp:term":[{"taxonomy":"product_brand","embeddable":true,"href":"https:\/\/cecitech.com\/index.php?rest_route=%2Fwp%2Fv2%2Fproduct_brand&post=293"},{"taxonomy":"product_cat","embeddable":true,"href":"https:\/\/cecitech.com\/index.php?rest_route=%2Fwp%2Fv2%2Fproduct_cat&post=293"},{"taxonomy":"product_tag","embeddable":true,"href":"https:\/\/cecitech.com\/index.php?rest_route=%2Fwp%2Fv2%2Fproduct_tag&post=293"}],"curies":[{"name":"wp","href":"https:\/\/api.w.org\/{rel}","templated":true}]}}