{"id":291,"date":"2016-11-10T23:44:52","date_gmt":"2016-11-10T19:44:52","guid":{"rendered":"http:\/\/cecitech.com\/wp\/?post_type=product&#038;p=291"},"modified":"2023-06-17T07:44:55","modified_gmt":"2023-06-17T12:44:55","slug":"zoom-text-logiciel-de-grossissement-avec-synthese-vocale","status":"publish","type":"product","link":"https:\/\/cecitech.com\/?product=zoom-text-logiciel-de-grossissement-avec-synthese-vocale","title":{"rendered":"Zoom Text &#8211; Level 2"},"content":{"rendered":"Logiciel de Grossissement de caract\u00e8res avec Synth\u00e8se vocale d\u2019\u00e9cran int\u00e9gr\u00e9e. En combinant ZoomText Magnifier \u00e0 un ensemble puissant d&rsquo;outils de lecture, Magnifier\/Reader vous procure une solution compl\u00e8te d&rsquo;acc\u00e8s \u00e0 l&rsquo;ordinateur. Entendez ce qui se passe au cours de vos d\u00e9placements \u00e0 l&rsquo;\u00e9cran et reposez vos yeux pendant que ZoomText lit vos documents, pages Web et courriers \u00e9lectroniques. Avec Magnifier\/Reader, votre ordinateur est plus facile \u00e0 voir, \u00e0 entendre et \u00e0 utiliser.\r\n<h3 class=\"mttl\">Caract\u00e9ristiques et sp\u00e9cifications<\/h3>\r\n<p class=\"ssttl\">Facile \u00e0 entendre:<\/p>\r\n\r\n<ul class=\"lst_product\">\r\n \t<li>S\u00e9lectionnez \u00e0 partir d&rsquo;un choix de synth\u00e8ses vocales dont la nouvelle NeoSpeech reconnue pour la qualit\u00e9 de sa voix \u00e0 sonorit\u00e9 humaine.<\/li>\r\n \t<li>Les options \u00e9cho de la frappe, de la souris et du programme \u00e9noncent toutes vos actions. ZoomText peut parler autant que vous le souhaitez.<\/li>\r\n \t<li>Relaxez et laissez AppReader ou DocReader lire vos documents, pages Web et courriers \u00e9lectroniques, en \u00e9non\u00e7ant clairement chaque mot au fil de la lecture.<\/li>\r\n \t<li>Les nouvelles Zones de lecture de ZoomText vous permettent de visualiser et d&rsquo;entendre instantan\u00e9ment certaines portions s\u00e9lectionn\u00e9es dans vos applications. Vous pouvez cr\u00e9er jusqu&rsquo;\u00e0 10 Zones de lecture par application.<\/li>\r\n<\/ul>","protected":false},"excerpt":{"rendered":"<h3>Agrandisseur de caract\u00e8res et lecteur vocal d\u2019\u00e9cran int\u00e9gr\u00e9s En combinant ZoomText Magnifier \u00e0 un ensemble puissant d&rsquo;outils de lecture, Magnifier\/Reader vous procure une solution compl\u00e8te d&rsquo;acc\u00e8s \u00e0 l&rsquo;ordinateur.<\/h3>","protected":false},"featured_media":292,"comment_status":"closed","ping_status":"closed","template":"","meta":[],"product_brand":[],"product_cat":[33,39],"product_tag":[],"class_list":{"0":"post-291","1":"product","2":"type-product","3":"status-publish","4":"has-post-thumbnail","6":"product_cat-basse-vision","7":"product_cat-logiciel","9":"first","10":"instock","11":"taxable","12":"shipping-taxable","13":"product-type-simple"},"_links":{"self":[{"href":"https:\/\/cecitech.com\/index.php?rest_route=\/wp\/v2\/product\/291","targetHints":{"allow":["GET"]}}],"collection":[{"href":"https:\/\/cecitech.com\/index.php?rest_route=\/wp\/v2\/product"}],"about":[{"href":"https:\/\/cecitech.com\/index.php?rest_route=\/wp\/v2\/types\/product"}],"replies":[{"embeddable":true,"href":"https:\/\/cecitech.com\/index.php?rest_route=%2Fwp%2Fv2%2Fcomments&post=291"}],"wp:featuredmedia":[{"embeddable":true,"href":"https:\/\/cecitech.com\/index.php?rest_route=\/wp\/v2\/media\/292"}],"wp:attachment":[{"href":"https:\/\/cecitech.com\/index.php?rest_route=%2Fwp%2Fv2%2Fmedia&parent=291"}],"wp:term":[{"taxonomy":"product_brand","embeddable":true,"href":"https:\/\/cecitech.com\/index.php?rest_route=%2Fwp%2Fv2%2Fproduct_brand&post=291"},{"taxonomy":"product_cat","embeddable":true,"href":"https:\/\/cecitech.com\/index.php?rest_route=%2Fwp%2Fv2%2Fproduct_cat&post=291"},{"taxonomy":"product_tag","embeddable":true,"href":"https:\/\/cecitech.com\/index.php?rest_route=%2Fwp%2Fv2%2Fproduct_tag&post=291"}],"curies":[{"name":"wp","href":"https:\/\/api.w.org\/{rel}","templated":true}]}}