{"id":279,"date":"2016-11-10T08:59:50","date_gmt":"2016-11-10T04:59:50","guid":{"rendered":"http:\/\/cecitech.com\/wp\/?post_type=product&#038;p=279"},"modified":"2023-06-17T08:37:51","modified_gmt":"2023-06-17T13:37:51","slug":"reinecker-maxlupe-videoloupe-portable","status":"publish","type":"product","link":"https:\/\/cecitech.com\/?product=reinecker-maxlupe-videoloupe-portable","title":{"rendered":"Reinecker Maxlupe"},"content":{"rendered":"Son support d&rsquo;\u00e9criture int\u00e9gr\u00e9 vous aide \u00e0 prendre des notes, remplir des ch\u00e8ques. La Maxlupe est la digne h\u00e9riti\u00e8re d&rsquo;un best seller d\u00e9j\u00e0 appr\u00e9ci\u00e9 par de nombreux utilisateurs de part le monde.\r\n<h3 class=\"mttl\">CARACTERISTIQUES<\/h3>\r\n<ul class=\"lst_product\">\r\n \t<li>Ecran 5,8&Prime; (15cm) inclinable<\/li>\r\n \t<li>Grossissement de 7,3 \u00e0 30x (Maxlupe pos\u00e9)<\/li>\r\n \t<li>Grossissement de 3 \u00e0 12x (pieds d\u00e9ploy\u00e9s)<\/li>\r\n \t<li>Support d&rsquo;\u00e9criture int\u00e9gr\u00e9, d\u00e9pliable<\/li>\r\n \t<li>Couleur naturelle<\/li>\r\n \t<li>Mode fonds color\u00e9s:Noir\/blanc, Blanc\/Noir,Vert\/Noir, Jaune\/Noir et Jaune\/Bleu<\/li>\r\n \t<li>Batterie int\u00e9gr\u00e9e amovible : autonomie de 3h<\/li>\r\n \t<li>Temps de charge de la batterie : 3h<\/li>\r\n \t<li>Dim : 16 x 6,5 x 10,5 cm<\/li>\r\n \t<li>Poids : 700 g.<\/li>\r\n \t<li>Housse de transport<\/li>\r\n<\/ul>","protected":false},"excerpt":{"rendered":"<h3>Dot\u00e9e de son \u00e9cran inclinable, de sa batterie int\u00e9gr\u00e9e amovible et d&rsquo;une qualit\u00e9 d&rsquo;image remarquable, MAXLUPE vous permet de lire en tout lieu, tout type de documents<\/h3>","protected":false},"featured_media":280,"comment_status":"closed","ping_status":"closed","template":"","meta":[],"product_brand":[],"product_cat":[33,37],"product_tag":[],"class_list":{"0":"post-279","1":"product","2":"type-product","3":"status-publish","4":"has-post-thumbnail","6":"product_cat-basse-vision","7":"product_cat-video-loupes-de-poche","9":"first","10":"instock","11":"taxable","12":"shipping-taxable","13":"product-type-simple"},"_links":{"self":[{"href":"https:\/\/cecitech.com\/index.php?rest_route=\/wp\/v2\/product\/279","targetHints":{"allow":["GET"]}}],"collection":[{"href":"https:\/\/cecitech.com\/index.php?rest_route=\/wp\/v2\/product"}],"about":[{"href":"https:\/\/cecitech.com\/index.php?rest_route=\/wp\/v2\/types\/product"}],"replies":[{"embeddable":true,"href":"https:\/\/cecitech.com\/index.php?rest_route=%2Fwp%2Fv2%2Fcomments&post=279"}],"wp:featuredmedia":[{"embeddable":true,"href":"https:\/\/cecitech.com\/index.php?rest_route=\/wp\/v2\/media\/280"}],"wp:attachment":[{"href":"https:\/\/cecitech.com\/index.php?rest_route=%2Fwp%2Fv2%2Fmedia&parent=279"}],"wp:term":[{"taxonomy":"product_brand","embeddable":true,"href":"https:\/\/cecitech.com\/index.php?rest_route=%2Fwp%2Fv2%2Fproduct_brand&post=279"},{"taxonomy":"product_cat","embeddable":true,"href":"https:\/\/cecitech.com\/index.php?rest_route=%2Fwp%2Fv2%2Fproduct_cat&post=279"},{"taxonomy":"product_tag","embeddable":true,"href":"https:\/\/cecitech.com\/index.php?rest_route=%2Fwp%2Fv2%2Fproduct_tag&post=279"}],"curies":[{"name":"wp","href":"https:\/\/api.w.org\/{rel}","templated":true}]}}