{"id":261,"date":"2016-11-10T08:41:51","date_gmt":"2016-11-10T04:41:51","guid":{"rendered":"http:\/\/cecitech.com\/wp\/?post_type=product&#038;p=261"},"modified":"2023-04-27T08:24:17","modified_gmt":"2023-04-27T13:24:17","slug":"zoomax-capture-videoloupe-portable","status":"publish","type":"product","link":"https:\/\/cecitech.com\/?product=zoomax-capture-videoloupe-portable","title":{"rendered":"Zoomax Capture"},"content":{"rendered":"<h1>Sauvegardez tout ce que vous voyez !<\/h1>\r\n<h1 class=\"mttl\">Fonctionnalit\u00e9s<\/h1>\r\nLa Zoomax Capture offre la possibilit\u00e9 de sauvegarder des images et de les revisionner dans tous les modes disponibles. Possibilit\u00e9 de sauvegarder jusqu\u2019\u00e0 100 images et de verrouiller celles que vous ne voulez surtout pas perdre. La roulette permet d\u2019ajuster le grossissement progressivement jusqu\u2019\u00e0 16 fois. Un design \u00e9l\u00e9gant et compact, la Zoomax Capture offre une qualit\u00e9 d\u2019image exceptionnelle ! Il est possible de la relier \u00e0 un t\u00e9l\u00e9viseur pour afficher les d\u00e9tails sur un plus grand \u00e9cran.\r\n<h1 class=\"mttl\">Caract\u00e9ristiques techniques<\/h1>\r\n<ul class=\"lst_product\">\r\n \t<li>Sauvegarde jusqu\u2019\u00e0 100 images<\/li>\r\n \t<li>Gestion des images (verrouillage, effacer, d\u00e9placer)<\/li>\r\n \t<li>Fonction de d\u00e9filement (scroll) et de grossissement des images enregistr\u00e9es<\/li>\r\n \t<li>Roulette pour ajuster le grossissement en douceur de 2 \u00e0 16 fois<\/li>\r\n \t<li>Ecran couleur TFT ( 10,9 cm diagonale ) fonds color\u00e9s &#8211; couleur, niveaux de gris, noir sur blanc, bleu sur blanc, noir sur jaune, bleu sur jaune et mode(s) invers\u00e9(s)<\/li>\r\n \t<li>10 modes de visualisation (fonds color\u00e9s)<\/li>\r\n \t<li>Support d\u2019\u00e9criture int\u00e9gr\u00e9<\/li>\r\n \t<li>3,5 heures d\u2019autonomie continue<\/li>\r\n \t<li>Connexion TV , ( standard PAL ou NTSC )<\/li>\r\n \t<li>Mise au point automatique<\/li>\r\n \t<li>Gel d\u2019image<\/li>\r\n \t<li>Eclairage \u00e0 LED int\u00e9gr\u00e9<\/li>\r\n \t<li>Possibilit\u00e9 d\u2019allumer ou d\u2019\u00e9teindre l\u2019\u00e9clairage<\/li>\r\n \t<li>R\u00e9glage de la luminosit\u00e9<\/li>\r\n \t<li>Touches sonores ON\/OFF<\/li>\r\n \t<li>M\u00e9morisation des derniers r\u00e9glages au d\u00e9marrage<\/li>\r\n \t<li>Gestion de la batterie : extinction automatique apr\u00e8s 3 minutes sans utilisation. Connect\u00e9 au chargeur, Zoomax Capture utilise l\u2019alimentation du chargeur tout en chargeant en m\u00eame temps la batterie.<\/li>\r\n \t<li>Garantie 2 ans (sauf batterie 1 an)<\/li>\r\n<\/ul>\r\n<h3>Les plus<\/h3>\r\nL\u00e9ger : seulement 205 g avec sa batterie\r\nPeu encombrant : 16 x 8 x 2,4 cm\r\nTemps de charge de la batterie : 3 heures\r\nAccessoires : housse de transport et dragonne","protected":false},"excerpt":{"rendered":"<h1>La Zoomax Capture..<\/h1>\r\n<h4>..offre la possibilit\u00e9 de sauvegarder des images et de les revisionner dans tous les modes disponibles.<\/h4>","protected":false},"featured_media":262,"comment_status":"closed","ping_status":"closed","template":"","meta":[],"product_brand":[],"product_cat":[33,37],"product_tag":[],"class_list":{"0":"post-261","1":"product","2":"type-product","3":"status-publish","4":"has-post-thumbnail","6":"product_cat-basse-vision","7":"product_cat-video-loupes-de-poche","9":"first","10":"instock","11":"product-type-simple"},"_links":{"self":[{"href":"https:\/\/cecitech.com\/index.php?rest_route=\/wp\/v2\/product\/261","targetHints":{"allow":["GET"]}}],"collection":[{"href":"https:\/\/cecitech.com\/index.php?rest_route=\/wp\/v2\/product"}],"about":[{"href":"https:\/\/cecitech.com\/index.php?rest_route=\/wp\/v2\/types\/product"}],"replies":[{"embeddable":true,"href":"https:\/\/cecitech.com\/index.php?rest_route=%2Fwp%2Fv2%2Fcomments&post=261"}],"wp:featuredmedia":[{"embeddable":true,"href":"https:\/\/cecitech.com\/index.php?rest_route=\/wp\/v2\/media\/262"}],"wp:attachment":[{"href":"https:\/\/cecitech.com\/index.php?rest_route=%2Fwp%2Fv2%2Fmedia&parent=261"}],"wp:term":[{"taxonomy":"product_brand","embeddable":true,"href":"https:\/\/cecitech.com\/index.php?rest_route=%2Fwp%2Fv2%2Fproduct_brand&post=261"},{"taxonomy":"product_cat","embeddable":true,"href":"https:\/\/cecitech.com\/index.php?rest_route=%2Fwp%2Fv2%2Fproduct_cat&post=261"},{"taxonomy":"product_tag","embeddable":true,"href":"https:\/\/cecitech.com\/index.php?rest_route=%2Fwp%2Fv2%2Fproduct_tag&post=261"}],"curies":[{"name":"wp","href":"https:\/\/api.w.org\/{rel}","templated":true}]}}