{"id":253,"date":"2016-11-10T08:31:52","date_gmt":"2016-11-10T04:31:52","guid":{"rendered":"http:\/\/cecitech.com\/wp\/?post_type=product&#038;p=253"},"modified":"2023-04-27T08:52:41","modified_gmt":"2023-04-27T13:52:41","slug":"zoomax-snow-7hd","status":"publish","type":"product","link":"https:\/\/cecitech.com\/?product=zoomax-snow-7hd","title":{"rendered":"Zoomax Snow 7HD"},"content":{"rendered":"<h1>Description<\/h1>\r\n<h4>SNOW 7 HD La Loupe \u00e9lectronique de poche la plus facile \u00e0 utiliser de 7&Prime;. H\u00e9ritante de tous les avantages de la famille SNOW, 7 HD dans un design cr\u00e9atif qui offre la nettet\u00e9 de l&rsquo;image en temps r\u00e9el sur un \u00e9cran ergonomique.<\/h4>\r\n<h1 class=\"mttl\">Caract\u00e9ristiques<\/h1>\r\n<ul class=\"lst_product\">\r\n \t<li>Ecran 7\u00a0\u00bb (177,80mm),<\/li>\r\n \t<li>Grossissement de 2,2x \u00e0 19x (optique et num\u00e9rique),<\/li>\r\n \t<li>13 modes d&rsquo;affichages avec r\u00e9glage d&rsquo;un mode favori,<\/li>\r\n \t<li>Gel d&rsquo;image,<\/li>\r\n \t<li>R\u00e9glage de la luminosit\u00e9,<\/li>\r\n \t<li>Allumer ou \u00e9teindre l&rsquo;\u00e9clairage,<\/li>\r\n \t<li>M\u00e9morisation des derniers r\u00e9glages,<\/li>\r\n \t<li>Vision de pr\u00e8s et vision de loin,<\/li>\r\n \t<li>4 heures d&rsquo;autonomie,<\/li>\r\n \t<li>Arr\u00eat automatique apr\u00e8s 3 minutes d&rsquo;inactivit\u00e9,<\/li>\r\n \t<li>Temps de charge 4 heures,<\/li>\r\n \t<li>Poids 480g avec batterie,<\/li>\r\n \t<li>Dimensions : 195 x 139,9 x 25 mm,<\/li>\r\n \t<li>Sortie HDMI<\/li>\r\n<\/ul>","protected":false},"excerpt":{"rendered":"<h1>Zoomax Snow 7HD Loupe \u00e9lectronique de poche<\/h1>\r\n&nbsp;","protected":false},"featured_media":254,"comment_status":"closed","ping_status":"closed","template":"","meta":[],"product_brand":[],"product_cat":[33,37],"product_tag":[],"class_list":{"0":"post-253","1":"product","2":"type-product","3":"status-publish","4":"has-post-thumbnail","6":"product_cat-basse-vision","7":"product_cat-video-loupes-de-poche","9":"first","10":"instock","11":"taxable","12":"shipping-taxable","13":"product-type-simple"},"_links":{"self":[{"href":"https:\/\/cecitech.com\/index.php?rest_route=\/wp\/v2\/product\/253","targetHints":{"allow":["GET"]}}],"collection":[{"href":"https:\/\/cecitech.com\/index.php?rest_route=\/wp\/v2\/product"}],"about":[{"href":"https:\/\/cecitech.com\/index.php?rest_route=\/wp\/v2\/types\/product"}],"replies":[{"embeddable":true,"href":"https:\/\/cecitech.com\/index.php?rest_route=%2Fwp%2Fv2%2Fcomments&post=253"}],"wp:featuredmedia":[{"embeddable":true,"href":"https:\/\/cecitech.com\/index.php?rest_route=\/wp\/v2\/media\/254"}],"wp:attachment":[{"href":"https:\/\/cecitech.com\/index.php?rest_route=%2Fwp%2Fv2%2Fmedia&parent=253"}],"wp:term":[{"taxonomy":"product_brand","embeddable":true,"href":"https:\/\/cecitech.com\/index.php?rest_route=%2Fwp%2Fv2%2Fproduct_brand&post=253"},{"taxonomy":"product_cat","embeddable":true,"href":"https:\/\/cecitech.com\/index.php?rest_route=%2Fwp%2Fv2%2Fproduct_cat&post=253"},{"taxonomy":"product_tag","embeddable":true,"href":"https:\/\/cecitech.com\/index.php?rest_route=%2Fwp%2Fv2%2Fproduct_tag&post=253"}],"curies":[{"name":"wp","href":"https:\/\/api.w.org\/{rel}","templated":true}]}}