{"id":251,"date":"2016-11-10T08:16:30","date_gmt":"2016-11-10T04:16:30","guid":{"rendered":"http:\/\/cecitech.com\/wp\/?post_type=product&#038;p=251"},"modified":"2023-06-19T08:16:44","modified_gmt":"2023-06-19T13:16:44","slug":"schweizer-okolux-plus-loupe-de-poche","status":"publish","type":"product","link":"https:\/\/cecitech.com\/?product=schweizer-okolux-plus-loupe-de-poche","title":{"rendered":"Schweizer Okolux Plus Loupe de Poche"},"content":{"rendered":"OKOLUX PLUS LOUPE DE POCHE Batteries et pochette incluses\r\n\r\nSWZ13411 Loupe LED 10D. 50X75mm\r\nSWZ13412 Loupe LED pocket 12D. 70mm\r\nSWZ13416 Loupe LED pocket 16D. 60mm\r\nSWZ13420 Loupe LED 20D.55mm\r\nSWZ13424 Loupe LED 24D. 55mn\r\nSWZ13428 Loupe LED 28D.35mm\r\nSWZ13439 Loupe LED 39D. 35mm\r\nSWZ13448 Loupe LED 48D. 35mm\r\nSWZ13456 Loupe LED 56D. 35mm","protected":false},"excerpt":{"rendered":"<h3>OKOLUX PLUS LOUPE DE POCHE<\/h3>\r\nBatteries and pochette incluses. La loupe \u00e0 main \u00e9clairante Schweizer est tr\u00e8s ergonomique : elle est l\u00e9g\u00e8re et poss\u00e8de une prise en main parfaite et agr\u00e9able.","protected":false},"featured_media":252,"comment_status":"closed","ping_status":"closed","template":"","meta":[],"product_brand":[],"product_cat":[33,34],"product_tag":[],"class_list":{"0":"post-251","1":"product","2":"type-product","3":"status-publish","4":"has-post-thumbnail","6":"product_cat-basse-vision","7":"product_cat-loupes","9":"first","10":"instock","11":"taxable","12":"shipping-taxable","13":"product-type-simple"},"_links":{"self":[{"href":"https:\/\/cecitech.com\/index.php?rest_route=\/wp\/v2\/product\/251","targetHints":{"allow":["GET"]}}],"collection":[{"href":"https:\/\/cecitech.com\/index.php?rest_route=\/wp\/v2\/product"}],"about":[{"href":"https:\/\/cecitech.com\/index.php?rest_route=\/wp\/v2\/types\/product"}],"replies":[{"embeddable":true,"href":"https:\/\/cecitech.com\/index.php?rest_route=%2Fwp%2Fv2%2Fcomments&post=251"}],"wp:featuredmedia":[{"embeddable":true,"href":"https:\/\/cecitech.com\/index.php?rest_route=\/wp\/v2\/media\/252"}],"wp:attachment":[{"href":"https:\/\/cecitech.com\/index.php?rest_route=%2Fwp%2Fv2%2Fmedia&parent=251"}],"wp:term":[{"taxonomy":"product_brand","embeddable":true,"href":"https:\/\/cecitech.com\/index.php?rest_route=%2Fwp%2Fv2%2Fproduct_brand&post=251"},{"taxonomy":"product_cat","embeddable":true,"href":"https:\/\/cecitech.com\/index.php?rest_route=%2Fwp%2Fv2%2Fproduct_cat&post=251"},{"taxonomy":"product_tag","embeddable":true,"href":"https:\/\/cecitech.com\/index.php?rest_route=%2Fwp%2Fv2%2Fproduct_tag&post=251"}],"curies":[{"name":"wp","href":"https:\/\/api.w.org\/{rel}","templated":true}]}}