{"id":234,"date":"2016-11-10T05:39:08","date_gmt":"2016-11-10T01:39:08","guid":{"rendered":"http:\/\/cecitech.com\/wp\/?post_type=product&#038;p=234"},"modified":"2023-06-22T09:24:56","modified_gmt":"2023-06-22T14:24:56","slug":"braille-place-imprimante-braille","status":"publish","type":"product","link":"https:\/\/cecitech.com\/?product=braille-place-imprimante-braille","title":{"rendered":"Braille Place"},"content":{"rendered":"<h1>Description<\/h1>\r\n<span class=\"ssttl\">Braille Place<\/span>, notre nouvelle embosseuse inter point avec des vitesses de pr\u00e8s de 300 caract\u00e8res par seconde et une ligne de 45 caract\u00e8res. <span class=\"ssttl\">Braille Place<\/span> se connecte \u00e0 n&rsquo;importe quel ordinateur gr\u00e2ce \u00e0 ses ports parall\u00e8le ou en s\u00e9rie. <span class=\"ssttl\">Braille Place<\/span> utilise les m\u00eames commandes de clavier comme tous nos autres gaufreuses, et comprend HE Speaks pour vocaliser des contr\u00f4les et de faire d&rsquo;autres t\u00e2ches audio.\r\n\r\n<span class=\"ssttl\">Braille Place<\/span> est grande &#8211; 58 pouces de haut (147,3 cm) &#8211; et il faut un 220 volts ligne \u00e9lectrique. Nous demandons \u00e9galement que les clients <span class=\"ssttl\">Braille Place<\/span> envoie un membre du personnel m\u00e9caniquement inclin\u00e9 \u00e0 notre usine pour une formation courte sur la fa\u00e7on de garder <span class=\"ssttl\">Braille Place<\/span> \u00e0 une productivit\u00e9 de pointe.\r\n<h1 class=\"mttl\">Caract\u00e9ristiques Techniques<\/h1>\r\n<ul class=\"lst_product\">\r\n \t<li>Papier: alimentation continu\u00e9e<\/li>\r\n \t<li>Caract\u00e8res par ligne: 45 maximum<\/li>\r\n \t<li>Lignes par c\u00f4t\u00e9: 27 maximum<\/li>\r\n \t<li>Vitesse: 300 caract\u00e8res par seconde<\/li>\r\n \t<li>Tailles Braille: mise \u00e0 l&rsquo;\u00e9chelle en braille dynamique (y compris la Biblioth\u00e8que du Congr\u00e8s norme Braille, Braille Jumbo, Braille Connexion Californie, en braille et en Braille Petite et Braille Petite avec interlignes)<\/li>\r\n \t<li>Type de Lune pour le Royaume-Uni<\/li>\r\n \t<li>Tension de ligne: 220 VAC. 50\/60 Hz.<\/li>\r\n \t<li>Ports: Port (1) Centronics parall\u00e8le compatible<\/li>\r\n \t<li>(Port 2) de s\u00e9rie Asynchrone EIA RS-232D, DTE<\/li>\r\n \t<li>(Port 3) ET Speaks<\/li>\r\n \t<li>Poids: 51 kg<\/li>\r\n \t<li>Dimensions: 39 \u00ab\u00a0x 30\u00a0\u00bb x 58 d \u00ab\u00a0h<\/li>\r\n \t<li>Energy Star (R)<\/li>\r\n<\/ul>","protected":false},"excerpt":{"rendered":"<h3>Braille Place, notre nouvelle embosseuse inter point avec des vitesses de pr\u00e8s de 300 caract\u00e8res par seconde et une ligne de 45 caract\u00e8res.<\/h3>","protected":false},"featured_media":235,"comment_status":"closed","ping_status":"closed","template":"","meta":[],"product_brand":[],"product_cat":[30,36],"product_tag":[],"class_list":{"0":"post-234","1":"product","2":"type-product","3":"status-publish","4":"has-post-thumbnail","6":"product_cat-cecite","7":"product_cat-imprimantes-braille","9":"first","10":"instock","11":"taxable","12":"shipping-taxable","13":"product-type-simple"},"_links":{"self":[{"href":"https:\/\/cecitech.com\/index.php?rest_route=\/wp\/v2\/product\/234","targetHints":{"allow":["GET"]}}],"collection":[{"href":"https:\/\/cecitech.com\/index.php?rest_route=\/wp\/v2\/product"}],"about":[{"href":"https:\/\/cecitech.com\/index.php?rest_route=\/wp\/v2\/types\/product"}],"replies":[{"embeddable":true,"href":"https:\/\/cecitech.com\/index.php?rest_route=%2Fwp%2Fv2%2Fcomments&post=234"}],"wp:featuredmedia":[{"embeddable":true,"href":"https:\/\/cecitech.com\/index.php?rest_route=\/wp\/v2\/media\/235"}],"wp:attachment":[{"href":"https:\/\/cecitech.com\/index.php?rest_route=%2Fwp%2Fv2%2Fmedia&parent=234"}],"wp:term":[{"taxonomy":"product_brand","embeddable":true,"href":"https:\/\/cecitech.com\/index.php?rest_route=%2Fwp%2Fv2%2Fproduct_brand&post=234"},{"taxonomy":"product_cat","embeddable":true,"href":"https:\/\/cecitech.com\/index.php?rest_route=%2Fwp%2Fv2%2Fproduct_cat&post=234"},{"taxonomy":"product_tag","embeddable":true,"href":"https:\/\/cecitech.com\/index.php?rest_route=%2Fwp%2Fv2%2Fproduct_tag&post=234"}],"curies":[{"name":"wp","href":"https:\/\/api.w.org\/{rel}","templated":true}]}}