{"id":230,"date":"2016-11-10T05:32:35","date_gmt":"2016-11-10T01:32:35","guid":{"rendered":"http:\/\/cecitech.com\/wp\/?post_type=product&#038;p=230"},"modified":"2023-06-23T09:44:59","modified_gmt":"2023-06-23T14:44:59","slug":"braille-express-100-imprimante-braille","status":"publish","type":"product","link":"https:\/\/cecitech.com\/?product=braille-express-100-imprimante-braille","title":{"rendered":"Braille Express 100"},"content":{"rendered":"B\u00e2tie dans un casier de transport solide et rugueux, les <span class=\"ssttl\">Express 100<\/span> embossent 100 caract\u00e8res par seconde.\r\n\r\nLes <span class=\"ssttl\">Express 100<\/span> peuvent imprimer des graphiques r\u00e9guliers et de haute r\u00e9solution et les combiner avec du texte dans le m\u00eame document.\r\n\r\n<hr \/>\r\n\r\nVous pouvez \u00e9galement agrandir l&rsquo;espace entre les lignes de Braille jusqu \u00e0 une fois et demie la le d\u00e9calage normal et revenir \u00e0 l&rsquo;espacement standard dans le m\u00eame document.\r\n\r\n<hr \/>\r\n\r\nLes imprimantes braille <span class=\"ssttl\">Express 100<\/span> peuvent se brancher avec le port parall\u00e8le de votre PC compatible IBM, utilisent toute une vari\u00e9t\u00e9 de formats papier et ont 16 menus pour configurer votre imprimante pour chaque t\u00e2che dont vous avez besoin. Ils ont \u00e9galement un port en s\u00e9rie de 25 broches, ainsi qu un s\u00e9lecteur de commande d&rsquo;impact pour ajuster l&rsquo;Express pour diff\u00e9rentes \u00e9paisseurs de papier.\r\n\r\n<hr \/>\r\n\r\nUn port en s\u00e9rie additionnel est disponible pour relier ETSpeaks \u00e0 votre ordinateur toutes les fois que vous d\u00e9sirez lire votre \u00e9cran ou jouer des fichiers audio, et une prise externe de haut-parleur est aussi disponible pour branchement aux \u00e9couteurs ou aux haut-parleurs standard.\r\n\r\n<hr \/>\r\n\r\n&nbsp;","protected":false},"excerpt":{"rendered":"<h3>B\u00e2tie dans un casier de transport solide et rugueux, les Express 100 embossent 100 caract\u00e8res par seconde.<\/h3>","protected":false},"featured_media":231,"comment_status":"closed","ping_status":"closed","template":"","meta":[],"product_brand":[],"product_cat":[30,36],"product_tag":[],"class_list":{"0":"post-230","1":"product","2":"type-product","3":"status-publish","4":"has-post-thumbnail","6":"product_cat-cecite","7":"product_cat-imprimantes-braille","9":"first","10":"instock","11":"taxable","12":"shipping-taxable","13":"product-type-simple"},"_links":{"self":[{"href":"https:\/\/cecitech.com\/index.php?rest_route=\/wp\/v2\/product\/230","targetHints":{"allow":["GET"]}}],"collection":[{"href":"https:\/\/cecitech.com\/index.php?rest_route=\/wp\/v2\/product"}],"about":[{"href":"https:\/\/cecitech.com\/index.php?rest_route=\/wp\/v2\/types\/product"}],"replies":[{"embeddable":true,"href":"https:\/\/cecitech.com\/index.php?rest_route=%2Fwp%2Fv2%2Fcomments&post=230"}],"wp:featuredmedia":[{"embeddable":true,"href":"https:\/\/cecitech.com\/index.php?rest_route=\/wp\/v2\/media\/231"}],"wp:attachment":[{"href":"https:\/\/cecitech.com\/index.php?rest_route=%2Fwp%2Fv2%2Fmedia&parent=230"}],"wp:term":[{"taxonomy":"product_brand","embeddable":true,"href":"https:\/\/cecitech.com\/index.php?rest_route=%2Fwp%2Fv2%2Fproduct_brand&post=230"},{"taxonomy":"product_cat","embeddable":true,"href":"https:\/\/cecitech.com\/index.php?rest_route=%2Fwp%2Fv2%2Fproduct_cat&post=230"},{"taxonomy":"product_tag","embeddable":true,"href":"https:\/\/cecitech.com\/index.php?rest_route=%2Fwp%2Fv2%2Fproduct_tag&post=230"}],"curies":[{"name":"wp","href":"https:\/\/api.w.org\/{rel}","templated":true}]}}