{"id":228,"date":"2016-11-10T05:30:19","date_gmt":"2016-11-10T01:30:19","guid":{"rendered":"http:\/\/cecitech.com\/wp\/?post_type=product&#038;p=228"},"modified":"2023-06-23T09:50:13","modified_gmt":"2023-06-23T14:50:13","slug":"bookmaker-imprimante-braille","status":"publish","type":"product","link":"https:\/\/cecitech.com\/?product=bookmaker-imprimante-braille","title":{"rendered":"BookMaker"},"content":{"rendered":"Le <span class=\"ssttl\">BookMaker<\/span> 512 imprime du Braille sur les deux c\u00f4t\u00e9s de votre page et peut garder en m\u00e9moire jusqu&rsquo;\u00e0 500 pages de travaux.\r\n\r\nLe <span class=\"ssttl\">BookMaker<\/span> Braille embosse \u00e0 la vitesse de 80 caract\u00e8res par seconde.\r\n\r\nNous pensons qu\u2019un <span class=\"ssttl\">BookMaker<\/span>, utilis\u00e9 5 heures par jour, peut imprimer un quart de million de pages dans une seule ann\u00e9e.\r\n\r\nC\u2019est sans doute pourquoi bien des maisons de production Braille, larges et petites, utilisent la <span class=\"ssttl\">BookMaker<\/span>.\r\n\r\nLa <span class=\"ssttl\">BookMaker<\/span> et la Braille Express sont b\u00e2ties de fa\u00e7on solide, et sont facilement d\u00e9pla\u00e7ables.","protected":false},"excerpt":{"rendered":"<h3>Le BookMaker 512 imprime du Braille sur les deux c\u00f4t\u00e9s de votre page et peut garder en m\u00e9moire jusqu&rsquo;\u00e0 500 pages de travaux.<\/h3>","protected":false},"featured_media":229,"comment_status":"closed","ping_status":"closed","template":"","meta":[],"product_brand":[],"product_cat":[30,36],"product_tag":[],"class_list":{"0":"post-228","1":"product","2":"type-product","3":"status-publish","4":"has-post-thumbnail","6":"product_cat-cecite","7":"product_cat-imprimantes-braille","9":"first","10":"instock","11":"taxable","12":"shipping-taxable","13":"product-type-simple"},"_links":{"self":[{"href":"https:\/\/cecitech.com\/index.php?rest_route=\/wp\/v2\/product\/228","targetHints":{"allow":["GET"]}}],"collection":[{"href":"https:\/\/cecitech.com\/index.php?rest_route=\/wp\/v2\/product"}],"about":[{"href":"https:\/\/cecitech.com\/index.php?rest_route=\/wp\/v2\/types\/product"}],"replies":[{"embeddable":true,"href":"https:\/\/cecitech.com\/index.php?rest_route=%2Fwp%2Fv2%2Fcomments&post=228"}],"wp:featuredmedia":[{"embeddable":true,"href":"https:\/\/cecitech.com\/index.php?rest_route=\/wp\/v2\/media\/229"}],"wp:attachment":[{"href":"https:\/\/cecitech.com\/index.php?rest_route=%2Fwp%2Fv2%2Fmedia&parent=228"}],"wp:term":[{"taxonomy":"product_brand","embeddable":true,"href":"https:\/\/cecitech.com\/index.php?rest_route=%2Fwp%2Fv2%2Fproduct_brand&post=228"},{"taxonomy":"product_cat","embeddable":true,"href":"https:\/\/cecitech.com\/index.php?rest_route=%2Fwp%2Fv2%2Fproduct_cat&post=228"},{"taxonomy":"product_tag","embeddable":true,"href":"https:\/\/cecitech.com\/index.php?rest_route=%2Fwp%2Fv2%2Fproduct_tag&post=228"}],"curies":[{"name":"wp","href":"https:\/\/api.w.org\/{rel}","templated":true}]}}