{"id":225,"date":"2016-11-10T05:27:47","date_gmt":"2016-11-10T01:27:47","guid":{"rendered":"http:\/\/cecitech.com\/wp\/?post_type=product&#038;p=225"},"modified":"2023-06-23T10:17:08","modified_gmt":"2023-06-23T15:17:08","slug":"index-4-waves-pro-imprimante-braille","status":"publish","type":"product","link":"https:\/\/cecitech.com\/?product=index-4-waves-pro-imprimante-braille","title":{"rendered":"FanFold-D V5"},"content":{"rendered":"<h1 class=\"mttl\">Fonctionnalit\u00e9s<\/h1>\r\nL&rsquo;imprimante braille semi-industrielle \u00e0 alimentation par papier tract\u00e9 est propos\u00e9e \u00e0 un prix abordable.\r\n<ul>\r\n \t<li>Haute vitesse d&rsquo;impression : 330 cps (\u00b1 1000 pages par heure).<\/li>\r\n \t<li>Faible niveau sonore.<\/li>\r\n \t<li>Conception simple et efficace.<\/li>\r\n \t<li>Maintenance sur site facile.<\/li>\r\n \t<li>Interface utilisateur ergonomique<\/li>\r\n<\/ul>\r\n<h3><strong>Impression \u00e0 haute vitesse en papier continu<\/strong><\/h3>\r\nPar tradition, le papier en continu est le format le plus utilis\u00e9 dans l&rsquo;impression braille pour les productions \u00e9lev\u00e9es. Il permet en effet d&rsquo;imprimer une bo\u00eete compl\u00e8te de papier sans surveillance.\r\n<h3><strong>Conception antibruit<\/strong><\/h3>\r\nLe faible niveau de bruit [63 dB(A)] de la FanFold est imputable \u00e0 l&rsquo;utilisation de diff\u00e9rents composants qui absorbent le son, faisant de l&#8217;embosseuse une unit\u00e9 compl\u00e8tement scell\u00e9e et confinant le bruit \u00e0 l&rsquo;int\u00e9rieur de l&rsquo;appareil. La ventilation est distribu\u00e9e \u00e0 travers des dispositifs silencieux, \u00e9vitant toute fuite du bruit tout en permettant un d\u00e9bit d&rsquo;air suffisant.\r\n\r\nLa conception de r\u00e9duction de bruit de la FanFold-D s&rsquo;av\u00e8re particuli\u00e8rement importante lorsque la machine est plac\u00e9e dans un endroit o\u00f9 un faible niveau de bruit est n\u00e9cessaire.\r\n<h3><strong>Supports lat\u00e9raux Z-Folding<\/strong><\/h3>\r\nHabituellement, lorsqu&rsquo;un document braille \u00e9tait imprim\u00e9, il \u00e9tait n\u00e9cessaire de s\u00e9parer les pages, puis de les empiler dans le bon ordre. Ce processus manuel pouvait entra\u00eener une reliure incorrecte du livre braille.\r\n\r\nD\u00e9sormais, avec le repli lat\u00e9ral, l&rsquo;erreur possible lors de la manipulation du papier est \u00e9limin\u00e9e et le processus de reliage est simplifi\u00e9. Cela fonctionne de la mani\u00e8re suivante :\r\n<ul>\r\n \t<li>le document en braille est imprim\u00e9 lat\u00e9ralement (vertical) ;<\/li>\r\n \t<li>la pile de braille imprim\u00e9e est distribu\u00e9e au format livre d\u00e8s r\u00e9ception dans le bac papier ;<\/li>\r\n \t<li>il suffit de retourner la pile imprim\u00e9e en braille avec la premi\u00e8re page sur le dessus et la marge de liaison sur le c\u00f4t\u00e9 gauche ;<\/li>\r\n \t<li>agrafer ou relier le c\u00f4t\u00e9 gauche des documents braille ;<\/li>\r\n \t<li>diviser le papier du c\u00f4t\u00e9 droit de la pile ;<\/li>\r\n \t<li>le document est pr\u00eat.<\/li>\r\n<\/ul>\r\n<h3><strong>Design affin\u00e9<\/strong><\/h3>\r\nLes imprimantes Index V5 utilisent les ampoules LED pour fournir une interface utilisateur encore plus lisible, et pour all\u00e9ger le design des embosseuses :\r\n<ul>\r\n \t<li>surveiller le processus d&rsquo;impression ;<\/li>\r\n \t<li>voir le niveau de papier en entr\u00e9e et en sortie ;<\/li>\r\n \t<li>\u00e9clairage suffisant pour la maintenance.<\/li>\r\n<\/ul>\r\n<h3><strong>Impression tactile haute r\u00e9solution<\/strong><\/h3>\r\n<em>Page flottante<\/em>\r\n\r\nLe noyau d&rsquo;impression de la FanFold-D est une fonction appel\u00e9e \u00ab\u00a0page flottante\u00a0\u00bb. Gr\u00e2ce \u00e0 cette focntion, l&rsquo;\u00e9diteur graphique tactile peut positionner sur le papier des points \u00e0 des positions x\/y sp\u00e9cifiques.\r\n\r\n<em>Braille et graphiques tactiles sur la m\u00eame page<\/em>\r\n\r\nPour ce qui concerne les graphiques tactiles, les images textuelles et tactiles peuvent \u00eatre combin\u00e9es n&rsquo;importe o\u00f9 dans la page. La focntion de page flottante prend en charge toutes les combinaisons d&rsquo;images tactiles ou en braille.\r\n\r\n<em>Distance minimale<\/em>\r\n\r\nLes points braille graphiques peuvent \u00eatre plac\u00e9s tr\u00e8s proches les uns des autres (minimum 0,1 mm). Cette pratique n&rsquo;est cependant pas recommand\u00e9e car elle risque de percer le papier. Index recommande une distance de 1,9 \u00e0 2 mm entre les points. \u00c9tant donn\u00e9 que chaque point est individuellement d\u00e9fini, la distance entre les points n&rsquo;est pas n\u00e9cessairement identique. En cons\u00e9quence, il est possible d&rsquo;imprimer un cercle parfait ou un graphique math\u00e9matique.\r\n\r\n<em>Remplissage des zones graphiques<\/em>\r\n\r\nLe d\u00e9fi lors de l&#8217;embossage des zones graphiques tactiles est de d\u00e9finir diff\u00e9rents types d&rsquo;objets que les lecteurs aveugles peuvent appr\u00e9hender. Pour cela, Index recommande d&rsquo;utiliser la fonction de remplissage.\r\n\r\n<em>\u00c9tiquettes sur les zones remplies<\/em>\r\n\r\nLorsqu&rsquo;une \u00e9tiquette avec braille est ins\u00e9r\u00e9e sur un objet rempli, l&#8217;embosseuse supprime automatiquement les points de remplissage autour du texte en baille afin d&rsquo;en faciliter la lecture.\r\n\r\nGarantie 4 ans\r\n<h1 class=\"mttl\">Caract\u00e9ristiques techniques<\/h1>\r\n<strong>Braille<\/strong>\r\n<ul>\r\n \t<li>Vitesse d&#8217;embossage : 330 cps<\/li>\r\n \t<li>Recto seul : Oui<\/li>\r\n \t<li>Recto\/Verso : Oui<\/li>\r\n \t<li>Impression verticale (booklet) : Oui<\/li>\r\n \t<li>Espacement des lignes ajustable : Oui<\/li>\r\n \t<li>Taille du braille : 2,5 mm<\/li>\r\n \t<li>R\u00e9solution tactile : 20 DPI<\/li>\r\n \t<li>M\u00e9thode d&#8217;embossage : 3 t\u00eates d&#8217;embossage avec 13 marteaux dans chaque t\u00eate<\/li>\r\n \t<li>Information additionnelle : Interpoint<\/li>\r\n<\/ul>\r\n<strong>Communication<\/strong>\r\n<ul>\r\n \t<li>USB : Oui<\/li>\r\n \t<li>Cl\u00e9 USB : Oui<\/li>\r\n \t<li>R\u00e9seau WiFi : Oui<\/li>\r\n \t<li>R\u00e9seau filaire : Oui<\/li>\r\n \t<li>Bluetooth : Oui<\/li>\r\n \t<li>Supporte les appareils mobiles : Oui<\/li>\r\n \t<li>Pilotes d&rsquo;impression pour Windows : Oui<\/li>\r\n \t<li>Pilotes d&rsquo;impression pour Mac : Oui<\/li>\r\n \t<li>Pilotes d&rsquo;impression pour Linux : Oui<\/li>\r\n \t<li>Interface Web : Oui<\/li>\r\n \t<li>Mises \u00e0 jour gratuites du logiciel usine : Oui<\/li>\r\n \t<li>Support idB : Oui<\/li>\r\n \t<li>Information additionnelle : Surveillance web \u00e0 distance du processus d&#8217;embossage possible.<\/li>\r\n<\/ul>\r\n<strong>Alimentation \u00e9lectrique<\/strong>\r\n<ul>\r\n \t<li>Voltage : 100-240 V AC<\/li>\r\n \t<li>Puissance max : 400 W<\/li>\r\n \t<li>Consommation en veille : 5 W<\/li>\r\n \t<li>Mode \u00e9co : 1 W<\/li>\r\n \t<li>Commutateur : On\/Off Non<\/li>\r\n<\/ul>\r\n<strong>G\u00e9n\u00e9ralit\u00e9s<\/strong>\r\n<ul>\r\n \t<li>Garantie 4 ans<\/li>\r\n \t<li>cps\/ 1000 USD 19<\/li>\r\n<\/ul>\r\n<strong>Dimensions<\/strong>\r\n<ul>\r\n \t<li>Hauteur : 102 cm<\/li>\r\n \t<li>Largeur : 90 cm<\/li>\r\n \t<li>Profondeur : 62 cm<\/li>\r\n \t<li>Volume net : 569,16 dm3<\/li>\r\n \t<li>Poids net : 100 kg<\/li>\r\n \t<li>Niveau sonore : 63 dB(A)<\/li>\r\n<\/ul>\r\n<strong>Alimentation papier<\/strong>\r\n<ul>\r\n \t<li>Tracteur : Oui<\/li>\r\n \t<li>Feuille \u00e0 feuille : Non<\/li>\r\n \t<li>Rouleau : Non<\/li>\r\n \t<li>Taille du bac : 1000 pages<\/li>\r\n \t<li>Grammage : 120-180 g\/m\u00b2<\/li>\r\n \t<li>Hauteur de papier : 5-12,8 in<\/li>\r\n \t<li>Largeur de papier : 8-12 in<\/li>\r\n \t<li>Taille de papier ajustable\u00a0 :Oui<\/li>\r\n \t<li>Taille de papier fixe : Non<\/li>\r\n<\/ul>\r\n&nbsp;","protected":false},"excerpt":{"rendered":"<form id=\"product_addtocart_form\" action=\"https:\/\/www.ceciaa.com\/checkout\/cart\/add\/uenc\/aHR0cHM6Ly93d3cuY2VjaWFhLmNvbS9mYW5mb2xkLWQtdjUuaHRtbD9fX19TSUQ9VQ,,\/product\/2620\/form_key\/OYMZ3rVo1NVe7VP2\/\" method=\"post\">\r\n<div class=\"short-description\">\r\n<div class=\"std\">\r\n<h3>La FanFold-D V5 est une embosseuse imprimante braille grande vitesse \u00e0 alimentation par papier listing.<\/h3>\r\n<\/div>\r\n<\/div>\r\n<\/form>","protected":false},"featured_media":1094,"comment_status":"closed","ping_status":"closed","template":"","meta":[],"product_brand":[],"product_cat":[30,36],"product_tag":[],"class_list":{"0":"post-225","1":"product","2":"type-product","3":"status-publish","4":"has-post-thumbnail","6":"product_cat-cecite","7":"product_cat-imprimantes-braille","9":"first","10":"instock","11":"taxable","12":"shipping-taxable","13":"product-type-simple"},"_links":{"self":[{"href":"https:\/\/cecitech.com\/index.php?rest_route=\/wp\/v2\/product\/225","targetHints":{"allow":["GET"]}}],"collection":[{"href":"https:\/\/cecitech.com\/index.php?rest_route=\/wp\/v2\/product"}],"about":[{"href":"https:\/\/cecitech.com\/index.php?rest_route=\/wp\/v2\/types\/product"}],"replies":[{"embeddable":true,"href":"https:\/\/cecitech.com\/index.php?rest_route=%2Fwp%2Fv2%2Fcomments&post=225"}],"wp:featuredmedia":[{"embeddable":true,"href":"https:\/\/cecitech.com\/index.php?rest_route=\/wp\/v2\/media\/1094"}],"wp:attachment":[{"href":"https:\/\/cecitech.com\/index.php?rest_route=%2Fwp%2Fv2%2Fmedia&parent=225"}],"wp:term":[{"taxonomy":"product_brand","embeddable":true,"href":"https:\/\/cecitech.com\/index.php?rest_route=%2Fwp%2Fv2%2Fproduct_brand&post=225"},{"taxonomy":"product_cat","embeddable":true,"href":"https:\/\/cecitech.com\/index.php?rest_route=%2Fwp%2Fv2%2Fproduct_cat&post=225"},{"taxonomy":"product_tag","embeddable":true,"href":"https:\/\/cecitech.com\/index.php?rest_route=%2Fwp%2Fv2%2Fproduct_tag&post=225"}],"curies":[{"name":"wp","href":"https:\/\/api.w.org\/{rel}","templated":true}]}}