{"id":214,"date":"2016-11-10T05:13:28","date_gmt":"2016-11-10T01:13:28","guid":{"rendered":"http:\/\/cecitech.com\/wp\/?post_type=product&#038;p=214"},"modified":"2023-07-03T10:42:02","modified_gmt":"2023-07-03T15:42:02","slug":"capot-acoustic-pour-imprimante-braille-index-everest","status":"publish","type":"product","link":"https:\/\/cecitech.com\/?product=capot-acoustic-pour-imprimante-braille-index-everest","title":{"rendered":"Capot Acoustic &#8211; Everest"},"content":{"rendered":"<h3 class=\"mttl\">Fonctionnalit\u00e9s<\/h3>\r\nLe capot insonorisant pour EVEREST, fabriqu\u00e9 par Index, est peu encombrant et r\u00e9duit le niveau sonore lors de l&#8217;embossage \u00e0 moins de 60 dB.\r\nIl est \u00e9quip\u00e9 d&rsquo;une ventilation forc\u00e9e permettant une production braille continue.\r\n<p class=\"ssttl\">Capot livr\u00e9 d\u00e9mont\u00e9.<\/p>\r\n\r\n<h3 class=\"mttl\">Caract\u00e9ristiques techniques<\/h3>\r\nDimensions : 67 x 40 x 68 cm","protected":false},"excerpt":{"rendered":"<h3>Le capot insonorisant pour EVEREST est peu encombrant et r\u00e9duit le niveau sonore lors de l&#8217;embossage \u00e0 moins de 60 dB.<\/h3>","protected":false},"featured_media":216,"comment_status":"closed","ping_status":"closed","template":"","meta":[],"product_brand":[],"product_cat":[30,36],"product_tag":[],"class_list":{"0":"post-214","1":"product","2":"type-product","3":"status-publish","4":"has-post-thumbnail","6":"product_cat-cecite","7":"product_cat-imprimantes-braille","9":"first","10":"instock","11":"taxable","12":"shipping-taxable","13":"product-type-simple"},"_links":{"self":[{"href":"https:\/\/cecitech.com\/index.php?rest_route=\/wp\/v2\/product\/214","targetHints":{"allow":["GET"]}}],"collection":[{"href":"https:\/\/cecitech.com\/index.php?rest_route=\/wp\/v2\/product"}],"about":[{"href":"https:\/\/cecitech.com\/index.php?rest_route=\/wp\/v2\/types\/product"}],"replies":[{"embeddable":true,"href":"https:\/\/cecitech.com\/index.php?rest_route=%2Fwp%2Fv2%2Fcomments&post=214"}],"wp:featuredmedia":[{"embeddable":true,"href":"https:\/\/cecitech.com\/index.php?rest_route=\/wp\/v2\/media\/216"}],"wp:attachment":[{"href":"https:\/\/cecitech.com\/index.php?rest_route=%2Fwp%2Fv2%2Fmedia&parent=214"}],"wp:term":[{"taxonomy":"product_brand","embeddable":true,"href":"https:\/\/cecitech.com\/index.php?rest_route=%2Fwp%2Fv2%2Fproduct_brand&post=214"},{"taxonomy":"product_cat","embeddable":true,"href":"https:\/\/cecitech.com\/index.php?rest_route=%2Fwp%2Fv2%2Fproduct_cat&post=214"},{"taxonomy":"product_tag","embeddable":true,"href":"https:\/\/cecitech.com\/index.php?rest_route=%2Fwp%2Fv2%2Fproduct_tag&post=214"}],"curies":[{"name":"wp","href":"https:\/\/api.w.org\/{rel}","templated":true}]}}