{"id":201,"date":"2016-11-10T03:25:28","date_gmt":"2016-11-09T23:25:28","guid":{"rendered":"http:\/\/cecitech.com\/wp\/?post_type=product&#038;p=201"},"modified":"2023-03-30T09:33:57","modified_gmt":"2023-03-30T14:33:57","slug":"index-basic-d-v4-imprimante-braille","status":"publish","type":"product","link":"https:\/\/cecitech.com\/?product=index-basic-d-v4-imprimante-braille","title":{"rendered":"INDEX Basic D V5 Imprimante Braille"},"content":{"rendered":"<h1 class=\"mttl\">Fonctionnalit\u00e9s<\/h1>\r\nL&rsquo;imprimante-embosseuse braille Basic-D est fabriqu\u00e9e par INDEX Braille.\r\n\r\nBest-seller depuis des ann\u00e9es, l&#8217;embosseuse Basic-D utilise du papier tract\u00e9 pour produire du braille de qualit\u00e9 en recto ou recto\/verso.\r\n<ul>\r\n \t<li>Format compact.<\/li>\r\n \t<li>140 caract\u00e8res par seconde.<\/li>\r\n \t<li>Impression \u00e0 partir d&rsquo;appareils portables.<\/li>\r\n \t<li>Panneau de commande en noir et braille.<\/li>\r\n \t<li>Tracteur auto-aliment\u00e9 : m\u00e9thode d&rsquo;alimentation du papier la plus fiable.<\/li>\r\n<\/ul>\r\n<h3><strong>25 ans d&rsquo;exp\u00e9rience<\/strong><\/h3>\r\nFid\u00e8le \u00e0 l&rsquo;ancien mod\u00e8le, la Basic-D pr\u00e9sente toujours un design compact, de puissantes fonctionnalit\u00e9s et une alimentation papier par tracteur auto-aliment\u00e9 ; mais d\u00e9sormais elle est disponible avec les derni\u00e8res possibilit\u00e9s Hi-Tech : connexion Wi-Fi, embossage depuis USB, impression braille \u00e0 partir d&rsquo;appareils mobiles&#8230;\r\n\r\nComme toujours, la Basic-D est :\r\n<ul>\r\n \t<li>facile \u00e0 utiliser ;<\/li>\r\n \t<li>con\u00e7ue pour durer ;<\/li>\r\n \t<li>inclut des fonctions d&rsquo;impression braille modernes ;<\/li>\r\n \t<li>offre de nombreuses options de service ;<\/li>\r\n \t<li>produit un braille de haute-qualit\u00e9.<\/li>\r\n<\/ul>\r\n<h3><strong>Une Basic-D encore plus performante<\/strong><\/h3>\r\nExt\u00e9rieurement, rien n&rsquo;a chang\u00e9. Mais la Basic-D V5 a \u00e9t\u00e9 mise \u00e0 jour pour inclure toutes les derni\u00e8res techniques de braille et de compatibilit\u00e9 avec les technologies grand public.\r\n<ul>\r\n \t<li>Plus rapide ;<\/li>\r\n \t<li>Wi-Fi ;<\/li>\r\n \t<li>\u00e9clairage LED ;<\/li>\r\n \t<li>conception plus propre ;<\/li>\r\n \t<li>connexion USB ;<\/li>\r\n \t<li>panneau de contr\u00f4le V5 ;<\/li>\r\n \t<li>retour vocal avec voix Acapela ;<\/li>\r\n \t<li>firmware 2.0 et sup\u00e9rieur.<\/li>\r\n<\/ul>\r\n<h3><strong>Param\u00e8tres r\u00e9gionaux<\/strong><\/h3>\r\nLa Basic-D V5 est livr\u00e9e pr\u00e9-param\u00e9tr\u00e9e selon le pays d&rsquo;achat, d&rsquo;apr\u00e8s 9 r\u00e9glages pr\u00e9-d\u00e9finis. Ces param\u00e9trages comprennent :\r\n<ul>\r\n \t<li>la langue de retour vocal ;<\/li>\r\n \t<li>la taille de papier ;<\/li>\r\n \t<li>le type d&rsquo;impression (recto_verso) ;<\/li>\r\n \t<li>la table de traduction braille (pour idB) ;<\/li>\r\n \t<li>la mise en page.<\/li>\r\n<\/ul>\r\n<h3><strong>Impression du braille vertical et horizontal<\/strong><\/h3>\r\nComme pour toute imprimante, le format standard d&rsquo;impression est d&rsquo;imprimer horizontalement sur la page pour cr\u00e9er un format portrait. Toutefois, gr\u00e2ce au concept \u00ab\u00a0Floating Dot Page\u00a0\u00bb d&rsquo;INDEX, il est possible d&rsquo;imprimer des points braille n&rsquo;importe o\u00f9 sur la page, et ceci tout en conservant la possibilit\u00e9 d&rsquo;imprimer en recto-verso.\r\n\r\nCette m\u00e9thode offre une souplesse qu&rsquo;aucune autre imprimante n&rsquo;est en mesure de proposer actuellement.\r\n<h3><strong>Un \u00e9clairage pour affiner la conception<\/strong><\/h3>\r\nLa lumi\u00e8re est un \u00e9l\u00e9ment important de la conception V5 des imprimantes INDEX, et la marque de son niveau de technologie. L&rsquo;\u00e9clairage est \u00e0 la fois un guide pour l&rsquo;utilisateur de l&rsquo;interface et un \u00e9l\u00e9ment design.\r\n<p class=\"ssttl\">Garantie 4 ans<\/p>\r\n\r\n<h1 class=\"mttl\">Caract\u00e9ristiques techniques<\/h1>\r\n<h3><strong>Braille<\/strong><\/h3>\r\n<ul>\r\n \t<li>Vitesse de gaufrage : 140 caract\u00e8res par seconde<\/li>\r\n \t<li>Recto simple : OUI<\/li>\r\n \t<li>Recto-verso : OUI<\/li>\r\n \t<li>Impression verticale (booklet) : OUI<\/li>\r\n \t<li>Interligne r\u00e9glable : OUI<\/li>\r\n \t<li>Taille de police braille : 2.2, 2.5, 3.2 mm<\/li>\r\n \t<li>R\u00e9solution tactile : 20 DPI<\/li>\r\n \t<li>M\u00e9thode d&#8217;embossage : 13 sol\u00e9no\u00efdes (marteaux) contre enclume acier<\/li>\r\n \t<li>Information additionnelle : Interpoint (braille standard) et interligne (police 2,2 mm) disponibles<\/li>\r\n<\/ul>\r\n<h3><strong>Communication<\/strong><\/h3>\r\n<ul>\r\n \t<li>USB : OUI<\/li>\r\n \t<li>Cl\u00e9 USB : OUI<\/li>\r\n \t<li>R\u00e9seau Wi-Fi : OUI<\/li>\r\n \t<li>R\u00e9seau filaire : OUI<\/li>\r\n \t<li>Bluetooth : OUI<\/li>\r\n \t<li>Compatibilit\u00e9 appareils mobiles : OUI<\/li>\r\n \t<li>Pilotes d&rsquo;imprimante Windows : OUI<\/li>\r\n \t<li>Pilotes d&rsquo;imprimante MAC : OUI<\/li>\r\n \t<li>Pilotes d&rsquo;imprimante Linux : OUI<\/li>\r\n \t<li>Interface Web : OUI<\/li>\r\n \t<li>Mise \u00e0 jour gratuite du logiciel usine : OUI<\/li>\r\n \t<li>Compatibilit\u00e9 idB : OUI<\/li>\r\n<\/ul>\r\n<h3><strong>Alimentation \u00e9lectrique<\/strong><\/h3>\r\n<ul>\r\n \t<li>Voltage : 100-240 VAC<\/li>\r\n \t<li>Puissance max : 140 W<\/li>\r\n \t<li>Consommation en veille : 5 W<\/li>\r\n \t<li>Mode \u00e9conomique : 0.05 W<\/li>\r\n \t<li>Alimentation commut\u00e9e : OUI<\/li>\r\n<\/ul>\r\n<h3><strong>G\u00e9n\u00e9ral<\/strong><\/h3>\r\n<ul>\r\n \t<li>Garantie : 4 ans<\/li>\r\n \t<li>Fabricant : INDEX Braille \/ Su\u00e8de<\/li>\r\n<\/ul>\r\n<h3><strong>Dimensions<\/strong><\/h3>\r\n<ul>\r\n \t<li>Hauteur : 13 cm<\/li>\r\n \t<li>Largeur : 52 cm<\/li>\r\n \t<li>Profondeur : 26 cm<\/li>\r\n \t<li>Poids : 7,6 kg<\/li>\r\n \t<li>Volume : 17,58 dm3<\/li>\r\n \t<li>Niveau de bruit : 80 dB(A)<\/li>\r\n \t<li>Niveau de bruit sous capot acoustique : 63 dB(A)<\/li>\r\n<\/ul>\r\n<h3><strong>Papier<\/strong><\/h3>\r\n<ul>\r\n \t<li>Alimentation tracteur : OUI<\/li>\r\n \t<li>Grammage papier : 120-180 g\/m\u00b2<\/li>\r\n \t<li>Largeur papier : 100-230 mm<\/li>\r\n \t<li>Longueur papier : 25-431 mm<\/li>\r\n \t<li>Taille de papier ajustable : OUI<\/li>\r\n<\/ul>\r\n\r\n<hr \/>\r\n\r\nTelecharger le manuel: <a href=\"http:\/\/cecitech.com\/wp-content\/uploads\/2016\/11\/Index-V5-FR.pdf\">Index V5 &#8211; FR<\/a>\r\n\r\n<hr \/>\r\n\r\n&nbsp;","protected":false},"excerpt":{"rendered":"<form id=\"product_addtocart_form\" action=\"https:\/\/www.ceciaa.com\/checkout\/cart\/add\/uenc\/aHR0cHM6Ly93d3cuY2VjaWFhLmNvbS9pbXByaW1hbnRlLWJyYWlsbGUtaW5kZXgtYmFzaWMtZC12NS5odG1sP19fX1NJRD1V\/product\/1407\/form_key\/c2lJMcAL5RSSes66\/\" method=\"post\">\r\n<div class=\"short-description\">\r\n<div class=\"std\">\r\n<h3>L&#8217;embosseuse INDEX Basic-D est l&rsquo;une des rares imprimantes braille portable. Sa conception et sa l\u00e9g\u00e8ret\u00e9 en font un produit unique.<\/h3>\r\n<\/div>\r\n<div class=\"addthis_inline_share_toolbox_1ej1\"><\/div>\r\n<\/div>\r\n<div class=\"clearer\"><\/div>\r\n<\/form>\r\n<div class=\"products-reassurance_container\"><\/div>","protected":false},"featured_media":202,"comment_status":"closed","ping_status":"closed","template":"","meta":[],"product_brand":[],"product_cat":[30,36],"product_tag":[],"class_list":{"0":"post-201","1":"product","2":"type-product","3":"status-publish","4":"has-post-thumbnail","6":"product_cat-cecite","7":"product_cat-imprimantes-braille","9":"first","10":"instock","11":"taxable","12":"shipping-taxable","13":"product-type-simple"},"_links":{"self":[{"href":"https:\/\/cecitech.com\/index.php?rest_route=\/wp\/v2\/product\/201","targetHints":{"allow":["GET"]}}],"collection":[{"href":"https:\/\/cecitech.com\/index.php?rest_route=\/wp\/v2\/product"}],"about":[{"href":"https:\/\/cecitech.com\/index.php?rest_route=\/wp\/v2\/types\/product"}],"replies":[{"embeddable":true,"href":"https:\/\/cecitech.com\/index.php?rest_route=%2Fwp%2Fv2%2Fcomments&post=201"}],"wp:featuredmedia":[{"embeddable":true,"href":"https:\/\/cecitech.com\/index.php?rest_route=\/wp\/v2\/media\/202"}],"wp:attachment":[{"href":"https:\/\/cecitech.com\/index.php?rest_route=%2Fwp%2Fv2%2Fmedia&parent=201"}],"wp:term":[{"taxonomy":"product_brand","embeddable":true,"href":"https:\/\/cecitech.com\/index.php?rest_route=%2Fwp%2Fv2%2Fproduct_brand&post=201"},{"taxonomy":"product_cat","embeddable":true,"href":"https:\/\/cecitech.com\/index.php?rest_route=%2Fwp%2Fv2%2Fproduct_cat&post=201"},{"taxonomy":"product_tag","embeddable":true,"href":"https:\/\/cecitech.com\/index.php?rest_route=%2Fwp%2Fv2%2Fproduct_tag&post=201"}],"curies":[{"name":"wp","href":"https:\/\/api.w.org\/{rel}","templated":true}]}}