{"id":197,"date":"2016-11-10T03:15:12","date_gmt":"2016-11-09T23:15:12","guid":{"rendered":"http:\/\/cecitech.com\/wp\/?post_type=product&#038;p=197"},"modified":"2023-07-05T06:48:20","modified_gmt":"2023-07-05T11:48:20","slug":"tapis-pour-machine-perkins","status":"publish","type":"product","link":"https:\/\/cecitech.com\/?product=tapis-pour-machine-perkins","title":{"rendered":"Tapis pour machine Perkins"},"content":{"rendered":"<h3 class=\"mttl\">Fonctionnalit\u00e9s<\/h3>\r\n<ul class=\"lst_product\">\r\n \t<li>Tapis destin\u00e9 \u00e0 r\u00e9duire le bruit de la machine \u00e0 \u00e9crire Perkins.<\/li>\r\n \t<li>Se pose en dessous de la machine pour att\u00e9nuer le bruit lors de son utilisation.<\/li>\r\n<\/ul>","protected":false},"excerpt":{"rendered":"<h3>Tapis r\u00e9duisant le bruit de la machine \u00e0 \u00e9crire Perkins.<\/h3>","protected":false},"featured_media":198,"comment_status":"closed","ping_status":"closed","template":"","meta":[],"product_brand":[],"product_cat":[30,36],"product_tag":[],"class_list":{"0":"post-197","1":"product","2":"type-product","3":"status-publish","4":"has-post-thumbnail","6":"product_cat-cecite","7":"product_cat-imprimantes-braille","9":"first","10":"instock","11":"taxable","12":"shipping-taxable","13":"product-type-simple"},"_links":{"self":[{"href":"https:\/\/cecitech.com\/index.php?rest_route=\/wp\/v2\/product\/197","targetHints":{"allow":["GET"]}}],"collection":[{"href":"https:\/\/cecitech.com\/index.php?rest_route=\/wp\/v2\/product"}],"about":[{"href":"https:\/\/cecitech.com\/index.php?rest_route=\/wp\/v2\/types\/product"}],"replies":[{"embeddable":true,"href":"https:\/\/cecitech.com\/index.php?rest_route=%2Fwp%2Fv2%2Fcomments&post=197"}],"wp:featuredmedia":[{"embeddable":true,"href":"https:\/\/cecitech.com\/index.php?rest_route=\/wp\/v2\/media\/198"}],"wp:attachment":[{"href":"https:\/\/cecitech.com\/index.php?rest_route=%2Fwp%2Fv2%2Fmedia&parent=197"}],"wp:term":[{"taxonomy":"product_brand","embeddable":true,"href":"https:\/\/cecitech.com\/index.php?rest_route=%2Fwp%2Fv2%2Fproduct_brand&post=197"},{"taxonomy":"product_cat","embeddable":true,"href":"https:\/\/cecitech.com\/index.php?rest_route=%2Fwp%2Fv2%2Fproduct_cat&post=197"},{"taxonomy":"product_tag","embeddable":true,"href":"https:\/\/cecitech.com\/index.php?rest_route=%2Fwp%2Fv2%2Fproduct_tag&post=197"}],"curies":[{"name":"wp","href":"https:\/\/api.w.org\/{rel}","templated":true}]}}