{"id":192,"date":"2016-11-10T03:10:24","date_gmt":"2016-11-09T23:10:24","guid":{"rendered":"http:\/\/cecitech.com\/wp\/?post_type=product&#038;p=192"},"modified":"2023-07-05T06:53:07","modified_gmt":"2023-07-05T11:53:07","slug":"192","status":"publish","type":"product","link":"https:\/\/cecitech.com\/?product=192","title":{"rendered":"Sacoche pour machine Perkins"},"content":{"rendered":"<h3 class=\"mttl\">Fonctionnalit\u00e9s<\/h3>\r\nSacoche avec bandouli\u00e8re pour le transport de la Perkins.\r\n<ul class=\"lst_product\">\r\n \t<li>Mati\u00e8re r\u00e9sistante \u00e0 l\u2019eau, l\u00e9g\u00e8re et finition soign\u00e9e.<\/li>\r\n \t<li>Ouverture sur trois c\u00f4t\u00e9s pour permettre de ranger ais\u00e9ment la Perkins.<\/li>\r\n<\/ul>","protected":false},"excerpt":{"rendered":"<h3>Sacoche avec bandouli\u00e8re pour le transport de la Perkins.<\/h3>","protected":false},"featured_media":193,"comment_status":"closed","ping_status":"closed","template":"","meta":[],"product_brand":[],"product_cat":[30,36],"product_tag":[],"class_list":{"0":"post-192","1":"product","2":"type-product","3":"status-publish","4":"has-post-thumbnail","6":"product_cat-cecite","7":"product_cat-imprimantes-braille","9":"first","10":"instock","11":"taxable","12":"shipping-taxable","13":"product-type-simple"},"_links":{"self":[{"href":"https:\/\/cecitech.com\/index.php?rest_route=\/wp\/v2\/product\/192","targetHints":{"allow":["GET"]}}],"collection":[{"href":"https:\/\/cecitech.com\/index.php?rest_route=\/wp\/v2\/product"}],"about":[{"href":"https:\/\/cecitech.com\/index.php?rest_route=\/wp\/v2\/types\/product"}],"replies":[{"embeddable":true,"href":"https:\/\/cecitech.com\/index.php?rest_route=%2Fwp%2Fv2%2Fcomments&post=192"}],"wp:featuredmedia":[{"embeddable":true,"href":"https:\/\/cecitech.com\/index.php?rest_route=\/wp\/v2\/media\/193"}],"wp:attachment":[{"href":"https:\/\/cecitech.com\/index.php?rest_route=%2Fwp%2Fv2%2Fmedia&parent=192"}],"wp:term":[{"taxonomy":"product_brand","embeddable":true,"href":"https:\/\/cecitech.com\/index.php?rest_route=%2Fwp%2Fv2%2Fproduct_brand&post=192"},{"taxonomy":"product_cat","embeddable":true,"href":"https:\/\/cecitech.com\/index.php?rest_route=%2Fwp%2Fv2%2Fproduct_cat&post=192"},{"taxonomy":"product_tag","embeddable":true,"href":"https:\/\/cecitech.com\/index.php?rest_route=%2Fwp%2Fv2%2Fproduct_tag&post=192"}],"curies":[{"name":"wp","href":"https:\/\/api.w.org\/{rel}","templated":true}]}}